{"id":10527,"date":"2019-10-04T01:11:26","date_gmt":"2019-10-04T08:11:26","guid":{"rendered":"https:\/\/demo.ezzysales.com\/expedition\/common-myths\/"},"modified":"2019-10-04T01:30:24","modified_gmt":"2019-10-04T08:30:24","slug":"common-myths","status":"publish","type":"page","link":"https:\/\/expeditionmotorhomes.com\/es\/common-myths\/","title":{"rendered":"Mitos comunes?"},"content":{"rendered":"\n<h2 class=\"wp-block-heading\">Mitos comunes sobre el alquiler de veh\u00edculos recreativos<\/h2>\n\n\n\n<ol class=\"wp-block-list\"><li> Los veh\u00edculos recreativos son como su hogar o un hotel sobre ruedas. <ul type=\"a\"><li>Falso. Si bien los veh\u00edculos recreativos tienen muchas de las caracter\u00edsticas que los hogares y hoteles tienen, estas caracter\u00edsticas son m\u00e1s peque\u00f1as y tienen menos capacidad. RV es m\u00e1s como un camping de lujo que como un hotel. <\/li><\/ul><\/li><li> Alquilar una casa rodante es m\u00e1s caro que una habitaci\u00f3n de hotel <ul type=\"a\"><li>Principalmente falso. En general, hay muchos hoteles en ciudades que son m\u00e1s baratos que la tarifa de una noche en un RV alquilado. Sin embargo, hay 2 situaciones en las que las tarifas de alquiler por noche de RV son m\u00e1s baratas que los hoteles cercanos:<ol><li>Los hoteles dentro o cerca de parques nacionales y parques estatales son extremadamente caros, casi siempre m\u00e1s que la tarifa de una noche de RV;<\/li><li>Las familias de m\u00e1s de 4 personas a menudo necesitar\u00e1n al menos 2 habitaciones de hotel, mientras que un RV puede alojar hasta 10 personas. Ese Rv individual es bastante menos costoso que 2 o 3 habitaciones de hotel. Adem\u00e1s, los hoteles que permiten mascotas a menudo cobran una tarifa extra por noche que hace que la habitaci\u00f3n sea m\u00e1s cara que un RV que admite mascotas. <\/li><\/ol><\/li><\/ul><\/li><li> Puedo acampar casi en cualquier lugar. Tengo todo en el RV. <ul type=\"a\"><li>A menudo falso. Debido a que es aut\u00f3nomo, puede acampar en cualquier lugar, pero muchos lugares, como los estacionamientos de centros comerciales y las paradas de descanso, lo proh\u00edben o no son seguros. Los parques nacionales y estatales solo permiten acampar en campamentos oficiales. <\/li><\/ul><\/li><li> Conducir un RV es muy dif\u00edcil, especialmente para personas de baja estatura o mayores. <ul type=\"a\"><li>Falso. Millones de personas de todas las edades y tama\u00f1os conducen con frecuencia incluso los veh\u00edculos recreativos m\u00e1s grandes. Se necesita un poco de entrenamiento y unos minutos de pr\u00e1ctica. Entonces cualquiera puede hacerlo. Una buena compa\u00f1\u00eda de alquiler le ofrecer\u00e1 capacitaci\u00f3n y una prueba de manejo.<\/li><\/ul><\/li><li> RV significa vacaciones arruinadas! <ul type=\"a\"><li>Falso. Sin embargo, el RV equivocado puede arruinar tus vacaciones. Una buena compa\u00f1\u00eda de alquiler lo ayudar\u00e1 a seleccionar el RV adecuado para sus necesidades y habilidades. Tambi\u00e9n lo entrenar\u00e1n, lo apoyar\u00e1n las 24 horas del d\u00eda, los 7 d\u00edas de la semana durante su viaje, y lo tratar\u00e1n de manera justa si accidentalmente causa da\u00f1os. <\/li><\/ul><\/li><li> Puedo descubrir c\u00f3mo operar un RV. No necesito ning\u00fan entrenamiento. <ul type=\"a\"><li>Generalmente falso Es posible que pueda descubrir c\u00f3mo operar los sistemas en un RV, seguro. Pero sin capacitaci\u00f3n no siempre sabr\u00e1 cu\u00e1ndo o por qu\u00e9 operar los sistemas. Por ejemplo, no sabr\u00e1 c\u00f3mo recargar las bater\u00edas o qu\u00e9 capacidad tienen los tanques de agua.<\/li><\/ul><\/li><li> Los veh\u00edculos recreativos son consumidores de gas. <ul type=\"a\"><li>A veces cierto. Pero, en general, la gente a menudo se sorprende de que incluso los m\u00e1s grandes obtengan un mejor rendimiento del combustible de lo que pensaban. Para ser honesto, la econom\u00eda de combustible est\u00e1 m\u00e1s directamente relacionada con sus h\u00e1bitos de manejo, el peso de la carga y el terreno donde conduce. Por ejemplo, conducir a 70 mph en lugar de 60 mph reduce la eficiencia de combustible en aproximadamente un 15%.<\/li><\/ul><\/li><li> Todos los veh\u00edculos recreativos y los concesionarios de alquiler son iguales <ul type=\"a\"><li>Grande y gordo FALSO. Los buenos concesionarios de alquiler son dif\u00edciles de encontrar. En general, los buenos concesionarios de alquiler han estado en el negocio a tiempo completo durante m\u00e1s de 3 a\u00f1os, tienen una ubicaci\u00f3n f\u00edsica real, tienen una calificaci\u00f3n de &#8220;4&#8221; o mejor en l\u00ednea con m\u00e1s de 25 revisiones. Casi siempre son miembros actuales de RVDA, RVIA o RVRD, y han sido capacitados por la RV Rental School. Si la persona o empresa que est\u00e1 considerando no cumple con estos est\u00e1ndares, tenga cuidado. Es posible que desee seguir buscando.<\/li><\/ul><\/li><li> Las casas rodantes alquiladas son destruidas y maltratadas. Entonces no alquilar\u00e9 uno. <ul type=\"a\"><li>Falso. La mayor\u00eda de las unidades de alquiler tienen menos de 2 o 3 a\u00f1os y se han mantenido bien. Los operadores de alquiler en su mayor parte hacen mantenimiento regularmente. Tampoco quieren que te rompas. Es muy costoso para ellos rectificar. Si no est\u00e1 seguro, vaya a la empresa de alquiler y recorra su lote y flota. Si est\u00e1 organizado y limpio y probablemente est\u00e9n bien. Si ve unidades da\u00f1adas, unidades sucias o manchas de aceite en el suelo, puede seguir buscando.<\/li><\/ul><\/li><li> Los cargos ocultos aumentan el costo real de alquilar una casa rodante. <ul type=\"a\"><li>Cierto. Algunos operadores de alquiler e individuos fijan deliberadamente el precio de su RV por adelantado para obtener el alquiler, y agregan cargos adicionales al final cuando regresa. Entonces lea sus contratos cuidadosamente. Busque tarifas adicionales comunes como: tarifa de preparaci\u00f3n, tarifas de seguro, tarifa de limpieza, tarifa de millas adicionales, tarifas por hora de reparaci\u00f3n de da\u00f1os, tarifa de llenado de combustible y tarifa de descarga. Aseg\u00farese de pedir un precio &#8220;fuera de la puerta&#8221; por adelantado cuando realice la reserva y obtenga una lista detallada por escrito de lo que incluye ese precio. Pueden ser honorarios muy justificados, solo desea saber de antemano.<\/li><\/ul><\/li><li> Los inquilinos a menudo son acusados \u200b\u200bpor da\u00f1os que no hicieron.<ul type=\"a\"><li>A veces cierto. Esto sucede a menudo no porque el operador de alquiler est\u00e9 tratando de estafarlo, sino porque no hay un buen registro de la condici\u00f3n del RV cuando lo recogi\u00f3. Es dif\u00edcil documentar todos los da\u00f1os si el operador no repara a todos a medida que surgen. Para evitar este problema, tome videos o tome muchas fotos de la autocaravana por dentro y por fuera, y p\u00eddale al operador que haga lo mismo. Mantenga su propio registro, no conf\u00ede \u00fanicamente en el de ellos. Cuantos m\u00e1s videos o fotos, mejor. Las reparaciones de da\u00f1os en veh\u00edculos recreativos son muy caras.<\/li><\/ul><\/li><\/ol>\n","protected":false},"excerpt":{"rendered":"Mitos comunes sobre el alquiler de veh\u00edculos recreativos Los veh\u00edculos&#8230;","protected":false},"author":15,"featured_media":0,"parent":0,"menu_order":0,"comment_status":"closed","ping_status":"closed","template":"pagetemplate\/innerpage.php","meta":{"_acf_changed":false,"content-type":"","footnotes":""},"class_list":["post-10527","page","type-page","status-publish","hentry"],"acf":[],"yoast_head":"<!-- This site is optimized with the Yoast SEO plugin v22.1 - https:\/\/yoast.com\/wordpress\/plugins\/seo\/ -->\n<title>Mitos comunes? - Expedition Motor Homes<\/title>\n<meta name=\"robots\" content=\"index, follow, max-snippet:-1, max-image-preview:large, max-video-preview:-1\" \/>\n<link rel=\"canonical\" href=\"https:\/\/expeditionmotorhomes.com\/common-myths\/\" \/>\n<meta property=\"og:locale\" content=\"es_ES\" \/>\n<meta property=\"og:type\" content=\"article\" \/>\n<meta property=\"og:title\" content=\"Mitos comunes? - Expedition Motor Homes\" \/>\n<meta property=\"og:description\" content=\"Mitos comunes sobre el alquiler de veh\u00edculos recreativos Los veh\u00edculos...\" \/>\n<meta property=\"og:url\" content=\"https:\/\/expeditionmotorhomes.com\/common-myths\/\" \/>\n<meta property=\"og:site_name\" content=\"Expedition Motor Homes\" \/>\n<meta property=\"article:modified_time\" content=\"2019-10-04T08:30:24+00:00\" \/>\n<meta name=\"twitter:label1\" content=\"Est. reading time\" \/>\n\t<meta name=\"twitter:data1\" content=\"5 minutes\" \/>\n<script type=\"application\/ld+json\" class=\"yoast-schema-graph\">{\"@context\":\"https:\/\/schema.org\",\"@graph\":[{\"@type\":\"WebPage\",\"@id\":\"https:\/\/expeditionmotorhomes.com\/common-myths\/\",\"url\":\"https:\/\/expeditionmotorhomes.com\/common-myths\/\",\"name\":\"Mitos comunes? - Expedition Motor Homes\",\"isPartOf\":{\"@id\":\"https:\/\/demo.ezzysales.com\/expedition\/#website\"},\"datePublished\":\"2019-10-04T08:11:26+00:00\",\"dateModified\":\"2019-10-04T08:30:24+00:00\",\"breadcrumb\":{\"@id\":\"https:\/\/expeditionmotorhomes.com\/common-myths\/#breadcrumb\"},\"inLanguage\":\"es-ES\",\"potentialAction\":[{\"@type\":\"ReadAction\",\"target\":[\"https:\/\/expeditionmotorhomes.com\/common-myths\/\"]}]},{\"@type\":\"BreadcrumbList\",\"@id\":\"https:\/\/expeditionmotorhomes.com\/common-myths\/#breadcrumb\",\"itemListElement\":[{\"@type\":\"ListItem\",\"position\":1,\"name\":\"Home\",\"item\":\"https:\/\/expeditionmotorhomes.com\/es\/\"},{\"@type\":\"ListItem\",\"position\":2,\"name\":\"Mitos comunes?\"}]},{\"@type\":\"WebSite\",\"@id\":\"https:\/\/demo.ezzysales.com\/expedition\/#website\",\"url\":\"https:\/\/demo.ezzysales.com\/expedition\/\",\"name\":\"Expedition Motor Homes\",\"description\":\"\",\"publisher\":{\"@id\":\"https:\/\/demo.ezzysales.com\/expedition\/#organization\"},\"potentialAction\":[{\"@type\":\"SearchAction\",\"target\":{\"@type\":\"EntryPoint\",\"urlTemplate\":\"https:\/\/demo.ezzysales.com\/expedition\/?s={search_term_string}\"},\"query-input\":\"required name=search_term_string\"}],\"inLanguage\":\"es-ES\"},{\"@type\":\"Organization\",\"@id\":\"https:\/\/demo.ezzysales.com\/expedition\/#organization\",\"name\":\"Expedition Motor Homes\",\"url\":\"https:\/\/demo.ezzysales.com\/expedition\/\",\"logo\":{\"@type\":\"ImageObject\",\"inLanguage\":\"es-ES\",\"@id\":\"https:\/\/demo.ezzysales.com\/expedition\/#\/schema\/logo\/image\/\",\"url\":\"\",\"contentUrl\":\"\",\"caption\":\"Expedition Motor Homes\"},\"image\":{\"@id\":\"https:\/\/demo.ezzysales.com\/expedition\/#\/schema\/logo\/image\/\"}}]}<\/script>\n<!-- \/ Yoast SEO plugin. -->","yoast_head_json":{"title":"Mitos comunes? - Expedition Motor Homes","robots":{"index":"index","follow":"follow","max-snippet":"max-snippet:-1","max-image-preview":"max-image-preview:large","max-video-preview":"max-video-preview:-1"},"canonical":"https:\/\/expeditionmotorhomes.com\/common-myths\/","og_locale":"es_ES","og_type":"article","og_title":"Mitos comunes? - Expedition Motor Homes","og_description":"Mitos comunes sobre el alquiler de veh\u00edculos recreativos Los veh\u00edculos...","og_url":"https:\/\/expeditionmotorhomes.com\/common-myths\/","og_site_name":"Expedition Motor Homes","article_modified_time":"2019-10-04T08:30:24+00:00","twitter_misc":{"Est. reading time":"5 minutes"},"schema":{"@context":"https:\/\/schema.org","@graph":[{"@type":"WebPage","@id":"https:\/\/expeditionmotorhomes.com\/common-myths\/","url":"https:\/\/expeditionmotorhomes.com\/common-myths\/","name":"Mitos comunes? - Expedition Motor Homes","isPartOf":{"@id":"https:\/\/demo.ezzysales.com\/expedition\/#website"},"datePublished":"2019-10-04T08:11:26+00:00","dateModified":"2019-10-04T08:30:24+00:00","breadcrumb":{"@id":"https:\/\/expeditionmotorhomes.com\/common-myths\/#breadcrumb"},"inLanguage":"es-ES","potentialAction":[{"@type":"ReadAction","target":["https:\/\/expeditionmotorhomes.com\/common-myths\/"]}]},{"@type":"BreadcrumbList","@id":"https:\/\/expeditionmotorhomes.com\/common-myths\/#breadcrumb","itemListElement":[{"@type":"ListItem","position":1,"name":"Home","item":"https:\/\/expeditionmotorhomes.com\/es\/"},{"@type":"ListItem","position":2,"name":"Mitos comunes?"}]},{"@type":"WebSite","@id":"https:\/\/demo.ezzysales.com\/expedition\/#website","url":"https:\/\/demo.ezzysales.com\/expedition\/","name":"Expedition Motor Homes","description":"","publisher":{"@id":"https:\/\/demo.ezzysales.com\/expedition\/#organization"},"potentialAction":[{"@type":"SearchAction","target":{"@type":"EntryPoint","urlTemplate":"https:\/\/demo.ezzysales.com\/expedition\/?s={search_term_string}"},"query-input":"required name=search_term_string"}],"inLanguage":"es-ES"},{"@type":"Organization","@id":"https:\/\/demo.ezzysales.com\/expedition\/#organization","name":"Expedition Motor Homes","url":"https:\/\/demo.ezzysales.com\/expedition\/","logo":{"@type":"ImageObject","inLanguage":"es-ES","@id":"https:\/\/demo.ezzysales.com\/expedition\/#\/schema\/logo\/image\/","url":"","contentUrl":"","caption":"Expedition Motor Homes"},"image":{"@id":"https:\/\/demo.ezzysales.com\/expedition\/#\/schema\/logo\/image\/"}}]}},"post_mailing_queue_ids":[],"_links":{"self":[{"href":"https:\/\/expeditionmotorhomes.com\/es\/wp-json\/wp\/v2\/pages\/10527","targetHints":{"allow":["GET"]}}],"collection":[{"href":"https:\/\/expeditionmotorhomes.com\/es\/wp-json\/wp\/v2\/pages"}],"about":[{"href":"https:\/\/expeditionmotorhomes.com\/es\/wp-json\/wp\/v2\/types\/page"}],"author":[{"embeddable":true,"href":"https:\/\/expeditionmotorhomes.com\/es\/wp-json\/wp\/v2\/users\/15"}],"replies":[{"embeddable":true,"href":"https:\/\/expeditionmotorhomes.com\/es\/wp-json\/wp\/v2\/comments?post=10527"}],"version-history":[{"count":1,"href":"https:\/\/expeditionmotorhomes.com\/es\/wp-json\/wp\/v2\/pages\/10527\/revisions"}],"predecessor-version":[{"id":10529,"href":"https:\/\/expeditionmotorhomes.com\/es\/wp-json\/wp\/v2\/pages\/10527\/revisions\/10529"}],"wp:attachment":[{"href":"https:\/\/expeditionmotorhomes.com\/es\/wp-json\/wp\/v2\/media?parent=10527"}],"curies":[{"name":"wp","href":"https:\/\/api.w.org\/{rel}","templated":true}]}}