{"id":2689,"date":"2015-03-13T16:19:04","date_gmt":"2015-03-13T16:19:04","guid":{"rendered":"https:\/\/demo.ezzysales.com\/expedition\/\/?page_id=2689"},"modified":"2015-03-24T12:23:46","modified_gmt":"2015-03-24T19:23:46","slug":"pagina-principal","status":"publish","type":"page","link":"https:\/\/expeditionmotorhomes.com\/es\/","title":{"rendered":"P\u00e1gina principal"},"content":{"rendered":"<h1>Expeditions Motorhomes &#8211; Su renta de casa remolque en California<\/h1>\r\n<div class=\"hidden-xs\" style=\"float: right; margin: 0 0 15px 50px;\"><script src=\"http:\/\/videoplayer.turnhere.com\/player.js?width=400&amp;height=225&amp;embedCode=Jld2Nhbjq_HLZ_Z_rISzy6nWk0HUbjCo&amp;autoplay=0\"><\/script><noscript><object classid=\"clsid:D27CDB6E-AE6D-11cf-96B8-444553540000\"                        id=\"ooyalaPlayer_72c6_gjet6vjx\" style=\"margin: 10px auto;\" width=\"400\" height=\"225\"                        codebase=\"http:\/\/fpdownload.macromedia.com\/get\/flashplayer\/current\/swflash.cab\"><param name=\"movie\" value=\"http:\/\/videoplayer.turnhere.com\/player.swf?embedCode=Jld2Nhbjq_HLZ_Z_rISzy6nWk0HUbjCo=2\" \/><param name=\"bgcolor\" value=\"#000000\" \/><param name=\"allowScriptAccess\" value=\"always\" \/><param name=\"allowFullScreen\" value=\"true\" \/><param name=\"flashvars\" value=\"embedType=noscriptObjectTag&#038;embedCode=Jld2Nhbjq_HLZ_Z_rISzy6nWk0HUbjCo&#038;autoplay=0\" \/><embed                    src=\"http:\/\/videoplayer.turnhere.com\/player.swf\/player.swf?embedCode=Jld2Nhbjq_HLZ_Z_rISzy6nWk0HUbjCo&#038;version=2\"                    bgcolor=\"#000000\" width=\"640\" height=\"360\"                    name=\"ooyalaPlayer_72c6_gjet6vjx\" align=\"middle\" play=\"true\"                    loop=\"false\" allowscriptaccess=\"always\" allowfullscreen=\"true\"                    type=\"application\/x-shockwave-flash\"                    flashvars=\"&#038;embedCode=Jld2Nhbjq_HLZ_Z_rISzy6nWk0HUbjCo&#038;autoplay=0\"                    pluginspage=\"http:\/\/www.adobe.com\/go\/getflashplayer\"><\/embed><\/object><\/noscript><\/div>\r\n<p id=\"tw-target-text\" class=\"tw-data-text vk_txt tw-ta tw-text-small\" dir=\"ltr\" data-placeholder=\"Traducci\u00f3n\">Nuestros precios de alquiler de veh\u00edculos recreacionales son\u00a0imbatibles \u00a0y nuestra calidad unidades en propiedad privada es est\u00e1ndar para la industria. Estamos a pocos minutos del aeropuerto internacional de Los \u00c1ngeles, Ll\u00e1menos HOY !! Tenemos todos los \u00faltimos modelos y m\u00e1s grandes casas rodantes y remolques de viaje, incluyendo\u00a0TOY HAULERS y tambi\u00e9n FUN MOVERS!!<\/p>\r\n\r\n<ul>\r\n\t<li>\r\n<p class=\"r\"><span style=\"color: #000000;\">Disposici\u00f3n de entrega o busqueda en su hogar u oficina<\/span><\/p>\r\n<\/li>\r\n\t<li><span style=\"color: #000000;\">Disponible servicio de bienvenida y retorno\u00a0<\/span><\/li>\r\n<\/ul>\r\n<h2>WiFi Gratuito disponible en todas nuestras Rvs!<\/h2>\r\nAhora los hotspots port\u00e1tiles est\u00e1n disponibles con todos los alquileres de RV ! Simplemente diga &#8220;Wi &#8211; Fi me!&#8221; y lo pondremos en contacto gracias a la conexi\u00f3n en l\u00ednea que se encuentra en un \u00e1rea de cobertura de maxima velocidad. Por \u00a0si desea mantenerse en contacto con sus seres queridos, mantenerse entretenido o buscar direcciones importantes durante paseos largos, nuestro WiFi gratuito har\u00e1 que su viaje mucho m\u00e1s conveniente . Expedition Motor Homes &amp; 1st Choice RV son los \u00fanicos distribuidores de alquiler de RV al oeste del Mississipi que ayudan a mantenerse conectado mientras hace su trayecto por la carretera! \u00bfQuieres saber m\u00e1s acerca de las caracter\u00edsticas exclusivas que nadie m\u00e1s ofrece?\r\n<p style=\"text-align: center;\"><a class=\"btn green collapse-next\" onclick=\"__gaTracker('send', 'event', { eventCategory: 'homepage-btn', eventAction: 'click', eventLabel: 'read-more'});\" data-less=\"Read less\">Leer\u00a0 m\u00e1s<\/a> <a class=\"btn yellow\" onclick=\"__gaTracker('send', 'event', { eventCategory: 'homepage-btn', eventAction: 'click', eventLabel: 'book-now-2'});\" href=\"https:\/\/expeditionmotorhomes.com\/reservations\/\">Registrate!<\/a> <a class=\"btn green\" onclick=\"__gaTracker('send', 'event', { eventCategory: 'homepage-btn', eventAction: 'click', eventLabel: 'contact-us'});\" href=\"https:\/\/expeditionmotorhomes.com\/es\/contact-us\/\">Cont\u00e1ctanos<\/a><\/p>\r\n\r\n<div class=\"collapse-me\">\r\n<h2>Mejor que la competencia<\/h2>\r\n<p id=\"tw-target-text\" class=\"tw-data-text vk_txt tw-ta tw-text-small\" dir=\"ltr\" data-placeholder=\"Traducci\u00f3n\">A diferencia de muchos de nuestros competidores, que siguen las pr\u00e1cticas de alquiler de autos de sobrereserva y que le promete &#8220;Lo que queda en el almacen&#8221; cuando llegue. Nosotros vamos a reservar una unidad espec\u00edfica para sus vacaciones. Usted puede estar tranquilo sabiendo que el veh\u00edculo recreativo que ha reservado es el que estar\u00e1 esperando a su llegada . En el improbable caso que la RV no est\u00e1 disponible (por un accidente o eventos fuera de nuestro control) le actualizamos el proceso sin costo adicional.<\/p>\r\n<p class=\"tw-data-text vk_txt tw-ta tw-text-small\" dir=\"ltr\" data-placeholder=\"Traducci\u00f3n\">Asi que le invitamos a visitarnos! Queda de\u00a0parte nuestra, elegir su alquiler de veh\u00edculo de recreo, y a usted prep\u00e1rarse para el viaje de su vida ! Si usted tiene un RV y est\u00e1 pensando en alquilarlo, ac\u00e9rquese a nuestra oficina para indicarle el proceso.<\/p>\r\n\r\n<\/div>","protected":false},"excerpt":{"rendered":"Expeditions Motorhomes &#8211; Su renta de casa remolque en California&#8230;","protected":false},"author":15,"featured_media":0,"parent":0,"menu_order":0,"comment_status":"open","ping_status":"open","template":"","meta":{"_acf_changed":false,"content-type":"","footnotes":""},"class_list":["post-2689","page","type-page","status-publish","hentry"],"acf":[],"yoast_head":"<!-- This site is optimized with the Yoast SEO plugin v22.1 - https:\/\/yoast.com\/wordpress\/plugins\/seo\/ -->\n<title>P\u00e1gina principal - Expedition Motor Homes<\/title>\n<meta name=\"robots\" content=\"index, follow, max-snippet:-1, max-image-preview:large, max-video-preview:-1\" \/>\n<link rel=\"canonical\" href=\"https:\/\/expeditionmotorhomes.com\/es\/\" \/>\n<meta property=\"og:locale\" content=\"es_ES\" \/>\n<meta property=\"og:type\" content=\"article\" \/>\n<meta property=\"og:title\" content=\"P\u00e1gina principal - Expedition Motor Homes\" \/>\n<meta property=\"og:description\" content=\"Expeditions Motorhomes &#8211; Su renta de casa remolque en California...\" \/>\n<meta property=\"og:url\" content=\"https:\/\/expeditionmotorhomes.com\/es\/\" \/>\n<meta property=\"og:site_name\" content=\"Expedition Motor Homes\" \/>\n<meta property=\"article:modified_time\" content=\"2015-03-24T19:23:46+00:00\" \/>\n<meta name=\"twitter:label1\" content=\"Est. reading time\" \/>\n\t<meta name=\"twitter:data1\" content=\"2 minutes\" \/>\n<script type=\"application\/ld+json\" class=\"yoast-schema-graph\">{\"@context\":\"https:\/\/schema.org\",\"@graph\":[{\"@type\":\"WebPage\",\"@id\":\"https:\/\/expeditionmotorhomes.com\/es\/\",\"url\":\"https:\/\/expeditionmotorhomes.com\/es\/\",\"name\":\"P\u00e1gina principal - Expedition Motor Homes\",\"isPartOf\":{\"@id\":\"https:\/\/demo.ezzysales.com\/expedition\/#website\"},\"datePublished\":\"2015-03-13T16:19:04+00:00\",\"dateModified\":\"2015-03-24T19:23:46+00:00\",\"breadcrumb\":{\"@id\":\"https:\/\/expeditionmotorhomes.com\/es\/#breadcrumb\"},\"inLanguage\":\"es-ES\",\"potentialAction\":[{\"@type\":\"ReadAction\",\"target\":[\"https:\/\/expeditionmotorhomes.com\/es\/\"]}]},{\"@type\":\"BreadcrumbList\",\"@id\":\"https:\/\/expeditionmotorhomes.com\/es\/#breadcrumb\",\"itemListElement\":[{\"@type\":\"ListItem\",\"position\":1,\"name\":\"Home\",\"item\":\"https:\/\/expeditionmotorhomes.com\/es\/\"},{\"@type\":\"ListItem\",\"position\":2,\"name\":\"P\u00e1gina principal\"}]},{\"@type\":\"WebSite\",\"@id\":\"https:\/\/demo.ezzysales.com\/expedition\/#website\",\"url\":\"https:\/\/demo.ezzysales.com\/expedition\/\",\"name\":\"Expedition Motor Homes\",\"description\":\"\",\"publisher\":{\"@id\":\"https:\/\/demo.ezzysales.com\/expedition\/#organization\"},\"potentialAction\":[{\"@type\":\"SearchAction\",\"target\":{\"@type\":\"EntryPoint\",\"urlTemplate\":\"https:\/\/demo.ezzysales.com\/expedition\/?s={search_term_string}\"},\"query-input\":\"required name=search_term_string\"}],\"inLanguage\":\"es-ES\"},{\"@type\":\"Organization\",\"@id\":\"https:\/\/demo.ezzysales.com\/expedition\/#organization\",\"name\":\"Expedition Motor Homes\",\"url\":\"https:\/\/demo.ezzysales.com\/expedition\/\",\"logo\":{\"@type\":\"ImageObject\",\"inLanguage\":\"es-ES\",\"@id\":\"https:\/\/demo.ezzysales.com\/expedition\/#\/schema\/logo\/image\/\",\"url\":\"\",\"contentUrl\":\"\",\"caption\":\"Expedition Motor Homes\"},\"image\":{\"@id\":\"https:\/\/demo.ezzysales.com\/expedition\/#\/schema\/logo\/image\/\"}}]}<\/script>\n<!-- \/ Yoast SEO plugin. -->","yoast_head_json":{"title":"P\u00e1gina principal - Expedition Motor Homes","robots":{"index":"index","follow":"follow","max-snippet":"max-snippet:-1","max-image-preview":"max-image-preview:large","max-video-preview":"max-video-preview:-1"},"canonical":"https:\/\/expeditionmotorhomes.com\/es\/","og_locale":"es_ES","og_type":"article","og_title":"P\u00e1gina principal - Expedition Motor Homes","og_description":"Expeditions Motorhomes &#8211; Su renta de casa remolque en California...","og_url":"https:\/\/expeditionmotorhomes.com\/es\/","og_site_name":"Expedition Motor Homes","article_modified_time":"2015-03-24T19:23:46+00:00","twitter_misc":{"Est. reading time":"2 minutes"},"schema":{"@context":"https:\/\/schema.org","@graph":[{"@type":"WebPage","@id":"https:\/\/expeditionmotorhomes.com\/es\/","url":"https:\/\/expeditionmotorhomes.com\/es\/","name":"P\u00e1gina principal - Expedition Motor Homes","isPartOf":{"@id":"https:\/\/demo.ezzysales.com\/expedition\/#website"},"datePublished":"2015-03-13T16:19:04+00:00","dateModified":"2015-03-24T19:23:46+00:00","breadcrumb":{"@id":"https:\/\/expeditionmotorhomes.com\/es\/#breadcrumb"},"inLanguage":"es-ES","potentialAction":[{"@type":"ReadAction","target":["https:\/\/expeditionmotorhomes.com\/es\/"]}]},{"@type":"BreadcrumbList","@id":"https:\/\/expeditionmotorhomes.com\/es\/#breadcrumb","itemListElement":[{"@type":"ListItem","position":1,"name":"Home","item":"https:\/\/expeditionmotorhomes.com\/es\/"},{"@type":"ListItem","position":2,"name":"P\u00e1gina principal"}]},{"@type":"WebSite","@id":"https:\/\/demo.ezzysales.com\/expedition\/#website","url":"https:\/\/demo.ezzysales.com\/expedition\/","name":"Expedition Motor Homes","description":"","publisher":{"@id":"https:\/\/demo.ezzysales.com\/expedition\/#organization"},"potentialAction":[{"@type":"SearchAction","target":{"@type":"EntryPoint","urlTemplate":"https:\/\/demo.ezzysales.com\/expedition\/?s={search_term_string}"},"query-input":"required name=search_term_string"}],"inLanguage":"es-ES"},{"@type":"Organization","@id":"https:\/\/demo.ezzysales.com\/expedition\/#organization","name":"Expedition Motor Homes","url":"https:\/\/demo.ezzysales.com\/expedition\/","logo":{"@type":"ImageObject","inLanguage":"es-ES","@id":"https:\/\/demo.ezzysales.com\/expedition\/#\/schema\/logo\/image\/","url":"","contentUrl":"","caption":"Expedition Motor Homes"},"image":{"@id":"https:\/\/demo.ezzysales.com\/expedition\/#\/schema\/logo\/image\/"}}]}},"post_mailing_queue_ids":[],"_links":{"self":[{"href":"https:\/\/expeditionmotorhomes.com\/es\/wp-json\/wp\/v2\/pages\/2689","targetHints":{"allow":["GET"]}}],"collection":[{"href":"https:\/\/expeditionmotorhomes.com\/es\/wp-json\/wp\/v2\/pages"}],"about":[{"href":"https:\/\/expeditionmotorhomes.com\/es\/wp-json\/wp\/v2\/types\/page"}],"author":[{"embeddable":true,"href":"https:\/\/expeditionmotorhomes.com\/es\/wp-json\/wp\/v2\/users\/15"}],"replies":[{"embeddable":true,"href":"https:\/\/expeditionmotorhomes.com\/es\/wp-json\/wp\/v2\/comments?post=2689"}],"version-history":[{"count":3,"href":"https:\/\/expeditionmotorhomes.com\/es\/wp-json\/wp\/v2\/pages\/2689\/revisions"}],"predecessor-version":[{"id":3227,"href":"https:\/\/expeditionmotorhomes.com\/es\/wp-json\/wp\/v2\/pages\/2689\/revisions\/3227"}],"wp:attachment":[{"href":"https:\/\/expeditionmotorhomes.com\/es\/wp-json\/wp\/v2\/media?parent=2689"}],"curies":[{"name":"wp","href":"https:\/\/api.w.org\/{rel}","templated":true}]}}