{"id":2864,"date":"2012-12-05T18:52:53","date_gmt":"2012-12-06T02:52:53","guid":{"rendered":"https:\/\/demo.ezzysales.com\/expedition\/\/?page_id=2864"},"modified":"2019-06-11T06:35:55","modified_gmt":"2019-06-11T13:35:55","slug":"our-story","status":"publish","type":"page","link":"https:\/\/expeditionmotorhomes.com\/es\/our-story\/","title":{"rendered":"Nuestra historia"},"content":{"rendered":"\n<h2 class=\"wp-block-heading\" style=\"text-align:left\">Informaci\u00f3n de la empresa<\/h2>\n\n\n\n<div class=\"two-three-mission flex\"> \n     <div class=\"two-three-mission-lhs\">\n          <img decoding=\"async\" src=\"https:\/\/expeditionmotorhomes.com\/wp-content\/uploads\/2019\/06\/EMH_Our_Mission_shot-1.jpg\">\n     <\/div>\n    <div class=\"two-three-mission-rhs flex\">\n          <h3>Nuestra misi\u00f3n<\/h3>\n        <p>\u201cDedicado a un servicio al cliente de clase mundial y asistencia en el alquiler de autocaravanas. Para mejorar y expandir la industria de alquiler de autocaravanas a escala global.\u201d<\/p>\n    <\/div>\n<\/div>\n\n\n\n<div class=\"expedition-special\"> \n<ul>\n    <li>\n       <span> <img decoding=\"async\" src=\"https:\/\/expeditionmotorhomes.com\/wp-content\/uploads\/2019\/06\/why-icon1.png\"><\/span>\n        <p>Certified 5-Star Dealer<\/p> \n    <\/li>    \n    <li>\n        <span> <img decoding=\"async\" src=\"https:\/\/expeditionmotorhomes.com\/wp-content\/uploads\/2019\/06\/why-icon2.png\"><\/span>\n        <p>Outstanding Service<\/p>\n    <\/li>    \n    <li>\n        <span> <img decoding=\"async\" src=\"https:\/\/expeditionmotorhomes.com\/wp-content\/uploads\/2019\/06\/why-icon3.png\"><\/span>\n        <p>Nombre para RV Quality<\/p>\n    <\/li>    \n    <li>\n        <span><img decoding=\"async\" src=\"https:\/\/expeditionmotorhomes.com\/wp-content\/uploads\/2019\/06\/why-icon4.png\"><\/span>\n        <p>Soporte las 24 horas<\/p>\n    <\/li>    \n<\/ul>    \n<\/div>\n\n\n\n<h3 class=\"wp-block-heading\"> <br>Nuestro comienzo humilde<\/h3>\n\n\n\n<p>Expedition Motor Homes, Inc. siempre ha sido una familia. En 1999, Brent &amp; Martin, dos amigos cercanos de la familia, se unieron a sus talentos, sus \u00faltimos $ 300 combinados, y mucha fe para crear lo que se convirti\u00f3 en su &#8220;gran oportunidad&#8221;.<\/p>\n\n\n\n<p>Una oferta oportuna del hermano de Brent, que prest\u00f3 2 autocaravanas por unos meses para alquilar a familiares y amigos, nos brind\u00f3 el tiempo para aprender sobre la industria de RV y decidir asociarnos como la primera y \u00fanica compa\u00f1\u00eda de alquiler de RV. En lugar de comprar una franquicia costosa e inasequible, Brent y Martin construyeron su nueva empresa en un trabajo honesto, cumpliendo sus promesas y tratando a todos como parte de la familia. Las dos casas rodantes prestadas finalmente fueron reemplazadas por un nuevo Cavalier Gulf Stream, comprado por otro miembro de la familia que se asoci\u00f3 con Expedition Motor Homes. Otro amigo de la familia de la iglesia nos alquil\u00f3 la ubicaci\u00f3n en la que a\u00fan trabajamos.<\/p>\n\n\n\n<div class=\"wp-block-columns has-2-columns break-tab is-layout-flex wp-container-core-columns-is-layout-1 wp-block-columns-is-layout-flex\">\n<div class=\"wp-block-column is-layout-flow wp-block-column-is-layout-flow\">\n<figure class=\"wp-block-image\"><img loading=\"lazy\" decoding=\"async\" width=\"1024\" height=\"591\" src=\"https:\/\/expeditionmotorhomes.com\/wp-content\/uploads\/2019\/06\/Our-humble-beginning-1024x591.jpg\" alt=\"\" class=\"wp-image-7583\" srcset=\"https:\/\/expeditionmotorhomes.com\/wp-content\/uploads\/2019\/06\/Our-humble-beginning-1024x591.jpg 1024w, https:\/\/expeditionmotorhomes.com\/wp-content\/uploads\/2019\/06\/Our-humble-beginning-768x443.jpg 768w, https:\/\/expeditionmotorhomes.com\/wp-content\/uploads\/2019\/06\/Our-humble-beginning-640x369.jpg 640w, https:\/\/expeditionmotorhomes.com\/wp-content\/uploads\/2019\/06\/Our-humble-beginning-780x450.jpg 780w, https:\/\/expeditionmotorhomes.com\/wp-content\/uploads\/2019\/06\/Our-humble-beginning.jpg 1245w\" sizes=\"auto, (max-width: 1024px) 100vw, 1024px\" \/><\/figure>\n\n\n\n<p><\/p>\n<\/div>\n\n\n\n<div class=\"wp-block-column is-layout-flow wp-block-column-is-layout-flow\">\n<p>Expedition Motor Homes, Inc. creci\u00f3 de forma lenta pero segura, creciendo la flota y ganando clientes leales a los que llamamos amigos como el n\u00facleo de esta emocionante empresa.<\/p>\n\n\n\n<p>Brent se retir\u00f3 en 2007 y Martin continu\u00f3 administrando y haciendo crecer la empresa.<\/p>\n\n\n\n<p>En 2010, la Expedici\u00f3n se expandi\u00f3 al Condado de Orange, comprando 1st Choice RV, otra empresa de alquiler de veh\u00edculos recreativos de gran prestigio. Hoy, Martin ense\u00f1a a otros a iniciar y operar compa\u00f1\u00edas de alquiler de RV como instructor en la Escuela de Alquiler de RV anual. Expedition Motor Homes y 1st Choice RV son reconocidos l\u00edderes de la industria, ya que han gestionado m\u00e1s de 400 autocaravanas y cuentan a 9834 familias en m\u00e1s de 13,000 viajes como &#8220;una de la familia&#8221;. Lo estamos pagando al continuar apoyando generosamente a organizaciones ben\u00e9ficas locales, recaudadores de fondos escolares y otros programas significativos que contribuyen a mejorar la vida de las personas y proteger el medio ambiente.<\/p>\n<\/div>\n<\/div>\n\n\n\n<p>Agradecemos a todos los que nos han llamado, han visitado nuestros sitios web o han cruzado nuestro umbral y se han convertido, de una manera u otra, en uno de nuestra familia. Gracias por confiar en nosotros.<\/p>\n\n\n\n<h3 class=\"wp-block-heading\" id=\"mce_26\">EMH Hoy<\/h3>\n\n\n\n<div class=\"wp-block-columns has-2-columns is-layout-flex wp-container-core-columns-is-layout-2 wp-block-columns-is-layout-flex\">\n<div class=\"wp-block-column is-layout-flow wp-block-column-is-layout-flow\">\n<p>Ubicada en el sur de California, en la autopista 101, a solo quince minutos del Oc\u00e9ano Pac\u00edfico y a 30 minutos del Aeropuerto de Los \u00c1ngeles (LAX), Expedition Motor Homes ofrece el \u00e1rea de estad\u00eda perfecta para tus vacaciones de &#8220;La costa oeste a cualquier lugar&#8221;.<\/p>\n\n\n\n<p>Expedition Motor Homes gestiona casas rodantes de lujo de propiedad privada. Mantenemos la flota m\u00e1s nueva y mejor disponible en el sur de California. Nuestra flota se compone de lo \u00faltimo en lujosos empujadores diesel de 40 \u2032 para el agradable y c\u00f3modo RV de clase C de 22 \u2032. Cada uno recibe atenci\u00f3n especial antes y despu\u00e9s de cada viaje para mantenerlos en la mejor forma.<\/p>\n\n\n\n<p>Para obtener valor, comodidad y conveniencia, tome sus pr\u00f3ximas vacaciones en una casa rodante Expedition \u2026 Alquileres de fin de semana disponibles.<\/p>\n\n\n\n<p>Nuestro amable equipo de primera clase tomar\u00e1 su pedido y lo guiar\u00e1 personalmente a trav\u00e9s del proceso de reserva, desde &#8220;Expedition Motor Homes, \u00bfen qu\u00e9 podemos ayudarlo?&#8221; A &#8220;Aqu\u00ed est\u00e1n sus llaves! Tenga las vacaciones de su vida!<\/p>\n<\/div>\n\n\n\n<div class=\"wp-block-column is-layout-flow wp-block-column-is-layout-flow\">\n<figure class=\"wp-block-image\"><img loading=\"lazy\" decoding=\"async\" width=\"1024\" height=\"495\" src=\"https:\/\/expeditionmotorhomes.com\/wp-content\/uploads\/2019\/06\/EMH-Today-1024x495-2-1024x495.jpg\" alt=\"\" class=\"wp-image-8292\" srcset=\"https:\/\/expeditionmotorhomes.com\/wp-content\/uploads\/2019\/06\/EMH-Today-1024x495-2.jpg 1024w, https:\/\/expeditionmotorhomes.com\/wp-content\/uploads\/2019\/06\/EMH-Today-1024x495-2-768x371.jpg 768w, https:\/\/expeditionmotorhomes.com\/wp-content\/uploads\/2019\/06\/EMH-Today-1024x495-2-780x377.jpg 780w\" sizes=\"auto, (max-width: 1024px) 100vw, 1024px\" \/><\/figure>\n<\/div>\n<\/div>\n","protected":false},"excerpt":{"rendered":"Informaci\u00f3n de la empresa Nuestra misi\u00f3n \u201cDedicado a un servicio&#8230;","protected":false},"author":15,"featured_media":0,"parent":0,"menu_order":0,"comment_status":"open","ping_status":"closed","template":"pagetemplate\/innerpage.php","meta":{"_acf_changed":false,"content-type":"","footnotes":""},"class_list":["post-2864","page","type-page","status-publish","hentry"],"acf":[],"yoast_head":"<!-- This site is optimized with the Yoast SEO plugin v22.1 - https:\/\/yoast.com\/wordpress\/plugins\/seo\/ -->\n<title>Los Angeles Coach Rentals California | Motorhome Rentals in Southern California | About us<\/title>\n<meta name=\"robots\" content=\"index, follow, max-snippet:-1, max-image-preview:large, max-video-preview:-1\" \/>\n<link rel=\"canonical\" href=\"https:\/\/expeditionmotorhomes.com\/our-story\/\" \/>\n<meta property=\"og:locale\" content=\"es_ES\" \/>\n<meta property=\"og:type\" content=\"article\" \/>\n<meta property=\"og:title\" content=\"Los Angeles Coach Rentals California | Motorhome Rentals in Southern California | About us\" \/>\n<meta property=\"og:description\" content=\"Informaci\u00f3n de la empresa Nuestra misi\u00f3n \u201cDedicado a un servicio...\" \/>\n<meta property=\"og:url\" content=\"https:\/\/expeditionmotorhomes.com\/our-story\/\" \/>\n<meta property=\"og:site_name\" content=\"Expedition Motor Homes\" \/>\n<meta property=\"article:modified_time\" content=\"2019-06-11T13:35:55+00:00\" \/>\n<meta property=\"og:image\" content=\"https:\/\/expeditionmotorhomes.com\/wp-content\/uploads\/2019\/06\/EMH_Our_Mission_shot-1.jpg\" \/>\n<meta name=\"twitter:label1\" content=\"Est. reading time\" \/>\n\t<meta name=\"twitter:data1\" content=\"3 minutes\" \/>\n<script type=\"application\/ld+json\" class=\"yoast-schema-graph\">{\"@context\":\"https:\/\/schema.org\",\"@graph\":[{\"@type\":\"WebPage\",\"@id\":\"https:\/\/expeditionmotorhomes.com\/our-story\/\",\"url\":\"https:\/\/expeditionmotorhomes.com\/our-story\/\",\"name\":\"Los Angeles Coach Rentals California | Motorhome Rentals in Southern California | About us\",\"isPartOf\":{\"@id\":\"https:\/\/demo.ezzysales.com\/expedition\/#website\"},\"datePublished\":\"2012-12-06T02:52:53+00:00\",\"dateModified\":\"2019-06-11T13:35:55+00:00\",\"breadcrumb\":{\"@id\":\"https:\/\/expeditionmotorhomes.com\/our-story\/#breadcrumb\"},\"inLanguage\":\"es-ES\",\"potentialAction\":[{\"@type\":\"ReadAction\",\"target\":[\"https:\/\/expeditionmotorhomes.com\/our-story\/\"]}]},{\"@type\":\"BreadcrumbList\",\"@id\":\"https:\/\/expeditionmotorhomes.com\/our-story\/#breadcrumb\",\"itemListElement\":[{\"@type\":\"ListItem\",\"position\":1,\"name\":\"Home\",\"item\":\"https:\/\/expeditionmotorhomes.com\/es\/\"},{\"@type\":\"ListItem\",\"position\":2,\"name\":\"Nuestra historia\"}]},{\"@type\":\"WebSite\",\"@id\":\"https:\/\/demo.ezzysales.com\/expedition\/#website\",\"url\":\"https:\/\/demo.ezzysales.com\/expedition\/\",\"name\":\"Expedition Motor Homes\",\"description\":\"\",\"publisher\":{\"@id\":\"https:\/\/demo.ezzysales.com\/expedition\/#organization\"},\"potentialAction\":[{\"@type\":\"SearchAction\",\"target\":{\"@type\":\"EntryPoint\",\"urlTemplate\":\"https:\/\/demo.ezzysales.com\/expedition\/?s={search_term_string}\"},\"query-input\":\"required name=search_term_string\"}],\"inLanguage\":\"es-ES\"},{\"@type\":\"Organization\",\"@id\":\"https:\/\/demo.ezzysales.com\/expedition\/#organization\",\"name\":\"Expedition Motor Homes\",\"url\":\"https:\/\/demo.ezzysales.com\/expedition\/\",\"logo\":{\"@type\":\"ImageObject\",\"inLanguage\":\"es-ES\",\"@id\":\"https:\/\/demo.ezzysales.com\/expedition\/#\/schema\/logo\/image\/\",\"url\":\"\",\"contentUrl\":\"\",\"caption\":\"Expedition Motor Homes\"},\"image\":{\"@id\":\"https:\/\/demo.ezzysales.com\/expedition\/#\/schema\/logo\/image\/\"}}]}<\/script>\n<!-- \/ Yoast SEO plugin. -->","yoast_head_json":{"title":"Los Angeles Coach Rentals California | Motorhome Rentals in Southern California | About us","robots":{"index":"index","follow":"follow","max-snippet":"max-snippet:-1","max-image-preview":"max-image-preview:large","max-video-preview":"max-video-preview:-1"},"canonical":"https:\/\/expeditionmotorhomes.com\/our-story\/","og_locale":"es_ES","og_type":"article","og_title":"Los Angeles Coach Rentals California | Motorhome Rentals in Southern California | About us","og_description":"Informaci\u00f3n de la empresa Nuestra misi\u00f3n \u201cDedicado a un servicio...","og_url":"https:\/\/expeditionmotorhomes.com\/our-story\/","og_site_name":"Expedition Motor Homes","article_modified_time":"2019-06-11T13:35:55+00:00","og_image":[{"url":"https:\/\/expeditionmotorhomes.com\/wp-content\/uploads\/2019\/06\/EMH_Our_Mission_shot-1.jpg"}],"twitter_misc":{"Est. reading time":"3 minutes"},"schema":{"@context":"https:\/\/schema.org","@graph":[{"@type":"WebPage","@id":"https:\/\/expeditionmotorhomes.com\/our-story\/","url":"https:\/\/expeditionmotorhomes.com\/our-story\/","name":"Los Angeles Coach Rentals California | Motorhome Rentals in Southern California | About us","isPartOf":{"@id":"https:\/\/demo.ezzysales.com\/expedition\/#website"},"datePublished":"2012-12-06T02:52:53+00:00","dateModified":"2019-06-11T13:35:55+00:00","breadcrumb":{"@id":"https:\/\/expeditionmotorhomes.com\/our-story\/#breadcrumb"},"inLanguage":"es-ES","potentialAction":[{"@type":"ReadAction","target":["https:\/\/expeditionmotorhomes.com\/our-story\/"]}]},{"@type":"BreadcrumbList","@id":"https:\/\/expeditionmotorhomes.com\/our-story\/#breadcrumb","itemListElement":[{"@type":"ListItem","position":1,"name":"Home","item":"https:\/\/expeditionmotorhomes.com\/es\/"},{"@type":"ListItem","position":2,"name":"Nuestra historia"}]},{"@type":"WebSite","@id":"https:\/\/demo.ezzysales.com\/expedition\/#website","url":"https:\/\/demo.ezzysales.com\/expedition\/","name":"Expedition Motor Homes","description":"","publisher":{"@id":"https:\/\/demo.ezzysales.com\/expedition\/#organization"},"potentialAction":[{"@type":"SearchAction","target":{"@type":"EntryPoint","urlTemplate":"https:\/\/demo.ezzysales.com\/expedition\/?s={search_term_string}"},"query-input":"required name=search_term_string"}],"inLanguage":"es-ES"},{"@type":"Organization","@id":"https:\/\/demo.ezzysales.com\/expedition\/#organization","name":"Expedition Motor Homes","url":"https:\/\/demo.ezzysales.com\/expedition\/","logo":{"@type":"ImageObject","inLanguage":"es-ES","@id":"https:\/\/demo.ezzysales.com\/expedition\/#\/schema\/logo\/image\/","url":"","contentUrl":"","caption":"Expedition Motor Homes"},"image":{"@id":"https:\/\/demo.ezzysales.com\/expedition\/#\/schema\/logo\/image\/"}}]}},"post_mailing_queue_ids":[],"_links":{"self":[{"href":"https:\/\/expeditionmotorhomes.com\/es\/wp-json\/wp\/v2\/pages\/2864","targetHints":{"allow":["GET"]}}],"collection":[{"href":"https:\/\/expeditionmotorhomes.com\/es\/wp-json\/wp\/v2\/pages"}],"about":[{"href":"https:\/\/expeditionmotorhomes.com\/es\/wp-json\/wp\/v2\/types\/page"}],"author":[{"embeddable":true,"href":"https:\/\/expeditionmotorhomes.com\/es\/wp-json\/wp\/v2\/users\/15"}],"replies":[{"embeddable":true,"href":"https:\/\/expeditionmotorhomes.com\/es\/wp-json\/wp\/v2\/comments?post=2864"}],"version-history":[{"count":3,"href":"https:\/\/expeditionmotorhomes.com\/es\/wp-json\/wp\/v2\/pages\/2864\/revisions"}],"predecessor-version":[{"id":8294,"href":"https:\/\/expeditionmotorhomes.com\/es\/wp-json\/wp\/v2\/pages\/2864\/revisions\/8294"}],"wp:attachment":[{"href":"https:\/\/expeditionmotorhomes.com\/es\/wp-json\/wp\/v2\/media?parent=2864"}],"curies":[{"name":"wp","href":"https:\/\/api.w.org\/{rel}","templated":true}]}}