{"id":2870,"date":"2015-03-16T20:16:53","date_gmt":"2015-03-16T20:16:53","guid":{"rendered":"https:\/\/demo.ezzysales.com\/expedition\/\/?page_id=2870"},"modified":"2019-06-19T07:26:54","modified_gmt":"2019-06-19T14:26:54","slug":"requerimientos-de-reservacion","status":"publish","type":"page","link":"https:\/\/expeditionmotorhomes.com\/es\/requerimientos-de-reservacion\/","title":{"rendered":"T\u00e9rminos de alquiler"},"content":{"rendered":" <div class=\"rental-content\">\r\n  <div class=\"rental-user\">\r\n    <div class=\"sidenav\">\r\n      <ul class=\"page-sub-nav tab\"> <li><a href=\"#combustible\"  id=\"back\" class=\"visited\">Combustible<\/a><\/li><li><a href=\"#insurance\"  id=\"back\" class=\"\">Seguro<\/a><\/li><li><a href=\"#fumadores-o-mascotas\"  id=\"back\" class=\"\">Fumadores o mascotas<\/a><\/li><li><a href=\"#generador\"  id=\"back\" class=\"\">Generador<\/a><\/li><li><a href=\"#recogida-y-devolucion\"  id=\"back\" class=\"\">Recogida y devoluci\u00f3n.<\/a><\/li><li><a href=\"#acceso-al-techo\"  id=\"back\" class=\"\">Acceso al techo<\/a><\/li><li><a href=\"#politica-de-cancelacion\"  id=\"back\" class=\"\">Pol\u00edtica de cancelaci\u00f3n<\/a><\/li><li><a href=\"#deposito-de-seguridad-y-danos\"  id=\"back\" class=\"\">Dep\u00f3sito de seguridad y da\u00f1os.<\/a><\/li><li><a href=\"#pagos\"  id=\"back\" class=\"\">Pagos<\/a><\/li><li><a href=\"#indemnizacion-y-garantia\"  id=\"back\" class=\"\">Indemnizaci\u00f3n y garant\u00eda.<\/a><\/li><li><a href=\"#tu-propiedad\"  id=\"back\" class=\"\">Tu propiedad<\/a><\/li><li><a href=\"#vehiculos\"  id=\"back\" class=\"\">Veh\u00edculos<\/a><\/li><li><a href=\"#renter-and-drivers-requirements\"  id=\"back\" class=\"\">Requisitos del arrendatario y del conductor<\/a><\/li>\r\n      <\/ul>\r\n      <\/div>\r\n       <div class=\"main\" ><div class=\"rental-tab active\" id=\"combustible\">\r\n              <h2>Combustible<\/h2>\r\n              <p><ol>\r\n \t<li>No se ofrecen garant\u00edas con respecto a la capacidad del tanque de combustible o el millaje de combustible.<\/li>\r\n \t<li>Todo el combustible de gasolina, diesel o propano durante el viaje es a cargo del cliente.<\/li>\r\n \t<li>La autocaravana est\u00e1 provista de un tanque de combustible que toca el marcador \u00c2\u00be. El arrendatario acuerda devolver la autocaravana con el combustible inicial rellenado al mismo nivel; de lo contrario, el cargo de recarga es a un precio fijo seg\u00fan el nivel devuelto (observe la pol\u00edtica de combustible). El precio fijo se basa en incrementos de \u00bc de tanque.<\/li>\r\n \t<li>Los inquilinos pueden optar por pagar por adelantado para la recarga de gas. Consulte la Pol\u00edtica de combustible o p\u00f3ngase en contacto con un representante de Expedition Motor Homes Inc.<\/li>\r\n<\/ol><\/p>\r\n            <\/div><div class=\"rental-tab\" id=\"insurance\">\r\n            <h2>Seguro<\/h2>\r\n            <p><ol>\r\n \t<li>El arrendatario DEBE proporcionar una carpeta escrita de su compa\u00f1\u00eda de seguros dentro de los 7 d\u00edas de la fecha de retiro. Esta carpeta debe indicar que el arrendatario y cualquier otro conductor autorizado adicional tienen al menos los requisitos m\u00ednimos de responsabilidad legal y la cobertura completa de colisi\u00f3n y colisi\u00f3n cuando se utiliza la autocaravana que se alquila, por el per\u00edodo de alquiler completo. Si el arrendatario no ha proporcionado la carpeta antes de la fecha de salida, DEBE adquirir un seguro de cobertura total de MBA Insurance por un costo de $ 22.00 a $ 27.00 por d\u00eda seg\u00fan el valor del RV, el Seguro de responsabilidad civil suplementario por un costo de $ 9.95 por d\u00eda y asumir los primeros $ 2500 Responsabilidad financiera por da\u00f1os, independientemente de la culpa.<\/li>\r\n \t<li>Seguro de responsabilidad civil: usted es responsable de todos los da\u00f1os o p\u00e9rdidas que cause a otros. Es posible que nos haya proporcionado una carpeta de seguro que indique que tiene seguro de responsabilidad civil, colisi\u00f3n y seguro del veh\u00edculo que lo cubre a usted, a nosotros y a la autocaravana. Como usted tiene un seguro de responsabilidad civil para autom\u00f3viles, no ofrecemos seguro de responsabilidad civil a menos que se adquiera espec\u00edficamente como una cobertura opcional.<\/li>\r\n \t<li>MBA Choice. Si no nos proporcion\u00f3 una carpeta de seguro pero eligi\u00f3 comprar MBA Choice, los siguientes cambios se aplican a este acuerdo:\r\n\u201cDa\u00f1o\u201d significa cualquier colisi\u00f3n o p\u00e9rdida total del veh\u00edculo o parte de \u00e9l; Las colisiones o p\u00e9rdidas generales no incluyen da\u00f1os al interior del veh\u00edculo ni a sus aparatos;\r\nEl da\u00f1o al veh\u00edculo est\u00e1 cubierto por MBA Choice. La p\u00f3liza tiene un deducible de $ 2,500.00, por ocurrencia.\r\nEl seguro de responsabilidad civil para autom\u00f3viles es parte de MBA Choice y brinda cobertura para lesiones corporales y da\u00f1os a la propiedad con l\u00edmites que no superan el m\u00ednimo prescrito por las leyes de responsabilidad financiera vehicular del estado donde ocurre el da\u00f1o o la p\u00e9rdida. MBA Choice cubre pagos m\u00e9dicos o PIP de $ 2,000, y l\u00edmites legales de cobertura de motorista sin seguro o con seguro insuficiente. La cobertura se aplica en los Estados Unidos y Canad\u00e1. La cobertura no es v\u00e1lida si viola los t\u00e9rminos de este acuerdo o si no coopera en cualquier investigaci\u00f3n de p\u00e9rdida realizada por nosotros o por la aseguradora. Permitir que un conductor no autorizado opere el veh\u00edculo termina nuestra cobertura de seguro de responsabilidad civil.<\/li>\r\n \t<li>El arrendatario pagar\u00e1 todos los da\u00f1os sin importar la culpa, y entiende que Expedition Motor Homes, Inc. no es una compa\u00f1\u00eda de seguros o agente. El arrendatario asume la responsabilidad de presentar todos los reclamos a la compa\u00f1\u00eda de seguros. y buscar cualquier reembolso de ellos.<\/li>\r\n<\/ol><\/p>\r\n          <\/div><div class=\"rental-tab\" id=\"fumadores-o-mascotas\">\r\n            <h2>Fumadores o mascotas<\/h2>\r\n            <p><ol>\r\n \t<li>Hay una tarifa de fumigaci\u00f3n de $ 500 para alquileres con evidencia de fumadores o mascotas. Este cargo es a discreci\u00f3n exclusiva de Expedition Motor Homes, Inc. Nuestra principal preocupaci\u00f3n es la salud de los inquilinos posteriores.<\/li>\r\n \t<li>Hacemos cumplir una estricta pol\u00edtica de NO FUMAR Y NO SE ADMITEN.<\/li>\r\n<\/ol><\/p>\r\n          <\/div><div class=\"rental-tab\" id=\"generador\">\r\n            <h2>Generador<\/h2>\r\n            <p>Promedio de tres (3) horas por d\u00eda, uso gratuito del generador. A partir de entonces, hay un cargo de $ 3.00 por hora.<\/p>\r\n          <\/div><div class=\"rental-tab\" id=\"recogida-y-devolucion\">\r\n            <h2>Recogida y devoluci\u00f3n.<\/h2>\r\n            <p><ol>\r\n \t<li>La recogida es de 1:00 p.m. a 4:00 p.m. De lunes a viernes; y de 10:00 am a 12:00 pm el s\u00e1bado.<\/li>\r\n \t<li>El regreso es de 9:00 a.m. a 12:00 p.m. de lunes a viernes y de 9:00 a.m. a 10:00 a.m. del s\u00e1bado. Usted acepta devolver el<\/li>\r\n \t<li>Si se arregla la Entrega \/ Recolecci\u00f3n, \u00bd hora de tiempo est\u00e1 incluida en la tarifa, despu\u00e9s de \u00bd hora, la tarifa se prorratea a $ 50 por hora.<\/li>\r\n \t<li>Si el veh\u00edculo se devuelve despu\u00e9s de las horas de cierre, usted sigue siendo responsable de la seguridad y cualquier da\u00f1o que sufra el veh\u00edculo hasta que lo examinemos en nuestra pr\u00f3xima apertura comercial.<\/li>\r\n \t<li>c\\No hay reembolsos por devoluciones anticipadas. Hay una tarifa de $ 50 por hora de retraso.<\/li>\r\n<\/ol><\/p>\r\n          <\/div><div class=\"rental-tab\" id=\"acceso-al-techo\">\r\n            <h2>Acceso al techo<\/h2>\r\n            <p>Por razones de seguridad, todos los miembros de la parte contratante tienen prohibido expresamente el uso de la escalera y el techo. Cualquier evidencia de uso o acceso de cualquiera de estos elementos resultar\u00e1 en la p\u00e9rdida total del dep\u00f3sito de seguridad y da\u00f1os, adem\u00e1s de cualquier da\u00f1o incurrido<\/p>\r\n          <\/div><div class=\"rental-tab\" id=\"politica-de-cancelacion\">\r\n            <h2>Pol\u00edtica de cancelaci\u00f3n<\/h2>\r\n            <p><ol>\r\n \t<li>Las cancelaciones de reservas de m\u00e1s de 21 a\u00f1os antes de la salida est\u00e1n sujetas a una tarifa de cancelaci\u00f3n de $ 100.<\/li>\r\n \t<li>Las cancelaciones de reservas entre 14 y 20 d\u00edas antes de la salida est\u00e1n sujetas a una tarifa de cancelaci\u00f3n de $ 500.<\/li>\r\n \t<li>Las reservas canceladas con menos de 13 d\u00edas antes de la salida est\u00e1n sujetas a la tarifa de alquiler completa<\/li>\r\n \t<li>Puede reprogramar su alquiler una vez despu\u00e9s de la presentaci\u00f3n de la solicitud sin cargo.<\/li>\r\n \t<li>Los cargos por cancelaci\u00f3n se tomar\u00e1n de los fondos disponibles de los inquilinos: pagos anticipados o dep\u00f3sito de seguridad<\/li>\r\n<\/ol><\/p>\r\n          <\/div><div class=\"rental-tab\" id=\"deposito-de-seguridad-y-danos\">\r\n            <h2>Dep\u00f3sito de seguridad y da\u00f1os.<\/h2>\r\n            <p>Usted acepta indemnizarnos, defendernos y eximirnos de cualquier reclamo, responsabilidad, costos y honorarios de abogados incurridos por nosotros como resultado de este alquiler y su uso del veh\u00edculo. No hacemos ninguna garant\u00eda, expresa, impl\u00edcita o aparente, con respecto al veh\u00edculo, y ninguna garant\u00eda de que el veh\u00edculo es apto para un prop\u00f3sito particular.<\/p>\r\n          <\/div><div class=\"rental-tab\" id=\"pagos\">\r\n            <h2>Pagos<\/h2>\r\n            <p><ol>\r\n \t<li>El pago completo se debe a la recepci\u00f3n del Contrato de alquiler y est\u00e1 vencido con menos de 30 d\u00edas de salida. Las reservas realizadas dentro de los 30 d\u00edas requieren el pago inmediato. El Arrendatario autoriza que el pago total se realice con cualquier referencia de cr\u00e9dito que figura en la Solicitud de reserva si el pago completo del contrato o los Anexos no se realizan dentro de los 30 d\u00edas de la salida.<\/li>\r\n \t<li>Acepta pagarnos, a pedido, todos los cargos que nos corresponden seg\u00fan este contrato, incluidos, entre otros: (a) un cargo por millaje basado en nuestra experiencia si el od\u00f3metro o su sello est\u00e1n manipulados o desconectados; (b) todos los gastos en los que incurrimos para localizar y recuperar el veh\u00edculo si no lo devuelve o si decidimos recuperarlo de conformidad con los t\u00e9rminos de este contrato; (c) todos los costos, incluidos los honorarios de abogados previos y posteriores al fallo, incurrimos en el cobro de su pago o el cumplimiento de nuestros derechos en virtud de este contrato; (d) un recargo por pago atrasado del 2% mensual, o el m\u00e1ximo permitido por la ley (si es inferior al 2%) sobre todos los montos adeudados pero no pagados al devolver el veh\u00edculo; (e) $ 100, m\u00e1s $ 5 por milla por cada milla entre el lugar de alquiler y el lugar donde se devuelve o abandona la casa rodante, m\u00e1s cualquier gasto de recuperaci\u00f3n adicional en que incurramos; (f) $ 25 si nos paga con un cheque devuelto sin pagar por cualquier motivo. Podemos usar su dep\u00f3sito de seguridad para pagar cualquiera de estos montos adeudados.<\/li>\r\n<\/ol><\/p>\r\n          <\/div><div class=\"rental-tab\" id=\"indemnizacion-y-garantia\">\r\n            <h2>Indemnizaci\u00f3n y garant\u00eda.<\/h2>\r\n            <p>Usted acepta indemnizarnos, defendernos y eximirnos de cualquier reclamo, responsabilidad, costos y honorarios de abogados incurridos por nosotros como resultado de este alquiler y su uso del veh\u00edculo. No hacemos ninguna garant\u00eda, expresa, impl\u00edcita o aparente, con respecto al veh\u00edculo, y ninguna garant\u00eda de que el veh\u00edculo es apto para un prop\u00f3sito particular.<\/p>\r\n          <\/div><div class=\"rental-tab\" id=\"tu-propiedad\">\r\n            <h2>Tu propiedad<\/h2>\r\n            <p>Usted nos libera a nosotros, a nuestros agentes y empleados de todas las reclamaciones por p\u00e9rdida o da\u00f1o a su propiedad personal o la de cualquier otra persona que recibimos, entregamos o almacenamos, o que dejamos o transportamos en el veh\u00edculo o en nuestras oficinas, ya sea que la p\u00e9rdida o el da\u00f1o hayan sido causados o no por nuestra negligencia o sea nuestra responsabilidad. Incluye veh\u00edculos estacionados en nuestras instalaciones.<\/p>\r\n          <\/div><div class=\"rental-tab\" id=\"vehiculos\">\r\n            <h2>Veh\u00edculos<\/h2>\r\n            <p><ol>\r\n \t<li>La reserva confirma las fechas de alquiler, la hora y un rango general de tipo de veh\u00edculo. La reserva no reserva un veh\u00edculo, tama\u00f1o, tipo y color espec\u00edficos, plano de planta o modelo del a\u00f1o.<\/li>\r\n \t<li>Expedition Motor Homes, Inc. se reserva el derecho de realizar reservas dentro de la categor\u00eda reservada, y puede sustituir a los entrenadores mejorados si la casa rodante reservada no est\u00e1 disponible en el momento de la salida.<\/li>\r\n \t<li>Los siguientes elementos son caracter\u00edsticas opcionales de la casa rodante y no est\u00e1n incluidos en el alquiler a menos que se compren expresamente como opciones de alquiler: generador (excepto como se indica en la p\u00e1gina 5 de este anexo), toldos y escalera trasera de techo.<\/li>\r\n<\/ol><\/p>\r\n          <\/div><div class=\"rental-tab\" id=\"renter-and-drivers-requirements\">\r\n            <h2>Requisitos del arrendatario y del conductor<\/h2>\r\n            <p><ol>\r\n \t<li>Todos los conductores deben tener un m\u00ednimo de 25 a\u00f1os de edad al momento del alquiler y poseer una licencia de conducir v\u00e1lida.<\/li>\r\n \t<li>El arrendatario debe estar presente y proporcionar una tarjeta de cr\u00e9dito y una identificaci\u00f3n con fotograf\u00eda al momento de la recogida.<\/li>\r\n \t<li>El nombre de identificaci\u00f3n del arrendatario debe coincidir con el nombre de la tarjeta de cr\u00e9dito que se utiliza para pagar el alquiler<\/li>\r\n \t<li>Solo los conductores autorizados est\u00e1n autorizados para conducir y operar la casa rodante. Los conductores autorizados se definen como solo aquellos conductores que figuran expresamente en la lista y designados como conductores autorizados dentro de este contrato. El Arrendatario libera a Expedition Motor Homes, Inc. y sus compa\u00f1\u00edas de seguros de cualquier responsabilidad incurrida mientras la autocaravana es manejada u operada por alguien que no sea un conductor autorizado.\r\n<ol>\r\n \t<li>Renter certifies that all the information provided in the Reservation Application and in this contact is true and accurate.\u00a0 Any inaccurate or fraudulent information voids this rental contract.<\/li>\r\n<\/ol>\r\n<\/li>\r\n<\/ol><\/p>\r\n          <\/div>\r\n      <\/div> \r\n      <div class=\"clear\"><\/div> \r\n    <\/div>\r\n    <div>\r\n      \n\n\n\n<div class=\"contact_form\">\n\n\n\n<h3 class=\"wp-block-heading\" id=\"mce_19\">Llegar a nosotros<\/h3>\n\n\n\n<div class=\"wpcf7 no-js\" id=\"wpcf7-f9233-o1\" lang=\"en-US\" dir=\"ltr\">\n<div class=\"screen-reader-response\"><p role=\"status\" aria-live=\"polite\" aria-atomic=\"true\"><\/p> <ul><\/ul><\/div>\n<form action=\"\/es\/wp-json\/wp\/v2\/pages\/2870#wpcf7-f9233-o1\" method=\"post\" class=\"wpcf7-form init\" aria-label=\"Contact form\" novalidate=\"novalidate\" data-status=\"init\">\n<div style=\"display: none;\">\n<input type=\"hidden\" name=\"_wpcf7\" value=\"9233\" \/>\n<input type=\"hidden\" name=\"_wpcf7_version\" value=\"5.8.7\" \/>\n<input type=\"hidden\" name=\"_wpcf7_locale\" value=\"en_US\" \/>\n<input type=\"hidden\" name=\"_wpcf7_unit_tag\" value=\"wpcf7-f9233-o1\" \/>\n<input type=\"hidden\" name=\"_wpcf7_container_post\" value=\"0\" \/>\n<input type=\"hidden\" name=\"_wpcf7_posted_data_hash\" value=\"\" \/>\n<input type=\"hidden\" name=\"_wpcf7_recaptcha_response\" value=\"\" \/>\n<\/div>\n<p><label> Tu nombre*<br \/>\n<span class=\"wpcf7-form-control-wrap\" data-name=\"your-name\"><input size=\"40\" class=\"wpcf7-form-control wpcf7-text wpcf7-validates-as-required\" aria-required=\"true\" aria-invalid=\"false\" value=\"\" type=\"text\" name=\"your-name\" \/><\/span> <\/label>\n<\/p>\n<p><label> Tu correo electr\u00f3nico *<br \/>\n<span class=\"wpcf7-form-control-wrap\" data-name=\"your-email\"><input size=\"40\" class=\"wpcf7-form-control wpcf7-email wpcf7-validates-as-required wpcf7-text wpcf7-validates-as-email\" aria-required=\"true\" aria-invalid=\"false\" value=\"\" type=\"email\" name=\"your-email\" \/><\/span> <\/label>\n<\/p>\n<p><label> N\u00famero de contacto<br \/>\n<span class=\"wpcf7-form-control-wrap\" data-name=\"your-number\"><input size=\"40\" class=\"wpcf7-form-control wpcf7-text wpcf7-validates-as-required\" aria-required=\"true\" aria-invalid=\"false\" value=\"\" type=\"text\" name=\"your-number\" \/><\/span> <\/label>\n<\/p>\n<p><input class=\"wpcf7-form-control wpcf7-submit has-spinner\" type=\"submit\" value=\"Enviar\" \/>\n<\/p><div class=\"wpcf7-response-output\" aria-hidden=\"true\"><\/div>\n<\/form>\n<\/div>\n\n\n\n\n<\/div>\n","protected":false},"excerpt":{"rendered":"Llegar a nosotros","protected":false},"author":15,"featured_media":0,"parent":0,"menu_order":0,"comment_status":"open","ping_status":"open","template":"pagetemplate\/rental-section.php","meta":{"_acf_changed":false,"content-type":"","footnotes":""},"class_list":["post-2870","page","type-page","status-publish","hentry"],"acf":[],"yoast_head":"<!-- This site is optimized with the Yoast SEO plugin v22.1 - https:\/\/yoast.com\/wordpress\/plugins\/seo\/ -->\n<title>Requerimientos de Reservacion | California Expedition Motorhomes<\/title>\n<meta name=\"robots\" content=\"index, follow, max-snippet:-1, max-image-preview:large, max-video-preview:-1\" \/>\n<link rel=\"canonical\" href=\"https:\/\/expeditionmotorhomes.com\/es\/requerimientos-de-reservacion\/\" \/>\n<meta property=\"og:locale\" content=\"es_ES\" \/>\n<meta property=\"og:type\" content=\"article\" \/>\n<meta property=\"og:title\" content=\"Requerimientos de Reservacion | California Expedition Motorhomes\" \/>\n<meta property=\"og:description\" content=\"Llegar a nosotros\" \/>\n<meta property=\"og:url\" content=\"https:\/\/expeditionmotorhomes.com\/es\/requerimientos-de-reservacion\/\" \/>\n<meta property=\"og:site_name\" content=\"Expedition Motor Homes\" \/>\n<meta property=\"article:modified_time\" content=\"2019-06-19T14:26:54+00:00\" \/>\n<script type=\"application\/ld+json\" class=\"yoast-schema-graph\">{\"@context\":\"https:\/\/schema.org\",\"@graph\":[{\"@type\":\"WebPage\",\"@id\":\"https:\/\/expeditionmotorhomes.com\/es\/requerimientos-de-reservacion\/\",\"url\":\"https:\/\/expeditionmotorhomes.com\/es\/requerimientos-de-reservacion\/\",\"name\":\"Requerimientos de Reservacion | California Expedition Motorhomes\",\"isPartOf\":{\"@id\":\"https:\/\/demo.ezzysales.com\/expedition\/#website\"},\"datePublished\":\"2015-03-16T20:16:53+00:00\",\"dateModified\":\"2019-06-19T14:26:54+00:00\",\"breadcrumb\":{\"@id\":\"https:\/\/expeditionmotorhomes.com\/es\/requerimientos-de-reservacion\/#breadcrumb\"},\"inLanguage\":\"es-ES\",\"potentialAction\":[{\"@type\":\"ReadAction\",\"target\":[\"https:\/\/expeditionmotorhomes.com\/es\/requerimientos-de-reservacion\/\"]}]},{\"@type\":\"BreadcrumbList\",\"@id\":\"https:\/\/expeditionmotorhomes.com\/es\/requerimientos-de-reservacion\/#breadcrumb\",\"itemListElement\":[{\"@type\":\"ListItem\",\"position\":1,\"name\":\"Home\",\"item\":\"https:\/\/expeditionmotorhomes.com\/es\/\"},{\"@type\":\"ListItem\",\"position\":2,\"name\":\"T\u00e9rminos de alquiler\"}]},{\"@type\":\"WebSite\",\"@id\":\"https:\/\/demo.ezzysales.com\/expedition\/#website\",\"url\":\"https:\/\/demo.ezzysales.com\/expedition\/\",\"name\":\"Expedition Motor Homes\",\"description\":\"\",\"publisher\":{\"@id\":\"https:\/\/demo.ezzysales.com\/expedition\/#organization\"},\"potentialAction\":[{\"@type\":\"SearchAction\",\"target\":{\"@type\":\"EntryPoint\",\"urlTemplate\":\"https:\/\/demo.ezzysales.com\/expedition\/?s={search_term_string}\"},\"query-input\":\"required name=search_term_string\"}],\"inLanguage\":\"es-ES\"},{\"@type\":\"Organization\",\"@id\":\"https:\/\/demo.ezzysales.com\/expedition\/#organization\",\"name\":\"Expedition Motor Homes\",\"url\":\"https:\/\/demo.ezzysales.com\/expedition\/\",\"logo\":{\"@type\":\"ImageObject\",\"inLanguage\":\"es-ES\",\"@id\":\"https:\/\/demo.ezzysales.com\/expedition\/#\/schema\/logo\/image\/\",\"url\":\"\",\"contentUrl\":\"\",\"caption\":\"Expedition Motor Homes\"},\"image\":{\"@id\":\"https:\/\/demo.ezzysales.com\/expedition\/#\/schema\/logo\/image\/\"}}]}<\/script>\n<!-- \/ Yoast SEO plugin. -->","yoast_head_json":{"title":"Requerimientos de Reservacion | California Expedition Motorhomes","robots":{"index":"index","follow":"follow","max-snippet":"max-snippet:-1","max-image-preview":"max-image-preview:large","max-video-preview":"max-video-preview:-1"},"canonical":"https:\/\/expeditionmotorhomes.com\/es\/requerimientos-de-reservacion\/","og_locale":"es_ES","og_type":"article","og_title":"Requerimientos de Reservacion | California Expedition Motorhomes","og_description":"Llegar a nosotros","og_url":"https:\/\/expeditionmotorhomes.com\/es\/requerimientos-de-reservacion\/","og_site_name":"Expedition Motor Homes","article_modified_time":"2019-06-19T14:26:54+00:00","schema":{"@context":"https:\/\/schema.org","@graph":[{"@type":"WebPage","@id":"https:\/\/expeditionmotorhomes.com\/es\/requerimientos-de-reservacion\/","url":"https:\/\/expeditionmotorhomes.com\/es\/requerimientos-de-reservacion\/","name":"Requerimientos de Reservacion | California Expedition Motorhomes","isPartOf":{"@id":"https:\/\/demo.ezzysales.com\/expedition\/#website"},"datePublished":"2015-03-16T20:16:53+00:00","dateModified":"2019-06-19T14:26:54+00:00","breadcrumb":{"@id":"https:\/\/expeditionmotorhomes.com\/es\/requerimientos-de-reservacion\/#breadcrumb"},"inLanguage":"es-ES","potentialAction":[{"@type":"ReadAction","target":["https:\/\/expeditionmotorhomes.com\/es\/requerimientos-de-reservacion\/"]}]},{"@type":"BreadcrumbList","@id":"https:\/\/expeditionmotorhomes.com\/es\/requerimientos-de-reservacion\/#breadcrumb","itemListElement":[{"@type":"ListItem","position":1,"name":"Home","item":"https:\/\/expeditionmotorhomes.com\/es\/"},{"@type":"ListItem","position":2,"name":"T\u00e9rminos de alquiler"}]},{"@type":"WebSite","@id":"https:\/\/demo.ezzysales.com\/expedition\/#website","url":"https:\/\/demo.ezzysales.com\/expedition\/","name":"Expedition Motor Homes","description":"","publisher":{"@id":"https:\/\/demo.ezzysales.com\/expedition\/#organization"},"potentialAction":[{"@type":"SearchAction","target":{"@type":"EntryPoint","urlTemplate":"https:\/\/demo.ezzysales.com\/expedition\/?s={search_term_string}"},"query-input":"required name=search_term_string"}],"inLanguage":"es-ES"},{"@type":"Organization","@id":"https:\/\/demo.ezzysales.com\/expedition\/#organization","name":"Expedition Motor Homes","url":"https:\/\/demo.ezzysales.com\/expedition\/","logo":{"@type":"ImageObject","inLanguage":"es-ES","@id":"https:\/\/demo.ezzysales.com\/expedition\/#\/schema\/logo\/image\/","url":"","contentUrl":"","caption":"Expedition Motor Homes"},"image":{"@id":"https:\/\/demo.ezzysales.com\/expedition\/#\/schema\/logo\/image\/"}}]}},"post_mailing_queue_ids":[],"_links":{"self":[{"href":"https:\/\/expeditionmotorhomes.com\/es\/wp-json\/wp\/v2\/pages\/2870","targetHints":{"allow":["GET"]}}],"collection":[{"href":"https:\/\/expeditionmotorhomes.com\/es\/wp-json\/wp\/v2\/pages"}],"about":[{"href":"https:\/\/expeditionmotorhomes.com\/es\/wp-json\/wp\/v2\/types\/page"}],"author":[{"embeddable":true,"href":"https:\/\/expeditionmotorhomes.com\/es\/wp-json\/wp\/v2\/users\/15"}],"replies":[{"embeddable":true,"href":"https:\/\/expeditionmotorhomes.com\/es\/wp-json\/wp\/v2\/comments?post=2870"}],"version-history":[{"count":3,"href":"https:\/\/expeditionmotorhomes.com\/es\/wp-json\/wp\/v2\/pages\/2870\/revisions"}],"predecessor-version":[{"id":9242,"href":"https:\/\/expeditionmotorhomes.com\/es\/wp-json\/wp\/v2\/pages\/2870\/revisions\/9242"}],"wp:attachment":[{"href":"https:\/\/expeditionmotorhomes.com\/es\/wp-json\/wp\/v2\/media?parent=2870"}],"curies":[{"name":"wp","href":"https:\/\/api.w.org\/{rel}","templated":true}]}}