{"id":2879,"date":"2015-03-16T20:51:54","date_gmt":"2015-03-17T03:51:54","guid":{"rendered":"https:\/\/demo.ezzysales.com\/expedition\/\/?page_id=2879"},"modified":"2019-06-19T07:23:28","modified_gmt":"2019-06-19T14:23:28","slug":"contactanos","status":"publish","type":"page","link":"https:\/\/expeditionmotorhomes.com\/es\/contactanos\/","title":{"rendered":"Cont\u00e1ctanos"},"content":{"rendered":"\n<p>C\u00f3mo podemos ayudarle? Su negocio continuo es importante para nosotros. Llame a la l\u00ednea gratuita desde cualquier lugar de los Estados Unidos o env\u00edenos un correo electr\u00f3nico. Nos pondremos en contacto con usted en menos de 24 horas. \u00a1M\u00e1s que un nombre, queremos ser su clave para una aventura maravillosa!<\/p>\n\n\n\n<div class=\"wp-block-columns has-2-columns is-layout-flex wp-container-core-columns-is-layout-1 wp-block-columns-is-layout-flex\">\n<div class=\"wp-block-column is-layout-flow wp-block-column-is-layout-flow\">\n<div class=\"address-lhs\">\n           <ul>\n              <li class=\"ad-icon\"><strong>Direcci\u00f3n:<\/strong><br>\n              23981 Craftsman Rd., Calabasas, CA 91302<\/li>\n              <li class=\"tel-icon\"><strong>Tel\u00e9fono :<\/strong><br><a href=\"tel:(818) 225-8239\">(818) 225-8239<\/a><\/li>\n              <li class=\"qote-icon\"><strong>Cotizaciones e informaci\u00f3n de alquiler\n:<\/strong><br>\n               <a href=\"mailto:reservations@expeditionMH.com\">Reservations@ExpeditionMH.com<\/a><\/li>\n              <li class=\"emal-icon\"><strong>Programa de consignaci\u00f3n:<\/strong><br><a href=\"mailto:Martin@ExpeditionMH.com\">Martin@ExpeditionMH.com<\/a>\n              <\/li>\n              <li class=\"serv-icon\"><strong>Servicio y preguntas t\u00e9cnicas:<\/strong><br>\n                  <a href=\"mailto:Lupita@ExpeditionMH.com\">Lupita@ExpeditionMH.com<\/a><\/li>\n            <\/ul>   \n        <\/div>\n<\/div>\n\n\n\n<div class=\"wp-block-column is-layout-flow wp-block-column-is-layout-flow\">\n<div class=\"contact_form\">\n\n\n\n<div class=\"wpcf7 no-js\" id=\"wpcf7-f9211-o1\" lang=\"en-US\" dir=\"ltr\">\n<div class=\"screen-reader-response\"><p role=\"status\" aria-live=\"polite\" aria-atomic=\"true\"><\/p> <ul><\/ul><\/div>\n<form action=\"\/es\/wp-json\/wp\/v2\/pages\/2879#wpcf7-f9211-o1\" method=\"post\" class=\"wpcf7-form init\" aria-label=\"Contact form\" novalidate=\"novalidate\" data-status=\"init\">\n<div style=\"display: none;\">\n<input type=\"hidden\" name=\"_wpcf7\" value=\"9211\" \/>\n<input type=\"hidden\" name=\"_wpcf7_version\" value=\"5.8.7\" \/>\n<input type=\"hidden\" name=\"_wpcf7_locale\" value=\"en_US\" \/>\n<input type=\"hidden\" name=\"_wpcf7_unit_tag\" value=\"wpcf7-f9211-o1\" \/>\n<input type=\"hidden\" name=\"_wpcf7_container_post\" value=\"0\" \/>\n<input type=\"hidden\" name=\"_wpcf7_posted_data_hash\" value=\"\" \/>\n<input type=\"hidden\" name=\"_wpcf7_recaptcha_response\" value=\"\" \/>\n<\/div>\n<p><label> Tu nombre*<br \/>\n<span class=\"wpcf7-form-control-wrap\" data-name=\"your-name\"><input size=\"40\" class=\"wpcf7-form-control wpcf7-text wpcf7-validates-as-required\" aria-required=\"true\" aria-invalid=\"false\" value=\"\" type=\"text\" name=\"your-name\" \/><\/span> <\/label>\n<\/p>\n<p><label> Tu correo electr\u00f3nico *<br \/>\n<span class=\"wpcf7-form-control-wrap\" data-name=\"your-email\"><input size=\"40\" class=\"wpcf7-form-control wpcf7-email wpcf7-validates-as-required wpcf7-text wpcf7-validates-as-email\" aria-required=\"true\" aria-invalid=\"false\" value=\"\" type=\"email\" name=\"your-email\" \/><\/span> <\/label>\n<\/p>\n<p><label> Tema<br \/>\n<span class=\"wpcf7-form-control-wrap\" data-name=\"your-subject\"><input size=\"40\" class=\"wpcf7-form-control wpcf7-text\" aria-invalid=\"false\" value=\"\" type=\"text\" name=\"your-subject\" \/><\/span> <\/label>\n<\/p>\n<p><label> Tu mensaje<br \/>\n<span class=\"wpcf7-form-control-wrap\" data-name=\"your-message\"><textarea cols=\"40\" rows=\"10\" class=\"wpcf7-form-control wpcf7-textarea\" aria-invalid=\"false\" name=\"your-message\"><\/textarea><\/span> <\/label>\n<\/p>\n<p><input class=\"wpcf7-form-control wpcf7-submit has-spinner\" type=\"submit\" value=\"Enviar\" \/>\n<\/p><div class=\"wpcf7-response-output\" aria-hidden=\"true\"><\/div>\n<\/form>\n<\/div>\n\n\n\n\n<\/div>\n<\/div>\n<\/div>\n\n\n\n<div class=\"contact-map\">\n        <iframe loading=\"lazy\" src=\"https:\/\/www.google.com\/maps\/embed?pb=!1m14!1m8!1m3!1d26413.101313964657!2d-118.6498!3d34.155611!3m2!1i1024!2i768!4f13.1!3m3!1m2!1s0x0%3A0xff0b9f5dee95e640!2sExpedition+Motor+Homes%2C+Inc.!5e0!3m2!1sen!2sus!4v1553764311880\" width=\"100%\" height=\"450\" frameborder=\"0\" style=\"border:0\" allowfullscreen=\"\"><\/iframe>\n         <\/div>\n","protected":false},"excerpt":{"rendered":"C\u00f3mo podemos ayudarle? Su negocio continuo es importante para nosotros&#8230;.","protected":false},"author":15,"featured_media":0,"parent":0,"menu_order":0,"comment_status":"open","ping_status":"open","template":"pagetemplate\/innerpage.php","meta":{"_acf_changed":false,"content-type":"","footnotes":""},"class_list":["post-2879","page","type-page","status-publish","hentry"],"acf":[],"yoast_head":"<!-- This site is optimized with the Yoast SEO plugin v22.1 - https:\/\/yoast.com\/wordpress\/plugins\/seo\/ -->\n<title>Cont\u00e1ctanos - Expedition Motor Homes<\/title>\n<meta name=\"robots\" content=\"index, follow, max-snippet:-1, max-image-preview:large, max-video-preview:-1\" \/>\n<link rel=\"canonical\" href=\"https:\/\/expeditionmotorhomes.com\/es\/contactanos\/\" \/>\n<meta property=\"og:locale\" content=\"es_ES\" \/>\n<meta property=\"og:type\" content=\"article\" \/>\n<meta property=\"og:title\" content=\"Cont\u00e1ctanos - Expedition Motor Homes\" \/>\n<meta property=\"og:description\" content=\"C\u00f3mo podemos ayudarle? Su negocio continuo es importante para nosotros....\" \/>\n<meta property=\"og:url\" content=\"https:\/\/expeditionmotorhomes.com\/es\/contactanos\/\" \/>\n<meta property=\"og:site_name\" content=\"Expedition Motor Homes\" \/>\n<meta property=\"article:modified_time\" content=\"2019-06-19T14:23:28+00:00\" \/>\n<script type=\"application\/ld+json\" class=\"yoast-schema-graph\">{\"@context\":\"https:\/\/schema.org\",\"@graph\":[{\"@type\":\"WebPage\",\"@id\":\"https:\/\/expeditionmotorhomes.com\/es\/contactanos\/\",\"url\":\"https:\/\/expeditionmotorhomes.com\/es\/contactanos\/\",\"name\":\"Cont\u00e1ctanos - Expedition Motor Homes\",\"isPartOf\":{\"@id\":\"https:\/\/demo.ezzysales.com\/expedition\/#website\"},\"datePublished\":\"2015-03-17T03:51:54+00:00\",\"dateModified\":\"2019-06-19T14:23:28+00:00\",\"breadcrumb\":{\"@id\":\"https:\/\/expeditionmotorhomes.com\/es\/contactanos\/#breadcrumb\"},\"inLanguage\":\"es-ES\",\"potentialAction\":[{\"@type\":\"ReadAction\",\"target\":[\"https:\/\/expeditionmotorhomes.com\/es\/contactanos\/\"]}]},{\"@type\":\"BreadcrumbList\",\"@id\":\"https:\/\/expeditionmotorhomes.com\/es\/contactanos\/#breadcrumb\",\"itemListElement\":[{\"@type\":\"ListItem\",\"position\":1,\"name\":\"Home\",\"item\":\"https:\/\/expeditionmotorhomes.com\/es\/\"},{\"@type\":\"ListItem\",\"position\":2,\"name\":\"Cont\u00e1ctanos\"}]},{\"@type\":\"WebSite\",\"@id\":\"https:\/\/demo.ezzysales.com\/expedition\/#website\",\"url\":\"https:\/\/demo.ezzysales.com\/expedition\/\",\"name\":\"Expedition Motor Homes\",\"description\":\"\",\"publisher\":{\"@id\":\"https:\/\/demo.ezzysales.com\/expedition\/#organization\"},\"potentialAction\":[{\"@type\":\"SearchAction\",\"target\":{\"@type\":\"EntryPoint\",\"urlTemplate\":\"https:\/\/demo.ezzysales.com\/expedition\/?s={search_term_string}\"},\"query-input\":\"required name=search_term_string\"}],\"inLanguage\":\"es-ES\"},{\"@type\":\"Organization\",\"@id\":\"https:\/\/demo.ezzysales.com\/expedition\/#organization\",\"name\":\"Expedition Motor Homes\",\"url\":\"https:\/\/demo.ezzysales.com\/expedition\/\",\"logo\":{\"@type\":\"ImageObject\",\"inLanguage\":\"es-ES\",\"@id\":\"https:\/\/demo.ezzysales.com\/expedition\/#\/schema\/logo\/image\/\",\"url\":\"\",\"contentUrl\":\"\",\"caption\":\"Expedition Motor Homes\"},\"image\":{\"@id\":\"https:\/\/demo.ezzysales.com\/expedition\/#\/schema\/logo\/image\/\"}}]}<\/script>\n<!-- \/ Yoast SEO plugin. -->","yoast_head_json":{"title":"Cont\u00e1ctanos - Expedition Motor Homes","robots":{"index":"index","follow":"follow","max-snippet":"max-snippet:-1","max-image-preview":"max-image-preview:large","max-video-preview":"max-video-preview:-1"},"canonical":"https:\/\/expeditionmotorhomes.com\/es\/contactanos\/","og_locale":"es_ES","og_type":"article","og_title":"Cont\u00e1ctanos - Expedition Motor Homes","og_description":"C\u00f3mo podemos ayudarle? Su negocio continuo es importante para nosotros....","og_url":"https:\/\/expeditionmotorhomes.com\/es\/contactanos\/","og_site_name":"Expedition Motor Homes","article_modified_time":"2019-06-19T14:23:28+00:00","schema":{"@context":"https:\/\/schema.org","@graph":[{"@type":"WebPage","@id":"https:\/\/expeditionmotorhomes.com\/es\/contactanos\/","url":"https:\/\/expeditionmotorhomes.com\/es\/contactanos\/","name":"Cont\u00e1ctanos - Expedition Motor Homes","isPartOf":{"@id":"https:\/\/demo.ezzysales.com\/expedition\/#website"},"datePublished":"2015-03-17T03:51:54+00:00","dateModified":"2019-06-19T14:23:28+00:00","breadcrumb":{"@id":"https:\/\/expeditionmotorhomes.com\/es\/contactanos\/#breadcrumb"},"inLanguage":"es-ES","potentialAction":[{"@type":"ReadAction","target":["https:\/\/expeditionmotorhomes.com\/es\/contactanos\/"]}]},{"@type":"BreadcrumbList","@id":"https:\/\/expeditionmotorhomes.com\/es\/contactanos\/#breadcrumb","itemListElement":[{"@type":"ListItem","position":1,"name":"Home","item":"https:\/\/expeditionmotorhomes.com\/es\/"},{"@type":"ListItem","position":2,"name":"Cont\u00e1ctanos"}]},{"@type":"WebSite","@id":"https:\/\/demo.ezzysales.com\/expedition\/#website","url":"https:\/\/demo.ezzysales.com\/expedition\/","name":"Expedition Motor Homes","description":"","publisher":{"@id":"https:\/\/demo.ezzysales.com\/expedition\/#organization"},"potentialAction":[{"@type":"SearchAction","target":{"@type":"EntryPoint","urlTemplate":"https:\/\/demo.ezzysales.com\/expedition\/?s={search_term_string}"},"query-input":"required name=search_term_string"}],"inLanguage":"es-ES"},{"@type":"Organization","@id":"https:\/\/demo.ezzysales.com\/expedition\/#organization","name":"Expedition Motor Homes","url":"https:\/\/demo.ezzysales.com\/expedition\/","logo":{"@type":"ImageObject","inLanguage":"es-ES","@id":"https:\/\/demo.ezzysales.com\/expedition\/#\/schema\/logo\/image\/","url":"","contentUrl":"","caption":"Expedition Motor Homes"},"image":{"@id":"https:\/\/demo.ezzysales.com\/expedition\/#\/schema\/logo\/image\/"}}]}},"post_mailing_queue_ids":[],"_links":{"self":[{"href":"https:\/\/expeditionmotorhomes.com\/es\/wp-json\/wp\/v2\/pages\/2879","targetHints":{"allow":["GET"]}}],"collection":[{"href":"https:\/\/expeditionmotorhomes.com\/es\/wp-json\/wp\/v2\/pages"}],"about":[{"href":"https:\/\/expeditionmotorhomes.com\/es\/wp-json\/wp\/v2\/types\/page"}],"author":[{"embeddable":true,"href":"https:\/\/expeditionmotorhomes.com\/es\/wp-json\/wp\/v2\/users\/15"}],"replies":[{"embeddable":true,"href":"https:\/\/expeditionmotorhomes.com\/es\/wp-json\/wp\/v2\/comments?post=2879"}],"version-history":[{"count":3,"href":"https:\/\/expeditionmotorhomes.com\/es\/wp-json\/wp\/v2\/pages\/2879\/revisions"}],"predecessor-version":[{"id":9238,"href":"https:\/\/expeditionmotorhomes.com\/es\/wp-json\/wp\/v2\/pages\/2879\/revisions\/9238"}],"wp:attachment":[{"href":"https:\/\/expeditionmotorhomes.com\/es\/wp-json\/wp\/v2\/media?parent=2879"}],"curies":[{"name":"wp","href":"https:\/\/api.w.org\/{rel}","templated":true}]}}