{"id":7884,"date":"2019-06-07T03:23:54","date_gmt":"2019-06-07T10:23:54","guid":{"rendered":"https:\/\/demo.ezzysales.com\/expedition\/?page_id=7884"},"modified":"2019-06-19T07:25:16","modified_gmt":"2019-06-19T14:25:16","slug":"salidas-y-entrenamiento","status":"publish","type":"page","link":"https:\/\/expeditionmotorhomes.com\/es\/salidas-y-entrenamiento\/","title":{"rendered":"Salidas y Entrenamiento"},"content":{"rendered":"\n<div class=\"dandt-top\">\n<p>Se requiere que todos los inquilinos entrenen un poco antes de que puedan tomar su alquiler de vacaciones. \u00a1Queremos asegurarnos de que usted y su familia est\u00e9n seguros mientras se embarca en su aventura familiar! Aqu\u00ed hay 2 maneras en que podemos lograr este objetivo de diversi\u00f3n familiar que es SEGURO y LIBRE DE PREOCUPACI\u00d3N. Seleccione una de las 2 opciones a continuaci\u00f3n y siga los pasos proporcionados.<\/p>\n<span>\u201cExprimir\u201dSalida f\u00e1cil de 3 pasos, Te ahorra tiempo y gasolina\n<\/span>\n<\/div>\n\n\n\n<div class=\"depature-tab\">\n  <ul class=\"tabs\">\n    <li class=\"tab-link current\" data-tab=\"tab-1\">Antes del dia de salida<\/li>\n    <li class=\"tab-link\" data-tab=\"tab-2\">El dia de salida<\/li>\n    <li class=\"tab-link\" data-tab=\"tab-3\">\u201cVacaciones\u201d Salida<\/li>\n  <\/ul>\n  <div id=\"tab-1\" class=\"depature-tab-content current\">\n        <ul class=\"margin-li\">\n        <li>Completamente inicial, firme y devuelva el contrato de alquiler y la confirmaci\u00f3n del seguro. (carpeta o comprado en l\u00ednea\n).<\/li>\n        <li>Debe ver estos 4 videos cortos en l\u00ednea dentro de los 7 d\u00edas de la partida. (No lo mires antes de entonces &#8230; podr\u00edas olvidar lo que viste!).<\/li>\n    \n <div class=\"video-section-training\">\n     <h3 class=\"line-heading\">Videos de entrenamiento<\/h3>\n\n\n<ul>\n<li class=\"vst-li\">\n<div class=\"wp-block-embed__wrapper\">\n<div class=\"video-container\">\n<iframe loading=\"lazy\" src=\"\/\/www.youtube.com\/embed\/wy9xMjIT0fU\" width=\"420\" height=\"315\" frameborder=\"0\" allowfullscreen=\"allowfullscreen\"><\/iframe>\n<\/div>\n<div class=\"video-info\"><h4>Entrenamiento de sistemas interiores<\/h4><\/div>\n<\/div>\n<\/li>\n<li class=\"vst-li\">\n<div class=\"wp-block-embed__wrapper\">\n<div class=\"video-container\">\n<iframe loading=\"lazy\" src=\"\/\/www.youtube.com\/embed\/W0bTI6KnKQk\" width=\"420\" height=\"315\" frameborder=\"0\" allowfullscreen=\"allowfullscreen\"><\/iframe>\n<\/div>\n<div class=\"video-info\"><h4>Formaci\u00f3n en sistemas exteriores<\/h4><\/div>\n<\/div>\n<\/li>\n<li class=\"vst-li\">\n<div class=\"wp-block-embed__wrapper\">\n<div class=\"video-container\">\n<iframe loading=\"lazy\" src=\"\/\/www.youtube.com\/embed\/k8mD_M5v8wU\" width=\"420\" height=\"315\" frameborder=\"0\" allowfullscreen=\"allowfullscreen\"><\/iframe>\n<\/div>\n<div class=\"video-info\"><h4>Instalaci\u00f3n y desmontaje de toldos.<\/h4><\/div>\n<\/div>\n<\/li>\n<li class=\"vst-li\">\n<div class=\"wp-block-embed__wrapper\">\n<div class=\"video-container\">\n<iframe loading=\"lazy\" src=\"\/\/www.youtube.com\/embed\/Nr4R3zgeWqM\" width=\"420\" height=\"315\" frameborder=\"0\" allowfullscreen=\"allowfullscreen\"><\/iframe>\n<\/div>\n<div class=\"video-info\"><h4>Aire acondicionado<\/h4><\/div>\n<\/div>\n<\/li>\n<li class=\"vst-li\">\n<div class=\"wp-block-embed__wrapper\">\n<div class=\"video-container\">\n<iframe loading=\"lazy\" src=\"\/\/www.youtube.com\/embed\/uFjDQ_oIG1o\" width=\"420\" height=\"315\" frameborder=\"0\" allowfullscreen=\"allowfullscreen\"><\/iframe>\n<\/div>\n<div class=\"video-info\"><h4>Ba\u00f1o Ba\u00f1o<\/h4><\/div>\n<\/div>\n<\/li>\n<li class=\"vst-li\">\n<div class=\"wp-block-embed__wrapper\">\n<div class=\"video-container\">\n<iframe loading=\"lazy\" src=\"\/\/www.youtube.com\/embed\/oT1uWy7Am_g\" width=\"420\" height=\"315\" frameborder=\"0\" allowfullscreen=\"allowfullscreen\"><\/iframe>\n<\/div>\n<div class=\"video-info\"><h4>Clase c tv<\/h4><\/div>\n<\/div>\n<\/li>\n<li class=\"vst-li\">\n<div class=\"wp-block-embed__wrapper\">\n<div class=\"video-container\">\n<iframe loading=\"lazy\" src=\"\/\/www.youtube.com\/embed\/fO-bhh4BT8Q\" width=\"420\" height=\"315\" frameborder=\"0\" allowfullscreen=\"allowfullscreen\"><\/iframe>\n<\/div>\n<div class=\"video-info\"><h4>Tablero<\/h4><\/div>\n<\/div>\n<\/li>\n<li class=\"vst-li\">\n<div class=\"wp-block-embed__wrapper\">\n<div class=\"video-container\">\n<iframe loading=\"lazy\" src=\"\/\/www.youtube.com\/embed\/BhQGv2pwjeA\" width=\"420\" height=\"315\" frameborder=\"0\" allowfullscreen=\"allowfullscreen\"><\/iframe>\n<\/div>\n<div class=\"video-info\"><h4>Mesa de comedor<\/h4><\/div>\n<\/div>\n<\/li>\n<li class=\"vst-li\">\n<div class=\"wp-block-embed__wrapper\">\n<div class=\"video-container\">\n<iframe loading=\"lazy\" src=\"\/\/www.youtube.com\/embed\/SHjlkwLw8V0\" width=\"420\" height=\"315\" frameborder=\"0\" allowfullscreen=\"allowfullscreen\"><\/iframe>\n<\/div>\n<div class=\"video-info\"><h4>Consejos para acampar en seco<\/h4><\/div>\n<\/div>\n<\/li>\n<li class=\"vst-li\">\n<div class=\"wp-block-embed__wrapper\">\n<div class=\"video-container\">\n<iframe loading=\"lazy\" src=\"\/\/www.youtube.com\/embed\/OLiMC8EhfJk\" width=\"420\" height=\"315\" frameborder=\"0\" allowfullscreen=\"allowfullscreen\"><\/iframe>\n<\/div>\n<div class=\"video-info\"><h4>Paso de entrada<\/h4><\/div>\n<\/div>\n<\/li>\n<li class=\"vst-li\">\n<div class=\"wp-block-embed__wrapper\">\n<div class=\"video-container\">\n<iframe loading=\"lazy\" src=\"\/\/www.youtube.com\/embed\/bzQE6_kVOIw\" width=\"420\" height=\"315\" frameborder=\"0\" allowfullscreen=\"allowfullscreen\"><\/iframe>\n<\/div>\n<div class=\"video-info\"><h4>Tanques de retenci\u00f3n<\/h4><\/div>\n<\/div>\n<\/li>\n<li class=\"vst-li\">\n<div class=\"wp-block-embed__wrapper\">\n<div class=\"video-container\">\n<iframe loading=\"lazy\" src=\"\/\/www.youtube.com\/embed\/p-98lrCLVTs\" width=\"420\" height=\"315\" frameborder=\"0\" allowfullscreen=\"allowfullscreen\"><\/iframe>\n<\/div>\n<div class=\"video-info\"><h4>Cama de sof\u00e1 de Jackknife<\/h4><\/div>\n<\/div>\n<\/li>\n<li class=\"vst-li\">\n<div class=\"wp-block-embed__wrapper\">\n<div class=\"video-container\">\n<iframe loading=\"lazy\" src=\"\/\/www.youtube.com\/embed\/ykacrBqe8Uw\" width=\"420\" height=\"315\" frameborder=\"0\" allowfullscreen=\"allowfullscreen\"><\/iframe>\n<\/div>\n<div class=\"video-info\"><h4>Gatos de nivelaci\u00f3n<\/h4><\/div>\n<\/div>\n<\/li>\n<li class=\"vst-li\">\n<div class=\"wp-block-embed__wrapper\">\n<div class=\"video-container\">\n<iframe loading=\"lazy\" src=\"\/\/www.youtube.com\/embed\/joPsNoPURmw\" width=\"420\" height=\"315\" frameborder=\"0\" allowfullscreen=\"allowfullscreen\"><\/iframe>\n<\/div>\n<div class=\"video-info\"><h4>Consejos de agua a bordo<\/h4><\/div>\n<\/div>\n<\/li>\n<li class=\"vst-li\">\n<div class=\"wp-block-embed__wrapper\">\n<div class=\"video-container\">\n<iframe loading=\"lazy\" src=\"\/\/www.youtube.com\/embed\/q_0ksevxq0E\" width=\"420\" height=\"315\" frameborder=\"0\" allowfullscreen=\"allowfullscreen\"><\/iframe>\n<\/div>\n<div class=\"video-info\"><h4>Refrigerador<\/h4><\/div>\n<\/div>\n<\/li>\n<li class=\"vst-li\">\n<div class=\"wp-block-embed__wrapper\">\n<div class=\"video-container\">\n<iframe loading=\"lazy\" src=\"\/\/www.youtube.com\/embed\/toMdqueyTBI\" width=\"420\" height=\"315\" frameborder=\"0\" allowfullscreen=\"allowfullscreen\"><\/iframe>\n<\/div>\n<div class=\"video-info\"><h4>Caracteristicas de seguridad<\/h4><\/div>\n<\/div>\n<\/li>\n<li class=\"vst-li\">\n<div class=\"wp-block-embed__wrapper\">\n<div class=\"video-container\">\n<iframe loading=\"lazy\" src=\"\/\/www.youtube.com\/embed\/M3Jyuxq_DQY\" width=\"420\" height=\"315\" frameborder=\"0\" allowfullscreen=\"allowfullscreen\"><\/iframe>\n<\/div>\n<div class=\"video-info\"><h4>Salidas de diapositivas<\/h4><\/div>\n<\/div>\n<\/li>\n<li class=\"vst-li\">\n<div class=\"wp-block-embed__wrapper\">\n<div class=\"video-container\">\n<iframe loading=\"lazy\" src=\"\/\/www.youtube.com\/embed\/imLScckYR7M\" width=\"420\" height=\"315\" frameborder=\"0\" allowfullscreen=\"allowfullscreen\"><\/iframe>\n<\/div>\n<div class=\"video-info\"><h4>Cuadro de fuente<\/h4><\/div>\n<\/div>\n<\/li>\n<li class=\"vst-li\">\n<div class=\"wp-block-embed__wrapper\">\n<div class=\"video-container\">\n<iframe loading=\"lazy\" src=\"\/\/www.youtube.com\/embed\/PnHv3A3Prj8\" width=\"420\" height=\"315\" frameborder=\"0\" allowfullscreen=\"allowfullscreen\"><\/iframe>\n<\/div>\n<div class=\"video-info\"><h4>Bomba de agua y calentador de agua<\/h4><\/div>\n<\/div>\n<\/li>\n<li class=\"vst-li\">\n<div class=\"wp-block-embed__wrapper\">\n<div class=\"video-container\">\n<iframe loading=\"lazy\" src=\"\/\/www.youtube.com\/embed\/V3Z3_epNMZM\" width=\"420\" height=\"315\" frameborder=\"0\" allowfullscreen=\"allowfullscreen\"><\/iframe>\n<\/div>\n<div class=\"video-info\"><h4>Cortinas de la ventana<\/h4><\/div>\n<\/div>\n<\/li>\n<li class=\"vst-li\">\n<div class=\"wp-block-embed__wrapper\">\n<div class=\"video-container\">\n<iframe loading=\"lazy\" src=\"\/\/www.youtube.com\/embed\/R_PtsISIRro\" width=\"420\" height=\"315\" frameborder=\"0\" allowfullscreen=\"allowfullscreen\"><\/iframe>\n<\/div>\n<div class=\"video-info\"><h4>Toldo automatico<\/h4><\/div>\n<\/div>\n<\/li>\n<li class=\"vst-li\">\n<div class=\"wp-block-embed__wrapper\">\n<div class=\"video-container\">\n<iframe loading=\"lazy\" src=\"\/\/www.youtube.com\/embed\/tGUQUvSlrWo\" width=\"420\" height=\"315\" frameborder=\"0\" allowfullscreen=\"allowfullscreen\"><\/iframe>\n<\/div>\n<div class=\"video-info\"><h4>Llenado de combustible<\/h4><\/div>\n<\/div>\n<\/li>\n<li class=\"vst-li\">\n<div class=\"wp-block-embed__wrapper\">\n<div class=\"video-container\">\n<iframe loading=\"lazy\" src=\"\/\/www.youtube.com\/embed\/PCdGifL7ToE\" width=\"420\" height=\"315\" frameborder=\"0\" allowfullscreen=\"allowfullscreen\"><\/iframe>\n<\/div>\n<div class=\"video-info\"><h4>Compartimientos de almacenaje<\/h4><\/div>\n<\/div>\n<\/li>\n<li class=\"vst-li\">\n<div class=\"wp-block-embed__wrapper\">\n<div class=\"video-container\">\n<iframe loading=\"lazy\" src=\"\/\/www.youtube.com\/embed\/D-PmkhQAEUM\" width=\"420\" height=\"315\" frameborder=\"0\" allowfullscreen=\"allowfullscreen\"><\/iframe>\n<\/div>\n<div class=\"video-info\"><h4>Consejos de conducci\u00f3n<\/h4><\/div>\n<\/div>\n<\/li>\n<li class=\"vst-li\">\n<div class=\"wp-block-embed__wrapper\">\n<div class=\"video-container\">\n<iframe loading=\"lazy\" src=\"\/\/www.youtube.com\/embed\/SE8A7hJpC44\" width=\"420\" height=\"315\" frameborder=\"0\" allowfullscreen=\"allowfullscreen\"><\/iframe>\n<\/div>\n<div class=\"video-info\"><h4>Uso del generador<\/h4><\/div>\n<\/div>\n<\/li>\n<\/ul>\n\n\n\n\n<\/div>\n\u00a0\u00a0<\/ul>\n\u00a0\u00a0<\/div>\n\u00a0\u00a0<div id = \"tab-2\" class = \"depature-tab-content\">\n\u00a0\u00a0\u00a0\u00a0<ul class = \"margin-li\">\n\u00a0\u00a0\u00a0\u00a0\u00a0\u00a0\u00a0\u00a0<li> Debes responder un breve cuestionario de seguridad <\/li>\n\u00a0\u00a0\u00a0\u00a0\u00a0\u00a0\u00a0\u00a0<li> Camina f\u00edsicamente a trav\u00e9s de tu RV para ver d\u00f3nde est\u00e1 todo <\/li>\n\u00a0\u00a0\u00a0\u00a0\u00a0\u00a0\u00a0\u00a0<li> Complete una hoja de verificaci\u00f3n de salida <\/li>\n\u00a0\u00a0\u00a0\u00a0\u00a0\u00a0\u00a0\u00a0<li> Tome sus propias im\u00e1genes del RV por dentro y por fuera para conocer el estado general y el da\u00f1o preexistente. <\/li>\n\u00a0\u00a0\u00a0\u00a0<\/ul>\n\u00a0\u00a0<\/div>\n\u00a0\u00a0<div id = \"tab-3\" class = \"depature-tab-content\">\n\u00a0\u00a0\u00a0\u00a0\u00a0<p> Dentro de los 7 d\u00edas de la partida, debe ingresar a nuestra oficina en Calabasas, CA: (Llame para hacer una cita) <\/p>\n\u00a0\u00a0\u00a0\u00a0<ul class = \"margin-li\">\n\u00a0\u00a0\u00a0\u00a0\u00a0\u00a0\u00a0\u00a0<li> Si est\u00e1 arrastrando un remolque (o remolcando con un RV), para hacer una inspecci\u00f3n de su veh\u00edculo de remolque (o cualquier otro remolque), las conexiones y el controlador del freno. <\/li>\n\u00a0\u00a0\u00a0\u00a0\u00a0\u00a0\u00a0\u00a0<li> No se pueden realizar salidas de &#8220;Trailer de viaje&#8221; el d\u00eda de la salida debido a limitaciones de programaci\u00f3n. Lo sentimos. <\/li>\n\u00a0\u00a0\u00a0\u00a0\u00a0\u00a0\u00a0\u00a0<\/ul>\n<p><em> <strong> No se ofrecer\u00e1 capacitaci\u00f3n en el momento de la recogida <\/strong> <\/em>. Es extremadamente importante que mire los videos de capacitaci\u00f3n sin interrupciones. <\/p>\n\u00a0\u00a0<\/div>\n<\/div>\n\n\n\n<div class=\"contact_form\">\n\n\n\n<h4 class=\"wp-block-heading\">Legar a nosotros<\/h4>\n\n\n\n<div class=\"wpcf7 no-js\" id=\"wpcf7-f9212-o1\" lang=\"en-US\" dir=\"ltr\">\n<div class=\"screen-reader-response\"><p role=\"status\" aria-live=\"polite\" aria-atomic=\"true\"><\/p> <ul><\/ul><\/div>\n<form action=\"\/es\/wp-json\/wp\/v2\/pages\/7884#wpcf7-f9212-o1\" method=\"post\" class=\"wpcf7-form init\" aria-label=\"Contact form\" novalidate=\"novalidate\" data-status=\"init\">\n<div style=\"display: none;\">\n<input type=\"hidden\" name=\"_wpcf7\" value=\"9212\" \/>\n<input type=\"hidden\" name=\"_wpcf7_version\" value=\"5.8.7\" \/>\n<input type=\"hidden\" name=\"_wpcf7_locale\" value=\"en_US\" \/>\n<input type=\"hidden\" name=\"_wpcf7_unit_tag\" value=\"wpcf7-f9212-o1\" \/>\n<input type=\"hidden\" name=\"_wpcf7_container_post\" value=\"0\" \/>\n<input type=\"hidden\" name=\"_wpcf7_posted_data_hash\" value=\"\" \/>\n<input type=\"hidden\" name=\"_wpcf7_recaptcha_response\" value=\"\" \/>\n<\/div>\n<p><label> Tu nombre *<br \/>\n<span class=\"wpcf7-form-control-wrap\" data-name=\"your-name\"><input size=\"40\" class=\"wpcf7-form-control wpcf7-text wpcf7-validates-as-required\" aria-required=\"true\" aria-invalid=\"false\" value=\"\" type=\"text\" name=\"your-name\" \/><\/span> <\/label>\n<\/p>\n<p><label> Tu correo electr\u00f3nico *<br \/>\n<span class=\"wpcf7-form-control-wrap\" data-name=\"your-email\"><input size=\"40\" class=\"wpcf7-form-control wpcf7-email wpcf7-validates-as-required wpcf7-text wpcf7-validates-as-email\" aria-required=\"true\" aria-invalid=\"false\" value=\"\" type=\"email\" name=\"your-email\" \/><\/span> <\/label>\n<\/p>\n<p><label> N\u00famero de contacto<br \/>\n<span class=\"wpcf7-form-control-wrap\" data-name=\"your-number\"><input size=\"40\" class=\"wpcf7-form-control wpcf7-text wpcf7-validates-as-required\" aria-required=\"true\" aria-invalid=\"false\" value=\"\" type=\"text\" name=\"your-number\" \/><\/span> <\/label>\n<\/p>\n<p><input class=\"wpcf7-form-control wpcf7-submit has-spinner\" type=\"submit\" value=\"Enviar\" \/>\n<\/p><div class=\"wpcf7-response-output\" aria-hidden=\"true\"><\/div>\n<\/form>\n<\/div>\n\n\n\n\n<\/div>\n","protected":false},"excerpt":{"rendered":"Se requiere que todos los inquilinos entrenen un poco antes&#8230;","protected":false},"author":15,"featured_media":0,"parent":0,"menu_order":0,"comment_status":"open","ping_status":"closed","template":"pagetemplate\/innerpage.php","meta":{"_acf_changed":false,"content-type":"","footnotes":""},"class_list":["post-7884","page","type-page","status-publish","hentry"],"acf":[],"yoast_head":"<!-- This site is optimized with the Yoast SEO plugin v22.1 - https:\/\/yoast.com\/wordpress\/plugins\/seo\/ -->\n<title>Salidas y Entrenamiento - Expedition Motor Homes<\/title>\n<meta name=\"robots\" content=\"index, follow, max-snippet:-1, max-image-preview:large, max-video-preview:-1\" \/>\n<link rel=\"canonical\" href=\"https:\/\/expeditionmotorhomes.com\/departures-and-training\/\" \/>\n<meta property=\"og:locale\" content=\"es_ES\" \/>\n<meta property=\"og:type\" content=\"article\" \/>\n<meta property=\"og:title\" content=\"Salidas y Entrenamiento - Expedition Motor Homes\" \/>\n<meta property=\"og:description\" content=\"Se requiere que todos los inquilinos entrenen un poco antes...\" \/>\n<meta property=\"og:url\" content=\"https:\/\/expeditionmotorhomes.com\/departures-and-training\/\" \/>\n<meta property=\"og:site_name\" content=\"Expedition Motor Homes\" \/>\n<meta property=\"article:modified_time\" content=\"2019-06-19T14:25:16+00:00\" \/>\n<meta name=\"twitter:label1\" content=\"Est. reading time\" \/>\n\t<meta name=\"twitter:data1\" content=\"2 minutes\" \/>\n<script type=\"application\/ld+json\" class=\"yoast-schema-graph\">{\"@context\":\"https:\/\/schema.org\",\"@graph\":[{\"@type\":\"WebPage\",\"@id\":\"https:\/\/expeditionmotorhomes.com\/departures-and-training\/\",\"url\":\"https:\/\/expeditionmotorhomes.com\/departures-and-training\/\",\"name\":\"Salidas y Entrenamiento - Expedition Motor Homes\",\"isPartOf\":{\"@id\":\"https:\/\/demo.ezzysales.com\/expedition\/#website\"},\"datePublished\":\"2019-06-07T10:23:54+00:00\",\"dateModified\":\"2019-06-19T14:25:16+00:00\",\"breadcrumb\":{\"@id\":\"https:\/\/expeditionmotorhomes.com\/departures-and-training\/#breadcrumb\"},\"inLanguage\":\"es-ES\",\"potentialAction\":[{\"@type\":\"ReadAction\",\"target\":[\"https:\/\/expeditionmotorhomes.com\/departures-and-training\/\"]}]},{\"@type\":\"BreadcrumbList\",\"@id\":\"https:\/\/expeditionmotorhomes.com\/departures-and-training\/#breadcrumb\",\"itemListElement\":[{\"@type\":\"ListItem\",\"position\":1,\"name\":\"Home\",\"item\":\"https:\/\/expeditionmotorhomes.com\/es\/\"},{\"@type\":\"ListItem\",\"position\":2,\"name\":\"Salidas y Entrenamiento\"}]},{\"@type\":\"WebSite\",\"@id\":\"https:\/\/demo.ezzysales.com\/expedition\/#website\",\"url\":\"https:\/\/demo.ezzysales.com\/expedition\/\",\"name\":\"Expedition Motor Homes\",\"description\":\"\",\"publisher\":{\"@id\":\"https:\/\/demo.ezzysales.com\/expedition\/#organization\"},\"potentialAction\":[{\"@type\":\"SearchAction\",\"target\":{\"@type\":\"EntryPoint\",\"urlTemplate\":\"https:\/\/demo.ezzysales.com\/expedition\/?s={search_term_string}\"},\"query-input\":\"required name=search_term_string\"}],\"inLanguage\":\"es-ES\"},{\"@type\":\"Organization\",\"@id\":\"https:\/\/demo.ezzysales.com\/expedition\/#organization\",\"name\":\"Expedition Motor Homes\",\"url\":\"https:\/\/demo.ezzysales.com\/expedition\/\",\"logo\":{\"@type\":\"ImageObject\",\"inLanguage\":\"es-ES\",\"@id\":\"https:\/\/demo.ezzysales.com\/expedition\/#\/schema\/logo\/image\/\",\"url\":\"\",\"contentUrl\":\"\",\"caption\":\"Expedition Motor Homes\"},\"image\":{\"@id\":\"https:\/\/demo.ezzysales.com\/expedition\/#\/schema\/logo\/image\/\"}}]}<\/script>\n<!-- \/ Yoast SEO plugin. -->","yoast_head_json":{"title":"Salidas y Entrenamiento - Expedition Motor Homes","robots":{"index":"index","follow":"follow","max-snippet":"max-snippet:-1","max-image-preview":"max-image-preview:large","max-video-preview":"max-video-preview:-1"},"canonical":"https:\/\/expeditionmotorhomes.com\/departures-and-training\/","og_locale":"es_ES","og_type":"article","og_title":"Salidas y Entrenamiento - Expedition Motor Homes","og_description":"Se requiere que todos los inquilinos entrenen un poco antes...","og_url":"https:\/\/expeditionmotorhomes.com\/departures-and-training\/","og_site_name":"Expedition Motor Homes","article_modified_time":"2019-06-19T14:25:16+00:00","twitter_misc":{"Est. reading time":"2 minutes"},"schema":{"@context":"https:\/\/schema.org","@graph":[{"@type":"WebPage","@id":"https:\/\/expeditionmotorhomes.com\/departures-and-training\/","url":"https:\/\/expeditionmotorhomes.com\/departures-and-training\/","name":"Salidas y Entrenamiento - Expedition Motor Homes","isPartOf":{"@id":"https:\/\/demo.ezzysales.com\/expedition\/#website"},"datePublished":"2019-06-07T10:23:54+00:00","dateModified":"2019-06-19T14:25:16+00:00","breadcrumb":{"@id":"https:\/\/expeditionmotorhomes.com\/departures-and-training\/#breadcrumb"},"inLanguage":"es-ES","potentialAction":[{"@type":"ReadAction","target":["https:\/\/expeditionmotorhomes.com\/departures-and-training\/"]}]},{"@type":"BreadcrumbList","@id":"https:\/\/expeditionmotorhomes.com\/departures-and-training\/#breadcrumb","itemListElement":[{"@type":"ListItem","position":1,"name":"Home","item":"https:\/\/expeditionmotorhomes.com\/es\/"},{"@type":"ListItem","position":2,"name":"Salidas y Entrenamiento"}]},{"@type":"WebSite","@id":"https:\/\/demo.ezzysales.com\/expedition\/#website","url":"https:\/\/demo.ezzysales.com\/expedition\/","name":"Expedition Motor Homes","description":"","publisher":{"@id":"https:\/\/demo.ezzysales.com\/expedition\/#organization"},"potentialAction":[{"@type":"SearchAction","target":{"@type":"EntryPoint","urlTemplate":"https:\/\/demo.ezzysales.com\/expedition\/?s={search_term_string}"},"query-input":"required name=search_term_string"}],"inLanguage":"es-ES"},{"@type":"Organization","@id":"https:\/\/demo.ezzysales.com\/expedition\/#organization","name":"Expedition Motor Homes","url":"https:\/\/demo.ezzysales.com\/expedition\/","logo":{"@type":"ImageObject","inLanguage":"es-ES","@id":"https:\/\/demo.ezzysales.com\/expedition\/#\/schema\/logo\/image\/","url":"","contentUrl":"","caption":"Expedition Motor Homes"},"image":{"@id":"https:\/\/demo.ezzysales.com\/expedition\/#\/schema\/logo\/image\/"}}]}},"post_mailing_queue_ids":[],"_links":{"self":[{"href":"https:\/\/expeditionmotorhomes.com\/es\/wp-json\/wp\/v2\/pages\/7884","targetHints":{"allow":["GET"]}}],"collection":[{"href":"https:\/\/expeditionmotorhomes.com\/es\/wp-json\/wp\/v2\/pages"}],"about":[{"href":"https:\/\/expeditionmotorhomes.com\/es\/wp-json\/wp\/v2\/types\/page"}],"author":[{"embeddable":true,"href":"https:\/\/expeditionmotorhomes.com\/es\/wp-json\/wp\/v2\/users\/15"}],"replies":[{"embeddable":true,"href":"https:\/\/expeditionmotorhomes.com\/es\/wp-json\/wp\/v2\/comments?post=7884"}],"version-history":[{"count":3,"href":"https:\/\/expeditionmotorhomes.com\/es\/wp-json\/wp\/v2\/pages\/7884\/revisions"}],"predecessor-version":[{"id":9240,"href":"https:\/\/expeditionmotorhomes.com\/es\/wp-json\/wp\/v2\/pages\/7884\/revisions\/9240"}],"wp:attachment":[{"href":"https:\/\/expeditionmotorhomes.com\/es\/wp-json\/wp\/v2\/media?parent=7884"}],"curies":[{"name":"wp","href":"https:\/\/api.w.org\/{rel}","templated":true}]}}