{"id":7901,"date":"2019-06-07T03:43:45","date_gmt":"2019-06-07T10:43:45","guid":{"rendered":"https:\/\/demo.ezzysales.com\/expedition\/?page_id=7901"},"modified":"2019-06-10T03:07:26","modified_gmt":"2019-06-10T10:07:26","slug":"planificador-de-viaje","status":"publish","type":"page","link":"https:\/\/expeditionmotorhomes.com\/es\/planificador-de-viaje\/","title":{"rendered":"Planificador de viaje"},"content":{"rendered":"\n<h4 class=\"wp-block-heading\">Planeando un viaje<\/h4>\n\n\n\n<p>Planear un viaje puede ser abrumador, especialmente las vacaciones y los viajes no son la norma para usted y su familia. Incluso para los \u00e1vidos viajeros de vacaciones, nuestros servicios de planificaci\u00f3n de viajes pueden proporcionar una escapada agradable y placentera. Eliminamos la preocupaci\u00f3n y las complicaciones de su viaje cuando trabaja con nuestro equipo de Planificaci\u00f3n de viajes.<\/p>\n","protected":false},"excerpt":{"rendered":"Planeando un viaje Planear un viaje puede ser abrumador, especialmente&#8230;","protected":false},"author":15,"featured_media":7688,"parent":0,"menu_order":0,"comment_status":"closed","ping_status":"closed","template":"pagetemplate\/innerpage.php","meta":{"_acf_changed":false,"content-type":"","footnotes":""},"class_list":["post-7901","page","type-page","status-publish","has-post-thumbnail","hentry"],"acf":[],"yoast_head":"<!-- This site is optimized with the Yoast SEO plugin v22.1 - https:\/\/yoast.com\/wordpress\/plugins\/seo\/ -->\n<title>Planificador de viaje - Expedition Motor Homes<\/title>\n<meta name=\"robots\" content=\"index, follow, max-snippet:-1, max-image-preview:large, max-video-preview:-1\" \/>\n<link rel=\"canonical\" href=\"https:\/\/expeditionmotorhomes.com\/trip-planner\/\" \/>\n<meta property=\"og:locale\" content=\"es_ES\" \/>\n<meta property=\"og:type\" content=\"article\" \/>\n<meta property=\"og:title\" content=\"Planificador de viaje - Expedition Motor Homes\" \/>\n<meta property=\"og:description\" content=\"Planeando un viaje Planear un viaje puede ser abrumador, especialmente...\" \/>\n<meta property=\"og:url\" content=\"https:\/\/expeditionmotorhomes.com\/trip-planner\/\" \/>\n<meta property=\"og:site_name\" content=\"Expedition Motor Homes\" \/>\n<meta property=\"article:modified_time\" content=\"2019-06-10T10:07:26+00:00\" \/>\n<meta property=\"og:image\" content=\"https:\/\/expeditionmotorhomes.com\/wp-content\/uploads\/2019\/06\/Home-page_02_banner_05.jpg\" \/>\n\t<meta property=\"og:image:width\" content=\"1920\" \/>\n\t<meta property=\"og:image:height\" content=\"801\" \/>\n\t<meta property=\"og:image:type\" content=\"image\/jpeg\" \/>\n<script type=\"application\/ld+json\" class=\"yoast-schema-graph\">{\"@context\":\"https:\/\/schema.org\",\"@graph\":[{\"@type\":\"WebPage\",\"@id\":\"https:\/\/expeditionmotorhomes.com\/trip-planner\/\",\"url\":\"https:\/\/expeditionmotorhomes.com\/trip-planner\/\",\"name\":\"Planificador de viaje - Expedition Motor Homes\",\"isPartOf\":{\"@id\":\"https:\/\/demo.ezzysales.com\/expedition\/#website\"},\"datePublished\":\"2019-06-07T10:43:45+00:00\",\"dateModified\":\"2019-06-10T10:07:26+00:00\",\"breadcrumb\":{\"@id\":\"https:\/\/expeditionmotorhomes.com\/trip-planner\/#breadcrumb\"},\"inLanguage\":\"es-ES\",\"potentialAction\":[{\"@type\":\"ReadAction\",\"target\":[\"https:\/\/expeditionmotorhomes.com\/trip-planner\/\"]}]},{\"@type\":\"BreadcrumbList\",\"@id\":\"https:\/\/expeditionmotorhomes.com\/trip-planner\/#breadcrumb\",\"itemListElement\":[{\"@type\":\"ListItem\",\"position\":1,\"name\":\"Home\",\"item\":\"https:\/\/expeditionmotorhomes.com\/es\/\"},{\"@type\":\"ListItem\",\"position\":2,\"name\":\"Planificador de viaje\"}]},{\"@type\":\"WebSite\",\"@id\":\"https:\/\/demo.ezzysales.com\/expedition\/#website\",\"url\":\"https:\/\/demo.ezzysales.com\/expedition\/\",\"name\":\"Expedition Motor Homes\",\"description\":\"\",\"publisher\":{\"@id\":\"https:\/\/demo.ezzysales.com\/expedition\/#organization\"},\"potentialAction\":[{\"@type\":\"SearchAction\",\"target\":{\"@type\":\"EntryPoint\",\"urlTemplate\":\"https:\/\/demo.ezzysales.com\/expedition\/?s={search_term_string}\"},\"query-input\":\"required name=search_term_string\"}],\"inLanguage\":\"es-ES\"},{\"@type\":\"Organization\",\"@id\":\"https:\/\/demo.ezzysales.com\/expedition\/#organization\",\"name\":\"Expedition Motor Homes\",\"url\":\"https:\/\/demo.ezzysales.com\/expedition\/\",\"logo\":{\"@type\":\"ImageObject\",\"inLanguage\":\"es-ES\",\"@id\":\"https:\/\/demo.ezzysales.com\/expedition\/#\/schema\/logo\/image\/\",\"url\":\"\",\"contentUrl\":\"\",\"caption\":\"Expedition Motor Homes\"},\"image\":{\"@id\":\"https:\/\/demo.ezzysales.com\/expedition\/#\/schema\/logo\/image\/\"}}]}<\/script>\n<!-- \/ Yoast SEO plugin. -->","yoast_head_json":{"title":"Planificador de viaje - Expedition Motor Homes","robots":{"index":"index","follow":"follow","max-snippet":"max-snippet:-1","max-image-preview":"max-image-preview:large","max-video-preview":"max-video-preview:-1"},"canonical":"https:\/\/expeditionmotorhomes.com\/trip-planner\/","og_locale":"es_ES","og_type":"article","og_title":"Planificador de viaje - Expedition Motor Homes","og_description":"Planeando un viaje Planear un viaje puede ser abrumador, especialmente...","og_url":"https:\/\/expeditionmotorhomes.com\/trip-planner\/","og_site_name":"Expedition Motor Homes","article_modified_time":"2019-06-10T10:07:26+00:00","og_image":[{"width":1920,"height":801,"url":"https:\/\/expeditionmotorhomes.com\/wp-content\/uploads\/2019\/06\/Home-page_02_banner_05.jpg","type":"image\/jpeg"}],"schema":{"@context":"https:\/\/schema.org","@graph":[{"@type":"WebPage","@id":"https:\/\/expeditionmotorhomes.com\/trip-planner\/","url":"https:\/\/expeditionmotorhomes.com\/trip-planner\/","name":"Planificador de viaje - Expedition Motor Homes","isPartOf":{"@id":"https:\/\/demo.ezzysales.com\/expedition\/#website"},"datePublished":"2019-06-07T10:43:45+00:00","dateModified":"2019-06-10T10:07:26+00:00","breadcrumb":{"@id":"https:\/\/expeditionmotorhomes.com\/trip-planner\/#breadcrumb"},"inLanguage":"es-ES","potentialAction":[{"@type":"ReadAction","target":["https:\/\/expeditionmotorhomes.com\/trip-planner\/"]}]},{"@type":"BreadcrumbList","@id":"https:\/\/expeditionmotorhomes.com\/trip-planner\/#breadcrumb","itemListElement":[{"@type":"ListItem","position":1,"name":"Home","item":"https:\/\/expeditionmotorhomes.com\/es\/"},{"@type":"ListItem","position":2,"name":"Planificador de viaje"}]},{"@type":"WebSite","@id":"https:\/\/demo.ezzysales.com\/expedition\/#website","url":"https:\/\/demo.ezzysales.com\/expedition\/","name":"Expedition Motor Homes","description":"","publisher":{"@id":"https:\/\/demo.ezzysales.com\/expedition\/#organization"},"potentialAction":[{"@type":"SearchAction","target":{"@type":"EntryPoint","urlTemplate":"https:\/\/demo.ezzysales.com\/expedition\/?s={search_term_string}"},"query-input":"required name=search_term_string"}],"inLanguage":"es-ES"},{"@type":"Organization","@id":"https:\/\/demo.ezzysales.com\/expedition\/#organization","name":"Expedition Motor Homes","url":"https:\/\/demo.ezzysales.com\/expedition\/","logo":{"@type":"ImageObject","inLanguage":"es-ES","@id":"https:\/\/demo.ezzysales.com\/expedition\/#\/schema\/logo\/image\/","url":"","contentUrl":"","caption":"Expedition Motor Homes"},"image":{"@id":"https:\/\/demo.ezzysales.com\/expedition\/#\/schema\/logo\/image\/"}}]}},"post_mailing_queue_ids":[],"_links":{"self":[{"href":"https:\/\/expeditionmotorhomes.com\/es\/wp-json\/wp\/v2\/pages\/7901","targetHints":{"allow":["GET"]}}],"collection":[{"href":"https:\/\/expeditionmotorhomes.com\/es\/wp-json\/wp\/v2\/pages"}],"about":[{"href":"https:\/\/expeditionmotorhomes.com\/es\/wp-json\/wp\/v2\/types\/page"}],"author":[{"embeddable":true,"href":"https:\/\/expeditionmotorhomes.com\/es\/wp-json\/wp\/v2\/users\/15"}],"replies":[{"embeddable":true,"href":"https:\/\/expeditionmotorhomes.com\/es\/wp-json\/wp\/v2\/comments?post=7901"}],"version-history":[{"count":3,"href":"https:\/\/expeditionmotorhomes.com\/es\/wp-json\/wp\/v2\/pages\/7901\/revisions"}],"predecessor-version":[{"id":8045,"href":"https:\/\/expeditionmotorhomes.com\/es\/wp-json\/wp\/v2\/pages\/7901\/revisions\/8045"}],"wp:featuredmedia":[{"embeddable":true,"href":"https:\/\/expeditionmotorhomes.com\/es\/wp-json\/wp\/v2\/media\/7688"}],"wp:attachment":[{"href":"https:\/\/expeditionmotorhomes.com\/es\/wp-json\/wp\/v2\/media?parent=7901"}],"curies":[{"name":"wp","href":"https:\/\/api.w.org\/{rel}","templated":true}]}}