{"id":7906,"date":"2019-06-07T03:47:42","date_gmt":"2019-06-07T10:47:42","guid":{"rendered":"https:\/\/demo.ezzysales.com\/expedition\/?page_id=7906"},"modified":"2019-06-11T21:50:12","modified_gmt":"2019-06-12T04:50:12","slug":"addendum-del-animal-domestico","status":"publish","type":"page","link":"https:\/\/expeditionmotorhomes.com\/es\/requerimientos-de-reservacion\/addendum-del-animal-domestico\/","title":{"rendered":"Addendum del animal dom\u00e9stico"},"content":{"rendered":"\n<p>El personal y la administraci\u00f3n de Expedition Motor Homes comprenden que usted considera que la mascota de su familia es un miembro importante de su familia y, por lo tanto, es posible que desee incluir a su mascota en el viaje familiar. Por eso creemos en la &#8220;mascota invisible&#8221;. Sin embargo, \u00a1hay algunas reglas y regulaciones que debes aceptar primero!<\/p>\n\n\n <div class=\"rental-content\">\r\n  <div class=\"rental-user\">\r\n    <div class=\"sidenav\">\r\n      <ul class=\"page-sub-nav tab\"> <li><a href=\"#basurero-sanitario\"  id=\"back\" class=\"visited\">Basurero sanitario<\/a><\/li><li><a href=\"#que-es-una-mascota-invisible\"  id=\"back\" class=\"\">Qu\u00e9 es una mascota invisible?<\/a><\/li>\r\n      <\/ul>\r\n      <\/div>\r\n       <div class=\"main\" ><div class=\"rental-tab active\" id=\"basurero-sanitario\">\r\n              <h2>Basurero sanitario<\/h2>\r\n              <p><ol>\r\n \t<li>Expedition Motor Homes, Inc. descargar\u00e1 tanques y l\u00edneas de descarga cuando se devuelva la autocaravana, como parte de los cargos de limpieza. La tarifa normal es de $ 99.00.<\/li>\r\n \t<li>Si se devuelve el RV con los tanques de retenci\u00f3n obstruidos, se cobrar\u00e1 una tarifa de $ 250. Adem\u00e1s, el arrendatario ser\u00e1 responsable de los boletos o multas recaudados en relaci\u00f3n con la eliminaci\u00f3n de residuos.<\/li>\r\n<\/ol><\/p>\r\n            <\/div><div class=\"rental-tab\" id=\"que-es-una-mascota-invisible\">\r\n            <h2>Qu\u00e9 es una mascota invisible?<\/h2>\r\n            <p><div class=\"tlid-input input\">\r\n<div class=\"source-wrap\">\r\n<div class=\"input-full-height-wrapper tlid-input-full-height-wrapper\">\r\n<div class=\"source-input\">\r\n<div class=\"source-footer-wrap source-or-target-footer\">\r\n<div class=\"character-count tlid-character-count\">\r\n<div class=\"cc-ctr normal\">Bueno ... lo que realmente significa es que cuando se devuelve la casa rodante \/ remolque, no debemos ver ni oler ning\u00fan indicio de que haya un animal en la unidad.<\/div>\r\n<\/div>\r\n<\/div>\r\n<\/div>\r\n<\/div>\r\n<\/div>\r\n<\/div>\r\n<div class=\"tlid-results-container results-container\">\r\n<div class=\"tlid-result result-dict-wrapper\">\r\n<div class=\"result tlid-copy-target\">\r\n<div class=\"text-wrap tlid-copy-target\">\r\n<div class=\"result-shield-container tlid-copy-target\" tabindex=\"0\"><span class=\"tlid-translation translation\" lang=\"es\">\r\n<span class=\"\" title=\"\">Esto incluye pero no se limita a:<\/span><\/span><\/div>\r\n<\/div>\r\n<\/div>\r\n<\/div>\r\n<\/div>\r\nPet Hair,\r\n<ul>\r\n \t<li>manchas de moqueta y \/ o tela,<\/li>\r\n \t<li>l\u00e1grimas de alfombra y \/ o tela,<\/li>\r\n \t<li>da\u00f1os en las cubiertas de las ventanas,<\/li>\r\n \t<li>Da\u00f1o en el panel o madera,<\/li>\r\n \t<li>alimentos para mascotas,<\/li>\r\n \t<li>Olor u olor asociado a un animal.<\/li>\r\n<\/ul><\/p>\r\n          <\/div>\r\n      <\/div> \r\n      <div class=\"clear\"><\/div> \r\n    <\/div>\r\n    <div>\r\n      \n\n\n\n<div class=\"wp-block-button wpcf7-form-control wpcf7-submit is-style-squared\"><a class=\"wp-block-button__link\" href=\"https:\/\/expeditionmotorhomes.com\/es\/contactanos\/\">Cont\u00e1ctenos para m\u00e1s informaci\u00f3n<\/a><\/div>\n","protected":false},"excerpt":{"rendered":"El personal y la administraci\u00f3n de Expedition Motor Homes comprenden&#8230;","protected":false},"author":15,"featured_media":0,"parent":2870,"menu_order":0,"comment_status":"open","ping_status":"closed","template":"pagetemplate\/innerpage.php","meta":{"_acf_changed":false,"content-type":"","footnotes":""},"class_list":["post-7906","page","type-page","status-publish","hentry"],"acf":[],"yoast_head":"<!-- This site is optimized with the Yoast SEO plugin v22.1 - https:\/\/yoast.com\/wordpress\/plugins\/seo\/ -->\n<title>Addendum del animal dom\u00e9stico - Expedition Motor Homes<\/title>\n<meta name=\"robots\" content=\"index, follow, max-snippet:-1, max-image-preview:large, max-video-preview:-1\" \/>\n<link rel=\"canonical\" href=\"https:\/\/expeditionmotorhomes.com\/es\/requerimientos-de-reservacion\/addendum-del-animal-domestico\/\" \/>\n<meta property=\"og:locale\" content=\"es_ES\" \/>\n<meta property=\"og:type\" content=\"article\" \/>\n<meta property=\"og:title\" content=\"Addendum del animal dom\u00e9stico - Expedition Motor Homes\" \/>\n<meta property=\"og:description\" content=\"El personal y la administraci\u00f3n de Expedition Motor Homes comprenden...\" \/>\n<meta property=\"og:url\" content=\"https:\/\/expeditionmotorhomes.com\/es\/requerimientos-de-reservacion\/addendum-del-animal-domestico\/\" \/>\n<meta property=\"og:site_name\" content=\"Expedition Motor Homes\" \/>\n<meta property=\"article:modified_time\" content=\"2019-06-12T04:50:12+00:00\" \/>\n<script type=\"application\/ld+json\" class=\"yoast-schema-graph\">{\"@context\":\"https:\/\/schema.org\",\"@graph\":[{\"@type\":\"WebPage\",\"@id\":\"https:\/\/expeditionmotorhomes.com\/es\/requerimientos-de-reservacion\/addendum-del-animal-domestico\/\",\"url\":\"https:\/\/expeditionmotorhomes.com\/es\/requerimientos-de-reservacion\/addendum-del-animal-domestico\/\",\"name\":\"Addendum del animal dom\u00e9stico - Expedition Motor Homes\",\"isPartOf\":{\"@id\":\"https:\/\/demo.ezzysales.com\/expedition\/#website\"},\"datePublished\":\"2019-06-07T10:47:42+00:00\",\"dateModified\":\"2019-06-12T04:50:12+00:00\",\"breadcrumb\":{\"@id\":\"https:\/\/expeditionmotorhomes.com\/es\/requerimientos-de-reservacion\/addendum-del-animal-domestico\/#breadcrumb\"},\"inLanguage\":\"es-ES\",\"potentialAction\":[{\"@type\":\"ReadAction\",\"target\":[\"https:\/\/expeditionmotorhomes.com\/es\/requerimientos-de-reservacion\/addendum-del-animal-domestico\/\"]}]},{\"@type\":\"BreadcrumbList\",\"@id\":\"https:\/\/expeditionmotorhomes.com\/es\/requerimientos-de-reservacion\/addendum-del-animal-domestico\/#breadcrumb\",\"itemListElement\":[{\"@type\":\"ListItem\",\"position\":1,\"name\":\"Home\",\"item\":\"https:\/\/expeditionmotorhomes.com\/es\/\"},{\"@type\":\"ListItem\",\"position\":2,\"name\":\"T\u00e9rminos de alquiler\",\"item\":\"https:\/\/expeditionmotorhomes.com\/es\/requerimientos-de-reservacion\/\"},{\"@type\":\"ListItem\",\"position\":3,\"name\":\"Addendum del animal dom\u00e9stico\"}]},{\"@type\":\"WebSite\",\"@id\":\"https:\/\/demo.ezzysales.com\/expedition\/#website\",\"url\":\"https:\/\/demo.ezzysales.com\/expedition\/\",\"name\":\"Expedition Motor Homes\",\"description\":\"\",\"publisher\":{\"@id\":\"https:\/\/demo.ezzysales.com\/expedition\/#organization\"},\"potentialAction\":[{\"@type\":\"SearchAction\",\"target\":{\"@type\":\"EntryPoint\",\"urlTemplate\":\"https:\/\/demo.ezzysales.com\/expedition\/?s={search_term_string}\"},\"query-input\":\"required name=search_term_string\"}],\"inLanguage\":\"es-ES\"},{\"@type\":\"Organization\",\"@id\":\"https:\/\/demo.ezzysales.com\/expedition\/#organization\",\"name\":\"Expedition Motor Homes\",\"url\":\"https:\/\/demo.ezzysales.com\/expedition\/\",\"logo\":{\"@type\":\"ImageObject\",\"inLanguage\":\"es-ES\",\"@id\":\"https:\/\/demo.ezzysales.com\/expedition\/#\/schema\/logo\/image\/\",\"url\":\"\",\"contentUrl\":\"\",\"caption\":\"Expedition Motor Homes\"},\"image\":{\"@id\":\"https:\/\/demo.ezzysales.com\/expedition\/#\/schema\/logo\/image\/\"}}]}<\/script>\n<!-- \/ Yoast SEO plugin. -->","yoast_head_json":{"title":"Addendum del animal dom\u00e9stico - Expedition Motor Homes","robots":{"index":"index","follow":"follow","max-snippet":"max-snippet:-1","max-image-preview":"max-image-preview:large","max-video-preview":"max-video-preview:-1"},"canonical":"https:\/\/expeditionmotorhomes.com\/es\/requerimientos-de-reservacion\/addendum-del-animal-domestico\/","og_locale":"es_ES","og_type":"article","og_title":"Addendum del animal dom\u00e9stico - Expedition Motor Homes","og_description":"El personal y la administraci\u00f3n de Expedition Motor Homes comprenden...","og_url":"https:\/\/expeditionmotorhomes.com\/es\/requerimientos-de-reservacion\/addendum-del-animal-domestico\/","og_site_name":"Expedition Motor Homes","article_modified_time":"2019-06-12T04:50:12+00:00","schema":{"@context":"https:\/\/schema.org","@graph":[{"@type":"WebPage","@id":"https:\/\/expeditionmotorhomes.com\/es\/requerimientos-de-reservacion\/addendum-del-animal-domestico\/","url":"https:\/\/expeditionmotorhomes.com\/es\/requerimientos-de-reservacion\/addendum-del-animal-domestico\/","name":"Addendum del animal dom\u00e9stico - Expedition Motor Homes","isPartOf":{"@id":"https:\/\/demo.ezzysales.com\/expedition\/#website"},"datePublished":"2019-06-07T10:47:42+00:00","dateModified":"2019-06-12T04:50:12+00:00","breadcrumb":{"@id":"https:\/\/expeditionmotorhomes.com\/es\/requerimientos-de-reservacion\/addendum-del-animal-domestico\/#breadcrumb"},"inLanguage":"es-ES","potentialAction":[{"@type":"ReadAction","target":["https:\/\/expeditionmotorhomes.com\/es\/requerimientos-de-reservacion\/addendum-del-animal-domestico\/"]}]},{"@type":"BreadcrumbList","@id":"https:\/\/expeditionmotorhomes.com\/es\/requerimientos-de-reservacion\/addendum-del-animal-domestico\/#breadcrumb","itemListElement":[{"@type":"ListItem","position":1,"name":"Home","item":"https:\/\/expeditionmotorhomes.com\/es\/"},{"@type":"ListItem","position":2,"name":"T\u00e9rminos de alquiler","item":"https:\/\/expeditionmotorhomes.com\/es\/requerimientos-de-reservacion\/"},{"@type":"ListItem","position":3,"name":"Addendum del animal dom\u00e9stico"}]},{"@type":"WebSite","@id":"https:\/\/demo.ezzysales.com\/expedition\/#website","url":"https:\/\/demo.ezzysales.com\/expedition\/","name":"Expedition Motor Homes","description":"","publisher":{"@id":"https:\/\/demo.ezzysales.com\/expedition\/#organization"},"potentialAction":[{"@type":"SearchAction","target":{"@type":"EntryPoint","urlTemplate":"https:\/\/demo.ezzysales.com\/expedition\/?s={search_term_string}"},"query-input":"required name=search_term_string"}],"inLanguage":"es-ES"},{"@type":"Organization","@id":"https:\/\/demo.ezzysales.com\/expedition\/#organization","name":"Expedition Motor Homes","url":"https:\/\/demo.ezzysales.com\/expedition\/","logo":{"@type":"ImageObject","inLanguage":"es-ES","@id":"https:\/\/demo.ezzysales.com\/expedition\/#\/schema\/logo\/image\/","url":"","contentUrl":"","caption":"Expedition Motor Homes"},"image":{"@id":"https:\/\/demo.ezzysales.com\/expedition\/#\/schema\/logo\/image\/"}}]}},"post_mailing_queue_ids":[],"_links":{"self":[{"href":"https:\/\/expeditionmotorhomes.com\/es\/wp-json\/wp\/v2\/pages\/7906","targetHints":{"allow":["GET"]}}],"collection":[{"href":"https:\/\/expeditionmotorhomes.com\/es\/wp-json\/wp\/v2\/pages"}],"about":[{"href":"https:\/\/expeditionmotorhomes.com\/es\/wp-json\/wp\/v2\/types\/page"}],"author":[{"embeddable":true,"href":"https:\/\/expeditionmotorhomes.com\/es\/wp-json\/wp\/v2\/users\/15"}],"replies":[{"embeddable":true,"href":"https:\/\/expeditionmotorhomes.com\/es\/wp-json\/wp\/v2\/comments?post=7906"}],"version-history":[{"count":3,"href":"https:\/\/expeditionmotorhomes.com\/es\/wp-json\/wp\/v2\/pages\/7906\/revisions"}],"predecessor-version":[{"id":8300,"href":"https:\/\/expeditionmotorhomes.com\/es\/wp-json\/wp\/v2\/pages\/7906\/revisions\/8300"}],"up":[{"embeddable":true,"href":"https:\/\/expeditionmotorhomes.com\/es\/wp-json\/wp\/v2\/pages\/2870"}],"wp:attachment":[{"href":"https:\/\/expeditionmotorhomes.com\/es\/wp-json\/wp\/v2\/media?parent=7906"}],"curies":[{"name":"wp","href":"https:\/\/api.w.org\/{rel}","templated":true}]}}