{"id":7908,"date":"2019-06-07T03:49:25","date_gmt":"2019-06-07T10:49:25","guid":{"rendered":"https:\/\/demo.ezzysales.com\/expedition\/?page_id=7908"},"modified":"2019-06-07T03:49:25","modified_gmt":"2019-06-07T10:49:25","slug":"seguro-obligatorio","status":"publish","type":"page","link":"https:\/\/expeditionmotorhomes.com\/es\/requerimientos-de-reservacion\/seguro-obligatorio\/","title":{"rendered":"Seguro obligatorio"},"content":{"rendered":"\n<p>Expedition Motor Homes requiere que cada inquilino obtenga un seguro de alquiler en cualquier RV o autocaravana. Tienes dos opciones en las que puedes asegurar un seguro de alquiler.<\/p>\n\n\n <div class=\"rental-content\">\r\n  <div class=\"rental-user\">\r\n    <div class=\"sidenav\">\r\n      <ul class=\"page-sub-nav tab\"> <li><a href=\"#opcion-1\"  id=\"back\" class=\"visited\">Opci\u00f3n 1<\/a><\/li><li><a href=\"#opcion-1-2\"  id=\"back\" class=\"\">Opcion 2<\/a><\/li>\r\n      <\/ul>\r\n      <\/div>\r\n       <div class=\"main\" ><div class=\"rental-tab active\" id=\"opcion-1\">\r\n              <h2>Opci\u00f3n 1<\/h2>\r\n              <p>Opci\u00f3n 1: obtener una carpeta de seguros \/ endoso de su compa\u00f1\u00eda de seguros de autom\u00f3viles existente\r\n\r\n(State Farm, Farmer's, AAA, Allstate, etc.). Si elige ir a esta ruta, llame a la oficina de alquiler al 949-481-3900 para que podamos enviarle los documentos necesarios para que se los entregue a su agente. Tendremos que ser agregados a su p\u00f3liza como un \"Beneficiario de la p\u00e9rdida\" y \"Asegurado adicional\". Tenga en cuenta que su seguro debe ser una cobertura completa para incluir la cobertura, la colisi\u00f3n y la responsabilidad. Los l\u00edmites de responsabilidad ser\u00e1n al menos los l\u00edmites m\u00ednimos exigidos por cualquier ley de responsabilidad financiera o obligatoria aplicable. Cualquier deducible no exceder\u00e1 de $ 500.00.<\/p>\r\n            <\/div><div class=\"rental-tab\" id=\"opcion-1-2\">\r\n            <h2>Opcion 2<\/h2>\r\n            <p><h4 class=\"line-heading\">Opci\u00f3n 2 - Compre el seguro directamente de nuestro proveedor de seguros,<\/h4>\r\nPuedes comprarlo en\u00a0\u00a0<a href=\"http:\/\/mbachoice.com\/\">MBA Choice Insurance<\/a>.\r\n\r\nSi elige ir a esta ruta, siga las instrucciones paso a paso a continuaci\u00f3n:\r\n<ul class=\"margin-li\">\r\n \t<li>Ir\u00a0\u00a0<a href=\"http:\/\/www.mbachoice.com\/\">www.mbachoice.com<\/a><\/li>\r\n \t<li>Ingrese nuestro n\u00famero de p\u00f3liza 301113 y verif\u00edquenos como su \u201cdistribuidor\u201d<\/li>\r\n \t<li>Seleccione la serie apropiada que se aplique a la unidad que est\u00e1 alquilando:\r\n<ul>\r\n \t<li>Serie 2 - Todos los modelos RV Clase C y Clase A Gas.<\/li>\r\n \t<li>Serie 3 - Todas las casas rodantes de motores diesel<\/li>\r\n<\/ul>\r\n<\/li>\r\n \t<li>Ingrese todo el viaje e informaci\u00f3n personal.<\/li>\r\n \t<li>Imprimir y firmar el Certificado de Seguro. Env\u00ede copia firmada a nuestra oficina por correo electr\u00f3nico, fax o correo.<\/li>\r\n<\/ul>\r\n<strong>NOTA: El m\u00e1ximo que pagar\u00e1 la compa\u00f1\u00eda de seguros (MBA Choice) como resultado de una reclamaci\u00f3n de responsabilidad civil de terceros es:\r\n<\/strong>\r\n<ul class=\"margin-li\">\r\n \t<li>15,000 \/ para cualquier individuo<\/li>\r\n \t<li>30,000 \/ por el accidente total, independientemente del n\u00famero de personas<\/li>\r\n \t<li>5,000 \/ por da\u00f1os a la propiedad<\/li>\r\n<\/ul>\r\nSe le dar\u00e1 la opci\u00f3n de comprar un Seguro de Responsabilidad Suplementario (SLI) durante la compra de su seguro MBA Choice. Esto aumenta la cobertura de protecci\u00f3n de responsabilidad civil a un m\u00e1ximo de $ 1,000,000.\r\n\r\nAseg\u00farese de leer y comprender las preguntas frecuentes de MBA Choice Insurance.\r\n\r\nDeducibles de seguro (los siguientes deducibles se aplican a cada unidad cuando se compran a trav\u00e9s de MBA Insurance):\r\n<ul class=\"margin-li\">\r\n \t<li>$2,500.00 Deducible \u2013Clase C y Clase A modelo de gas RV\u00b4s<\/li>\r\n \t<li>$2,500.00 Deducible \u2013 Todos los empujadores diesel<\/li>\r\n<\/ul><\/p>\r\n          <\/div>\r\n      <\/div> \r\n      <div class=\"clear\"><\/div> \r\n    <\/div>\r\n    <div>\r\n      \n","protected":false},"excerpt":{"rendered":"Expedition Motor Homes requiere que cada inquilino obtenga un seguro&#8230;","protected":false},"author":15,"featured_media":0,"parent":2870,"menu_order":1,"comment_status":"open","ping_status":"closed","template":"pagetemplate\/innerpage.php","meta":{"_acf_changed":false,"content-type":"","footnotes":""},"class_list":["post-7908","page","type-page","status-publish","hentry"],"acf":[],"yoast_head":"<!-- This site is optimized with the Yoast SEO plugin v22.1 - https:\/\/yoast.com\/wordpress\/plugins\/seo\/ -->\n<title>Seguro obligatorio - Expedition Motor Homes<\/title>\n<meta name=\"robots\" content=\"index, follow, max-snippet:-1, max-image-preview:large, max-video-preview:-1\" \/>\n<link rel=\"canonical\" href=\"https:\/\/expeditionmotorhomes.com\/rental-terms\/insurance\/\" \/>\n<meta property=\"og:locale\" content=\"es_ES\" \/>\n<meta property=\"og:type\" content=\"article\" \/>\n<meta property=\"og:title\" content=\"Seguro obligatorio - Expedition Motor Homes\" \/>\n<meta property=\"og:description\" content=\"Expedition Motor Homes requiere que cada inquilino obtenga un seguro...\" \/>\n<meta property=\"og:url\" content=\"https:\/\/expeditionmotorhomes.com\/rental-terms\/insurance\/\" \/>\n<meta property=\"og:site_name\" content=\"Expedition Motor Homes\" \/>\n<script type=\"application\/ld+json\" class=\"yoast-schema-graph\">{\"@context\":\"https:\/\/schema.org\",\"@graph\":[{\"@type\":\"WebPage\",\"@id\":\"https:\/\/expeditionmotorhomes.com\/rental-terms\/insurance\/\",\"url\":\"https:\/\/expeditionmotorhomes.com\/rental-terms\/insurance\/\",\"name\":\"Seguro obligatorio - Expedition Motor Homes\",\"isPartOf\":{\"@id\":\"https:\/\/demo.ezzysales.com\/expedition\/#website\"},\"datePublished\":\"2019-06-07T10:49:25+00:00\",\"dateModified\":\"2019-06-07T10:49:25+00:00\",\"breadcrumb\":{\"@id\":\"https:\/\/expeditionmotorhomes.com\/rental-terms\/insurance\/#breadcrumb\"},\"inLanguage\":\"es-ES\",\"potentialAction\":[{\"@type\":\"ReadAction\",\"target\":[\"https:\/\/expeditionmotorhomes.com\/rental-terms\/insurance\/\"]}]},{\"@type\":\"BreadcrumbList\",\"@id\":\"https:\/\/expeditionmotorhomes.com\/rental-terms\/insurance\/#breadcrumb\",\"itemListElement\":[{\"@type\":\"ListItem\",\"position\":1,\"name\":\"Home\",\"item\":\"https:\/\/expeditionmotorhomes.com\/es\/\"},{\"@type\":\"ListItem\",\"position\":2,\"name\":\"T\u00e9rminos de alquiler\",\"item\":\"https:\/\/expeditionmotorhomes.com\/es\/requerimientos-de-reservacion\/\"},{\"@type\":\"ListItem\",\"position\":3,\"name\":\"Seguro obligatorio\"}]},{\"@type\":\"WebSite\",\"@id\":\"https:\/\/demo.ezzysales.com\/expedition\/#website\",\"url\":\"https:\/\/demo.ezzysales.com\/expedition\/\",\"name\":\"Expedition Motor Homes\",\"description\":\"\",\"publisher\":{\"@id\":\"https:\/\/demo.ezzysales.com\/expedition\/#organization\"},\"potentialAction\":[{\"@type\":\"SearchAction\",\"target\":{\"@type\":\"EntryPoint\",\"urlTemplate\":\"https:\/\/demo.ezzysales.com\/expedition\/?s={search_term_string}\"},\"query-input\":\"required name=search_term_string\"}],\"inLanguage\":\"es-ES\"},{\"@type\":\"Organization\",\"@id\":\"https:\/\/demo.ezzysales.com\/expedition\/#organization\",\"name\":\"Expedition Motor Homes\",\"url\":\"https:\/\/demo.ezzysales.com\/expedition\/\",\"logo\":{\"@type\":\"ImageObject\",\"inLanguage\":\"es-ES\",\"@id\":\"https:\/\/demo.ezzysales.com\/expedition\/#\/schema\/logo\/image\/\",\"url\":\"\",\"contentUrl\":\"\",\"caption\":\"Expedition Motor Homes\"},\"image\":{\"@id\":\"https:\/\/demo.ezzysales.com\/expedition\/#\/schema\/logo\/image\/\"}}]}<\/script>\n<!-- \/ Yoast SEO plugin. -->","yoast_head_json":{"title":"Seguro obligatorio - Expedition Motor Homes","robots":{"index":"index","follow":"follow","max-snippet":"max-snippet:-1","max-image-preview":"max-image-preview:large","max-video-preview":"max-video-preview:-1"},"canonical":"https:\/\/expeditionmotorhomes.com\/rental-terms\/insurance\/","og_locale":"es_ES","og_type":"article","og_title":"Seguro obligatorio - Expedition Motor Homes","og_description":"Expedition Motor Homes requiere que cada inquilino obtenga un seguro...","og_url":"https:\/\/expeditionmotorhomes.com\/rental-terms\/insurance\/","og_site_name":"Expedition Motor Homes","schema":{"@context":"https:\/\/schema.org","@graph":[{"@type":"WebPage","@id":"https:\/\/expeditionmotorhomes.com\/rental-terms\/insurance\/","url":"https:\/\/expeditionmotorhomes.com\/rental-terms\/insurance\/","name":"Seguro obligatorio - Expedition Motor Homes","isPartOf":{"@id":"https:\/\/demo.ezzysales.com\/expedition\/#website"},"datePublished":"2019-06-07T10:49:25+00:00","dateModified":"2019-06-07T10:49:25+00:00","breadcrumb":{"@id":"https:\/\/expeditionmotorhomes.com\/rental-terms\/insurance\/#breadcrumb"},"inLanguage":"es-ES","potentialAction":[{"@type":"ReadAction","target":["https:\/\/expeditionmotorhomes.com\/rental-terms\/insurance\/"]}]},{"@type":"BreadcrumbList","@id":"https:\/\/expeditionmotorhomes.com\/rental-terms\/insurance\/#breadcrumb","itemListElement":[{"@type":"ListItem","position":1,"name":"Home","item":"https:\/\/expeditionmotorhomes.com\/es\/"},{"@type":"ListItem","position":2,"name":"T\u00e9rminos de alquiler","item":"https:\/\/expeditionmotorhomes.com\/es\/requerimientos-de-reservacion\/"},{"@type":"ListItem","position":3,"name":"Seguro obligatorio"}]},{"@type":"WebSite","@id":"https:\/\/demo.ezzysales.com\/expedition\/#website","url":"https:\/\/demo.ezzysales.com\/expedition\/","name":"Expedition Motor Homes","description":"","publisher":{"@id":"https:\/\/demo.ezzysales.com\/expedition\/#organization"},"potentialAction":[{"@type":"SearchAction","target":{"@type":"EntryPoint","urlTemplate":"https:\/\/demo.ezzysales.com\/expedition\/?s={search_term_string}"},"query-input":"required name=search_term_string"}],"inLanguage":"es-ES"},{"@type":"Organization","@id":"https:\/\/demo.ezzysales.com\/expedition\/#organization","name":"Expedition Motor Homes","url":"https:\/\/demo.ezzysales.com\/expedition\/","logo":{"@type":"ImageObject","inLanguage":"es-ES","@id":"https:\/\/demo.ezzysales.com\/expedition\/#\/schema\/logo\/image\/","url":"","contentUrl":"","caption":"Expedition Motor Homes"},"image":{"@id":"https:\/\/demo.ezzysales.com\/expedition\/#\/schema\/logo\/image\/"}}]}},"post_mailing_queue_ids":[],"_links":{"self":[{"href":"https:\/\/expeditionmotorhomes.com\/es\/wp-json\/wp\/v2\/pages\/7908","targetHints":{"allow":["GET"]}}],"collection":[{"href":"https:\/\/expeditionmotorhomes.com\/es\/wp-json\/wp\/v2\/pages"}],"about":[{"href":"https:\/\/expeditionmotorhomes.com\/es\/wp-json\/wp\/v2\/types\/page"}],"author":[{"embeddable":true,"href":"https:\/\/expeditionmotorhomes.com\/es\/wp-json\/wp\/v2\/users\/15"}],"replies":[{"embeddable":true,"href":"https:\/\/expeditionmotorhomes.com\/es\/wp-json\/wp\/v2\/comments?post=7908"}],"version-history":[{"count":1,"href":"https:\/\/expeditionmotorhomes.com\/es\/wp-json\/wp\/v2\/pages\/7908\/revisions"}],"predecessor-version":[{"id":7910,"href":"https:\/\/expeditionmotorhomes.com\/es\/wp-json\/wp\/v2\/pages\/7908\/revisions\/7910"}],"up":[{"embeddable":true,"href":"https:\/\/expeditionmotorhomes.com\/es\/wp-json\/wp\/v2\/pages\/2870"}],"wp:attachment":[{"href":"https:\/\/expeditionmotorhomes.com\/es\/wp-json\/wp\/v2\/media?parent=7908"}],"curies":[{"name":"wp","href":"https:\/\/api.w.org\/{rel}","templated":true}]}}