{"id":7909,"date":"2019-06-07T03:53:18","date_gmt":"2019-06-07T10:53:18","guid":{"rendered":"https:\/\/demo.ezzysales.com\/expedition\/?page_id=7909"},"modified":"2019-06-11T21:52:05","modified_gmt":"2019-06-12T04:52:05","slug":"seguro-opcional","status":"publish","type":"page","link":"https:\/\/expeditionmotorhomes.com\/es\/requerimientos-de-reservacion\/seguro-opcional\/","title":{"rendered":"Seguro opcional"},"content":{"rendered":"\n<p style=\"text-align:center\">A continuaci\u00f3n, se incluyen algunas opciones de seguro y servicio adicionales que puede seleccionar para permitir una cobertura adicional que su compa\u00f1\u00eda de seguros podr\u00eda no proporcionar.<\/p>\n\n\n\n<div class=\"option-plans-insurance\">\n<ul>\n<li>\n<div class=\"img-op\"><figure><img decoding=\"async\" src=\"https:\/\/expeditionmotorhomes.com_motor\/wp-content\/uploads\/2019\/04\/vvp-2.png\"><\/figure><\/div>\n<div class=\"opimg-content\">\n<h4>Plan de protecci\u00f3n de vacaciones<br>(VPP)<\/h4>\n<p>VPP lo protege de los contratiempos m\u00e1s comunes: da\u00f1os en neum\u00e1ticos o parabrisas. VPP pagar\u00e1 el 100% de la reparaci\u00f3n o reemplazo de lo siguiente, que puede da\u00f1arse por cualquier motivo a menos que se violen los t\u00e9rminos del contrato. Los da\u00f1os resultantes o el remolque de la casa rodante no est\u00e1n cubiertos.<\/p>\n<ul>\n<li>Llanta, ($ 125 + por valor de llanta), l\u00edmite de 2 llantas;<\/li>\n<li>Parabrisas, solo clase C (clase A excluida), l\u00edmite 1 parabrisas;<\/li>\n<\/ul>\n<p>La protecci\u00f3n VPP solo est\u00e1 disponible si se compra Asistencia de emergencia en carretera (ERA). Al seleccionar esta cobertura autom\u00e1ticamente tambi\u00e9n se selecciona ERA, $ 3.00 \/ d\u00eda, adicional.<\/p>\n<dl>Su costo por VPP es de $ 7.50 por d\u00ed.<\/dl>\n<p><input class=\"wpcf7-form-control wpcf7-submit\" type=\"submit\" value=\"Cont\u00e1ctenos para reservar\n\"><\/p>\n<\/div>\n<\/li>\n<li>\n<div class=\"img-op\"><figure><img decoding=\"async\" src=\"https:\/\/expeditionmotorhomes.com_motor\/wp-content\/uploads\/2019\/04\/vip-2.png\"><\/figure><\/div>\n<div class=\"opimg-content\">\n<h4>Plan de Interrupci\u00f3n de Vacaciones (VIP)<\/h4>\n<ul>\n<li>VIP lo protege contra gastos incidentales e inesperados asociados con la aver\u00eda del RV en caso de que la casa rodante se encuentre en reparaci\u00f3n por aver\u00eda durante 12 horas o m\u00e1s, sin que sea culpa del arrendatario.<\/li>\n<li>VIP reembolsar\u00e1 hasta $ 100 por d\u00eda por comidas, transporte y alojamiento.<\/li>\n<\/ul>\n<dl>Su costo por VIP es de $ 10.95 por d\u00eda.<\/dl>\n<p><input class=\"wpcf7-form-control wpcf7-submit\" type=\"submit\" value=\"Cont\u00e1ctenos para reservar\"><\/p>\n<\/div>\n<\/li>\n<li>\n<div class=\"img-op\"><figure><img decoding=\"async\" src=\"https:\/\/expeditionmotorhomes.com_motor\/wp-content\/uploads\/2019\/04\/era-2.png\"><\/figure><\/div>\n<div class=\"opimg-content\">\n<h4>Asistencia de emergencia en carretera<br>(ERA)<\/h4>\n<ul>\n<li>ERA proporciona asistencia en carretera a nivel nacional 27\/7\/365 (remolque, salto de bater\u00eda, cambio de llantas, bloqueo o entrega de combustible) a precios reducidos.<\/li>\n<li>Asistencia de operaci\u00f3n y l\u00ednea de asistencia t\u00e9cnica disponible sin cargo adicional.<\/li>\n<\/ul>\n<dl>Su costo para la ERA es de $ 3.00 por d\u00eda.<\/dl>\n<p><input class=\"wpcf7-form-control wpcf7-submit\" type=\"submit\" value=\"Cont\u00e1ctenos para reservar\"><\/p>\n<\/div>\n<\/li>\n<li>\n<div class=\"img-op\"><figure><img decoding=\"async\" src=\"https:\/\/expeditionmotorhomes.com_motor\/wp-content\/uploads\/2019\/04\/all-select-1.png\"><\/figure><\/div>\n<div class=\"opimg-content\">\n<h4>Todos los planes seleccionados(ERA, VPP, VIP)<\/h4>\n<dl>El costo normal es de $ 20.95 por d\u00eda, su costo es de $ 18.95 por d\u00eda.<\/dl>\n<p><input class=\"wpcf7-form-control wpcf7-submit\" type=\"submit\" value=\"Cont\u00e1ctenos para reservar\"><\/p>\n<\/div>\n<\/li>\n<\/ul>\n<\/div>\n","protected":false},"excerpt":{"rendered":"A continuaci\u00f3n, se incluyen algunas opciones de seguro y servicio&#8230;","protected":false},"author":15,"featured_media":0,"parent":2870,"menu_order":2,"comment_status":"open","ping_status":"closed","template":"pagetemplate\/innerpage.php","meta":{"_acf_changed":false,"content-type":"","footnotes":""},"class_list":["post-7909","page","type-page","status-publish","hentry"],"acf":[],"yoast_head":"<!-- This site is optimized with the Yoast SEO plugin v22.1 - https:\/\/yoast.com\/wordpress\/plugins\/seo\/ -->\n<title>Seguro opcional - Expedition Motor Homes<\/title>\n<meta name=\"robots\" content=\"index, follow, max-snippet:-1, max-image-preview:large, max-video-preview:-1\" \/>\n<link rel=\"canonical\" href=\"https:\/\/expeditionmotorhomes.com\/rental-terms\/optional-insurance\/\" \/>\n<meta property=\"og:locale\" content=\"es_ES\" \/>\n<meta property=\"og:type\" content=\"article\" \/>\n<meta property=\"og:title\" content=\"Seguro opcional - Expedition Motor Homes\" \/>\n<meta property=\"og:description\" content=\"A continuaci\u00f3n, se incluyen algunas opciones de seguro y servicio...\" \/>\n<meta property=\"og:url\" content=\"https:\/\/expeditionmotorhomes.com\/rental-terms\/optional-insurance\/\" \/>\n<meta property=\"og:site_name\" content=\"Expedition Motor Homes\" \/>\n<meta property=\"article:modified_time\" content=\"2019-06-12T04:52:05+00:00\" \/>\n<meta name=\"twitter:label1\" content=\"Est. reading time\" \/>\n\t<meta name=\"twitter:data1\" content=\"1 minute\" \/>\n<script type=\"application\/ld+json\" class=\"yoast-schema-graph\">{\"@context\":\"https:\/\/schema.org\",\"@graph\":[{\"@type\":\"WebPage\",\"@id\":\"https:\/\/expeditionmotorhomes.com\/rental-terms\/optional-insurance\/\",\"url\":\"https:\/\/expeditionmotorhomes.com\/rental-terms\/optional-insurance\/\",\"name\":\"Seguro opcional - Expedition Motor Homes\",\"isPartOf\":{\"@id\":\"https:\/\/demo.ezzysales.com\/expedition\/#website\"},\"datePublished\":\"2019-06-07T10:53:18+00:00\",\"dateModified\":\"2019-06-12T04:52:05+00:00\",\"breadcrumb\":{\"@id\":\"https:\/\/expeditionmotorhomes.com\/rental-terms\/optional-insurance\/#breadcrumb\"},\"inLanguage\":\"es-ES\",\"potentialAction\":[{\"@type\":\"ReadAction\",\"target\":[\"https:\/\/expeditionmotorhomes.com\/rental-terms\/optional-insurance\/\"]}]},{\"@type\":\"BreadcrumbList\",\"@id\":\"https:\/\/expeditionmotorhomes.com\/rental-terms\/optional-insurance\/#breadcrumb\",\"itemListElement\":[{\"@type\":\"ListItem\",\"position\":1,\"name\":\"Home\",\"item\":\"https:\/\/expeditionmotorhomes.com\/es\/\"},{\"@type\":\"ListItem\",\"position\":2,\"name\":\"T\u00e9rminos de alquiler\",\"item\":\"https:\/\/expeditionmotorhomes.com\/es\/requerimientos-de-reservacion\/\"},{\"@type\":\"ListItem\",\"position\":3,\"name\":\"Seguro opcional\"}]},{\"@type\":\"WebSite\",\"@id\":\"https:\/\/demo.ezzysales.com\/expedition\/#website\",\"url\":\"https:\/\/demo.ezzysales.com\/expedition\/\",\"name\":\"Expedition Motor Homes\",\"description\":\"\",\"publisher\":{\"@id\":\"https:\/\/demo.ezzysales.com\/expedition\/#organization\"},\"potentialAction\":[{\"@type\":\"SearchAction\",\"target\":{\"@type\":\"EntryPoint\",\"urlTemplate\":\"https:\/\/demo.ezzysales.com\/expedition\/?s={search_term_string}\"},\"query-input\":\"required name=search_term_string\"}],\"inLanguage\":\"es-ES\"},{\"@type\":\"Organization\",\"@id\":\"https:\/\/demo.ezzysales.com\/expedition\/#organization\",\"name\":\"Expedition Motor Homes\",\"url\":\"https:\/\/demo.ezzysales.com\/expedition\/\",\"logo\":{\"@type\":\"ImageObject\",\"inLanguage\":\"es-ES\",\"@id\":\"https:\/\/demo.ezzysales.com\/expedition\/#\/schema\/logo\/image\/\",\"url\":\"\",\"contentUrl\":\"\",\"caption\":\"Expedition Motor Homes\"},\"image\":{\"@id\":\"https:\/\/demo.ezzysales.com\/expedition\/#\/schema\/logo\/image\/\"}}]}<\/script>\n<!-- \/ Yoast SEO plugin. -->","yoast_head_json":{"title":"Seguro opcional - Expedition Motor Homes","robots":{"index":"index","follow":"follow","max-snippet":"max-snippet:-1","max-image-preview":"max-image-preview:large","max-video-preview":"max-video-preview:-1"},"canonical":"https:\/\/expeditionmotorhomes.com\/rental-terms\/optional-insurance\/","og_locale":"es_ES","og_type":"article","og_title":"Seguro opcional - Expedition Motor Homes","og_description":"A continuaci\u00f3n, se incluyen algunas opciones de seguro y servicio...","og_url":"https:\/\/expeditionmotorhomes.com\/rental-terms\/optional-insurance\/","og_site_name":"Expedition Motor Homes","article_modified_time":"2019-06-12T04:52:05+00:00","twitter_misc":{"Est. reading time":"1 minute"},"schema":{"@context":"https:\/\/schema.org","@graph":[{"@type":"WebPage","@id":"https:\/\/expeditionmotorhomes.com\/rental-terms\/optional-insurance\/","url":"https:\/\/expeditionmotorhomes.com\/rental-terms\/optional-insurance\/","name":"Seguro opcional - Expedition Motor Homes","isPartOf":{"@id":"https:\/\/demo.ezzysales.com\/expedition\/#website"},"datePublished":"2019-06-07T10:53:18+00:00","dateModified":"2019-06-12T04:52:05+00:00","breadcrumb":{"@id":"https:\/\/expeditionmotorhomes.com\/rental-terms\/optional-insurance\/#breadcrumb"},"inLanguage":"es-ES","potentialAction":[{"@type":"ReadAction","target":["https:\/\/expeditionmotorhomes.com\/rental-terms\/optional-insurance\/"]}]},{"@type":"BreadcrumbList","@id":"https:\/\/expeditionmotorhomes.com\/rental-terms\/optional-insurance\/#breadcrumb","itemListElement":[{"@type":"ListItem","position":1,"name":"Home","item":"https:\/\/expeditionmotorhomes.com\/es\/"},{"@type":"ListItem","position":2,"name":"T\u00e9rminos de alquiler","item":"https:\/\/expeditionmotorhomes.com\/es\/requerimientos-de-reservacion\/"},{"@type":"ListItem","position":3,"name":"Seguro opcional"}]},{"@type":"WebSite","@id":"https:\/\/demo.ezzysales.com\/expedition\/#website","url":"https:\/\/demo.ezzysales.com\/expedition\/","name":"Expedition Motor Homes","description":"","publisher":{"@id":"https:\/\/demo.ezzysales.com\/expedition\/#organization"},"potentialAction":[{"@type":"SearchAction","target":{"@type":"EntryPoint","urlTemplate":"https:\/\/demo.ezzysales.com\/expedition\/?s={search_term_string}"},"query-input":"required name=search_term_string"}],"inLanguage":"es-ES"},{"@type":"Organization","@id":"https:\/\/demo.ezzysales.com\/expedition\/#organization","name":"Expedition Motor Homes","url":"https:\/\/demo.ezzysales.com\/expedition\/","logo":{"@type":"ImageObject","inLanguage":"es-ES","@id":"https:\/\/demo.ezzysales.com\/expedition\/#\/schema\/logo\/image\/","url":"","contentUrl":"","caption":"Expedition Motor Homes"},"image":{"@id":"https:\/\/demo.ezzysales.com\/expedition\/#\/schema\/logo\/image\/"}}]}},"post_mailing_queue_ids":[],"_links":{"self":[{"href":"https:\/\/expeditionmotorhomes.com\/es\/wp-json\/wp\/v2\/pages\/7909","targetHints":{"allow":["GET"]}}],"collection":[{"href":"https:\/\/expeditionmotorhomes.com\/es\/wp-json\/wp\/v2\/pages"}],"about":[{"href":"https:\/\/expeditionmotorhomes.com\/es\/wp-json\/wp\/v2\/types\/page"}],"author":[{"embeddable":true,"href":"https:\/\/expeditionmotorhomes.com\/es\/wp-json\/wp\/v2\/users\/15"}],"replies":[{"embeddable":true,"href":"https:\/\/expeditionmotorhomes.com\/es\/wp-json\/wp\/v2\/comments?post=7909"}],"version-history":[{"count":3,"href":"https:\/\/expeditionmotorhomes.com\/es\/wp-json\/wp\/v2\/pages\/7909\/revisions"}],"predecessor-version":[{"id":8301,"href":"https:\/\/expeditionmotorhomes.com\/es\/wp-json\/wp\/v2\/pages\/7909\/revisions\/8301"}],"up":[{"embeddable":true,"href":"https:\/\/expeditionmotorhomes.com\/es\/wp-json\/wp\/v2\/pages\/2870"}],"wp:attachment":[{"href":"https:\/\/expeditionmotorhomes.com\/es\/wp-json\/wp\/v2\/media?parent=7909"}],"curies":[{"name":"wp","href":"https:\/\/api.w.org\/{rel}","templated":true}]}}