{"id":7916,"date":"2019-06-07T03:57:07","date_gmt":"2019-06-07T10:57:07","guid":{"rendered":"https:\/\/demo.ezzysales.com\/expedition\/?page_id=7916"},"modified":"2019-06-07T03:57:07","modified_gmt":"2019-06-07T10:57:07","slug":"plan-de-cancelacion-de-viaje","status":"publish","type":"page","link":"https:\/\/expeditionmotorhomes.com\/es\/plan-de-cancelacion-de-viaje\/","title":{"rendered":"Plan de cancelaci\u00f3n de viaje"},"content":{"rendered":"\n<h4 class=\"first-heading line-heading wp-block-heading\">TCP le reembolsa si su viaje se cancela por cualquiera de los siguientes motivos:<\/h4>\n\n\n\n<ul class=\"margin-li wp-block-list\"><li>Enfermedad de cualquiera en fiesta itinerante;<\/li><li>Lesi\u00f3n o muerte de cualquier persona en una fiesta itinerante o familia inmediata;<\/li><li>Despido o despido laboral (si est\u00e1 empleado m\u00e1s de 3 a\u00f1os);<\/li><li>La residencia primaria se vuelve inhabitable por circunstancias imprevistas;<\/li><li>Robo de su residencia primaria dentro de las 48 hrs. de partida.<\/li><\/ul>\n\n\n\n<h4 class=\"line-heading wp-block-heading\">TCP reembolsar\u00e1<\/h4>\n\n\n\n<ul class=\"margin-li wp-block-list\"><li>dentro de 7 d\u00edas, los costos de alquiler completos recogidos por contrato de alquiler<\/li><li>menos $ 40.00 (cargo por informe de cr\u00e9dito de $ 15, y tarifa de procesamiento de $ 25)<\/li><\/ul>\n\n\n\n<h4 class=\"line-heading wp-block-heading\">El cargo normal por cancelaci\u00f3n es:<\/h4>\n\n\n\n<ul class=\"margin-li wp-block-list\"><li>$100.00 desde la recepci\u00f3n de la solicitud hasta 21 d\u00edas antes de la salida programada;<\/li><li>$ 500.00 entre 14 y 20 d\u00edas antes de la salida programada;<\/li><li>Tarifa de alquiler completo. Menos de 13 d\u00edas antes de la salida programada.<\/li><\/ul>\n\n\n\n<p>La cancelaci\u00f3n debe hacerse por escrito, dentro de las 24 horas posteriores al suceso y al menos 48 horas antes de la salida programada. Se puede requerir documentaci\u00f3n de respaldo. Reservas de vacaciones exceptuadas.<\/p>\n\n\n\n<p>Su costo para el Plan de cancelaci\u00f3n de viaje es de $ 10.00 por d\u00eda de alquiler.<\/p>\n","protected":false},"excerpt":{"rendered":"TCP le reembolsa si su viaje se cancela por cualquiera&#8230;","protected":false},"author":15,"featured_media":0,"parent":0,"menu_order":0,"comment_status":"open","ping_status":"closed","template":"pagetemplate\/innerpage.php","meta":{"_acf_changed":false,"content-type":"","footnotes":""},"class_list":["post-7916","page","type-page","status-publish","hentry"],"acf":[],"yoast_head":"<!-- This site is optimized with the Yoast SEO plugin v22.1 - https:\/\/yoast.com\/wordpress\/plugins\/seo\/ -->\n<title>Plan de cancelaci\u00f3n de viaje - Expedition Motor Homes<\/title>\n<meta name=\"robots\" content=\"index, follow, max-snippet:-1, max-image-preview:large, max-video-preview:-1\" \/>\n<link rel=\"canonical\" href=\"https:\/\/expeditionmotorhomes.com\/es\/plan-de-cancelacion-de-viaje\/\" \/>\n<meta property=\"og:locale\" content=\"es_ES\" \/>\n<meta property=\"og:type\" content=\"article\" \/>\n<meta property=\"og:title\" content=\"Plan de cancelaci\u00f3n de viaje - Expedition Motor Homes\" \/>\n<meta property=\"og:description\" content=\"TCP le reembolsa si su viaje se cancela por cualquiera...\" \/>\n<meta property=\"og:url\" content=\"https:\/\/expeditionmotorhomes.com\/es\/plan-de-cancelacion-de-viaje\/\" \/>\n<meta property=\"og:site_name\" content=\"Expedition Motor Homes\" \/>\n<meta name=\"twitter:label1\" content=\"Est. reading time\" \/>\n\t<meta name=\"twitter:data1\" content=\"1 minute\" \/>\n<script type=\"application\/ld+json\" class=\"yoast-schema-graph\">{\"@context\":\"https:\/\/schema.org\",\"@graph\":[{\"@type\":\"WebPage\",\"@id\":\"https:\/\/expeditionmotorhomes.com\/es\/plan-de-cancelacion-de-viaje\/\",\"url\":\"https:\/\/expeditionmotorhomes.com\/es\/plan-de-cancelacion-de-viaje\/\",\"name\":\"Plan de cancelaci\u00f3n de viaje - Expedition Motor Homes\",\"isPartOf\":{\"@id\":\"https:\/\/demo.ezzysales.com\/expedition\/#website\"},\"datePublished\":\"2019-06-07T10:57:07+00:00\",\"dateModified\":\"2019-06-07T10:57:07+00:00\",\"breadcrumb\":{\"@id\":\"https:\/\/expeditionmotorhomes.com\/es\/plan-de-cancelacion-de-viaje\/#breadcrumb\"},\"inLanguage\":\"es-ES\",\"potentialAction\":[{\"@type\":\"ReadAction\",\"target\":[\"https:\/\/expeditionmotorhomes.com\/es\/plan-de-cancelacion-de-viaje\/\"]}]},{\"@type\":\"BreadcrumbList\",\"@id\":\"https:\/\/expeditionmotorhomes.com\/es\/plan-de-cancelacion-de-viaje\/#breadcrumb\",\"itemListElement\":[{\"@type\":\"ListItem\",\"position\":1,\"name\":\"Home\",\"item\":\"https:\/\/expeditionmotorhomes.com\/es\/\"},{\"@type\":\"ListItem\",\"position\":2,\"name\":\"Plan de cancelaci\u00f3n de viaje\"}]},{\"@type\":\"WebSite\",\"@id\":\"https:\/\/demo.ezzysales.com\/expedition\/#website\",\"url\":\"https:\/\/demo.ezzysales.com\/expedition\/\",\"name\":\"Expedition Motor Homes\",\"description\":\"\",\"publisher\":{\"@id\":\"https:\/\/demo.ezzysales.com\/expedition\/#organization\"},\"potentialAction\":[{\"@type\":\"SearchAction\",\"target\":{\"@type\":\"EntryPoint\",\"urlTemplate\":\"https:\/\/demo.ezzysales.com\/expedition\/?s={search_term_string}\"},\"query-input\":\"required name=search_term_string\"}],\"inLanguage\":\"es-ES\"},{\"@type\":\"Organization\",\"@id\":\"https:\/\/demo.ezzysales.com\/expedition\/#organization\",\"name\":\"Expedition Motor Homes\",\"url\":\"https:\/\/demo.ezzysales.com\/expedition\/\",\"logo\":{\"@type\":\"ImageObject\",\"inLanguage\":\"es-ES\",\"@id\":\"https:\/\/demo.ezzysales.com\/expedition\/#\/schema\/logo\/image\/\",\"url\":\"\",\"contentUrl\":\"\",\"caption\":\"Expedition Motor Homes\"},\"image\":{\"@id\":\"https:\/\/demo.ezzysales.com\/expedition\/#\/schema\/logo\/image\/\"}}]}<\/script>\n<!-- \/ Yoast SEO plugin. -->","yoast_head_json":{"title":"Plan de cancelaci\u00f3n de viaje - Expedition Motor Homes","robots":{"index":"index","follow":"follow","max-snippet":"max-snippet:-1","max-image-preview":"max-image-preview:large","max-video-preview":"max-video-preview:-1"},"canonical":"https:\/\/expeditionmotorhomes.com\/es\/plan-de-cancelacion-de-viaje\/","og_locale":"es_ES","og_type":"article","og_title":"Plan de cancelaci\u00f3n de viaje - Expedition Motor Homes","og_description":"TCP le reembolsa si su viaje se cancela por cualquiera...","og_url":"https:\/\/expeditionmotorhomes.com\/es\/plan-de-cancelacion-de-viaje\/","og_site_name":"Expedition Motor Homes","twitter_misc":{"Est. reading time":"1 minute"},"schema":{"@context":"https:\/\/schema.org","@graph":[{"@type":"WebPage","@id":"https:\/\/expeditionmotorhomes.com\/es\/plan-de-cancelacion-de-viaje\/","url":"https:\/\/expeditionmotorhomes.com\/es\/plan-de-cancelacion-de-viaje\/","name":"Plan de cancelaci\u00f3n de viaje - Expedition Motor Homes","isPartOf":{"@id":"https:\/\/demo.ezzysales.com\/expedition\/#website"},"datePublished":"2019-06-07T10:57:07+00:00","dateModified":"2019-06-07T10:57:07+00:00","breadcrumb":{"@id":"https:\/\/expeditionmotorhomes.com\/es\/plan-de-cancelacion-de-viaje\/#breadcrumb"},"inLanguage":"es-ES","potentialAction":[{"@type":"ReadAction","target":["https:\/\/expeditionmotorhomes.com\/es\/plan-de-cancelacion-de-viaje\/"]}]},{"@type":"BreadcrumbList","@id":"https:\/\/expeditionmotorhomes.com\/es\/plan-de-cancelacion-de-viaje\/#breadcrumb","itemListElement":[{"@type":"ListItem","position":1,"name":"Home","item":"https:\/\/expeditionmotorhomes.com\/es\/"},{"@type":"ListItem","position":2,"name":"Plan de cancelaci\u00f3n de viaje"}]},{"@type":"WebSite","@id":"https:\/\/demo.ezzysales.com\/expedition\/#website","url":"https:\/\/demo.ezzysales.com\/expedition\/","name":"Expedition Motor Homes","description":"","publisher":{"@id":"https:\/\/demo.ezzysales.com\/expedition\/#organization"},"potentialAction":[{"@type":"SearchAction","target":{"@type":"EntryPoint","urlTemplate":"https:\/\/demo.ezzysales.com\/expedition\/?s={search_term_string}"},"query-input":"required name=search_term_string"}],"inLanguage":"es-ES"},{"@type":"Organization","@id":"https:\/\/demo.ezzysales.com\/expedition\/#organization","name":"Expedition Motor Homes","url":"https:\/\/demo.ezzysales.com\/expedition\/","logo":{"@type":"ImageObject","inLanguage":"es-ES","@id":"https:\/\/demo.ezzysales.com\/expedition\/#\/schema\/logo\/image\/","url":"","contentUrl":"","caption":"Expedition Motor Homes"},"image":{"@id":"https:\/\/demo.ezzysales.com\/expedition\/#\/schema\/logo\/image\/"}}]}},"post_mailing_queue_ids":[],"_links":{"self":[{"href":"https:\/\/expeditionmotorhomes.com\/es\/wp-json\/wp\/v2\/pages\/7916","targetHints":{"allow":["GET"]}}],"collection":[{"href":"https:\/\/expeditionmotorhomes.com\/es\/wp-json\/wp\/v2\/pages"}],"about":[{"href":"https:\/\/expeditionmotorhomes.com\/es\/wp-json\/wp\/v2\/types\/page"}],"author":[{"embeddable":true,"href":"https:\/\/expeditionmotorhomes.com\/es\/wp-json\/wp\/v2\/users\/15"}],"replies":[{"embeddable":true,"href":"https:\/\/expeditionmotorhomes.com\/es\/wp-json\/wp\/v2\/comments?post=7916"}],"version-history":[{"count":1,"href":"https:\/\/expeditionmotorhomes.com\/es\/wp-json\/wp\/v2\/pages\/7916\/revisions"}],"predecessor-version":[{"id":7917,"href":"https:\/\/expeditionmotorhomes.com\/es\/wp-json\/wp\/v2\/pages\/7916\/revisions\/7917"}],"wp:attachment":[{"href":"https:\/\/expeditionmotorhomes.com\/es\/wp-json\/wp\/v2\/media?parent=7916"}],"curies":[{"name":"wp","href":"https:\/\/api.w.org\/{rel}","templated":true}]}}