{"id":9153,"date":"2019-06-11T23:10:50","date_gmt":"2019-06-12T06:10:50","guid":{"rendered":"https:\/\/demo.ezzysales.com\/expedition\/rv-vacations-utah\/"},"modified":"2020-02-04T20:52:10","modified_gmt":"2020-02-05T04:52:10","slug":"asistencia-de-planificacion-de-viaje","status":"publish","type":"page","link":"https:\/\/expeditionmotorhomes.com\/es\/asistencia-de-planificacion-de-viaje\/","title":{"rendered":"Asistencia de planificaci\u00f3n de viaje"},"content":{"rendered":"\n<h4 class=\"wp-block-heading\">Sus vacaciones de alquiler de RV de Utah comienzan aqu\u00ed!<\/h4>\n\n\n\n<center><h4>Salt Lake City<\/h4><\/center>\n\n\n\n<p>\u2026es un gran lugar para comenzar sus vacaciones de alquiler de autocaravanas. Ya sea que vaya al sur para ver los Parques Nacionales \u201cMIGHTY 5\u201d, o al Norte para visitar el Parque Nacional Yellowstone y el Parque Nacional Teton, Salt Lake City est\u00e1 a solo cinco horas de los mejores Parques Nacionales en el intermountain west<\/p>\n\n\n<div class=\"image-navigation-gseo\">\n<div class=\"nav-box\">\n<a href=\"https:\/\/expeditionmotorhomes.com\/es\/sequoia-yosemite\/\">\n<img src=https:\/\/expeditionmotorhomes.com\/wp-content\/uploads\/2020\/02\/img6.jpg alt=\"\" \/>\n<\/a>\n<div class='trip-detail'><div><div class=\"nav-title\"><a href=https:\/\/expeditionmotorhomes.com\/es\/sequoia-yosemite\/><span class=\"image_nav\">Sequoia-Yosemite<\/span><\/a><\/div>\n<div class=\"nav-price\"><span class=\"price_nav\">( Starting At $1890.00 )<\/span><\/div><\/div>\n<div class=\"learn-more\"><a href=https:\/\/expeditionmotorhomes.com\/es\/sequoia-yosemite\/>Learn More<\/a>\n<br\/><br\/><b>Call today for help planning your trip! <br\/>(818) 225-8239<\/b><\/div><\/div>\n<\/div>\n<div class=\"nav-box\">\n<a href=\"https:\/\/expeditionmotorhomes.com\/es\/zion-bryce-grand-canyon\/\">\n<img src=https:\/\/expeditionmotorhomes.com\/wp-content\/uploads\/2020\/02\/img4.jpg alt=\"\" \/>\n<\/a>\n<div class='trip-detail'><div><div class=\"nav-title\"><a href=https:\/\/expeditionmotorhomes.com\/es\/zion-bryce-grand-canyon\/><span class=\"image_nav\">Si\u00f3n, Bryce, Gran Ca\u00f1\u00f3n<\/span><\/a><\/div>\n<div class=\"nav-price\"><span class=\"price_nav\">( Starting At $2750.00 )<\/span><\/div><\/div>\n<div class=\"learn-more\"><a href=https:\/\/expeditionmotorhomes.com\/es\/zion-bryce-grand-canyon\/>Learn More<\/a>\n<br\/><br\/><b>Call today for help planning your trip! <br\/>(818) 225-8239<\/b><\/div><\/div>\n<\/div>\n<div class=\"nav-box\">\n<a href=\"https:\/\/expeditionmotorhomes.com\/es\/west-coast-to-seattle\/\">\n<img src=https:\/\/expeditionmotorhomes.com\/wp-content\/uploads\/2020\/02\/img3.jpg alt=\"\" \/>\n<\/a>\n<div class='trip-detail'><div><div class=\"nav-title\"><a href=https:\/\/expeditionmotorhomes.com\/es\/west-coast-to-seattle\/><span class=\"image_nav\">Costa oeste a Seattle<\/span><\/a><\/div>\n<div class=\"nav-price\"><span class=\"price_nav\">( Starting At $4350.00 )<\/span><\/div><\/div>\n<div class=\"learn-more\"><a href=https:\/\/expeditionmotorhomes.com\/es\/west-coast-to-seattle\/>Learn More<\/a>\n<br\/><br\/><b>Call today for help planning your trip! <br\/>(818) 225-8239<\/b><\/div><\/div>\n<\/div>\n<div class=\"nav-box\">\n<a href=\"https:\/\/expeditionmotorhomes.com\/es\/historic-rte-66-from-tx\/\">\n<img src=https:\/\/expeditionmotorhomes.com\/wp-content\/uploads\/2020\/02\/img1.jpg alt=\"\" \/>\n<\/a>\n<div class='trip-detail'><div><div class=\"nav-title\"><a href=https:\/\/expeditionmotorhomes.com\/es\/historic-rte-66-from-tx\/><span class=\"image_nav\">Hist\u00f3rico Rte 66 de TX<\/span><\/a><\/div>\n<div class=\"nav-price\"><span class=\"price_nav\">( Starting At $2900.00 )<\/span><\/div><\/div>\n<div class=\"learn-more\"><a href=https:\/\/expeditionmotorhomes.com\/es\/historic-rte-66-from-tx\/>Learn More<\/a>\n<br\/><br\/><b>Call today for help planning your trip! <br\/>(818) 225-8239<\/b><\/div><\/div>\n<\/div>\n<div class=\"nav-box\">\n<a href=\"https:\/\/expeditionmotorhomes.com\/es\/the-perfect-road-trip\/\">\n<img src=https:\/\/expeditionmotorhomes.com\/wp-content\/uploads\/2020\/02\/img5.jpg alt=\"\" \/>\n<\/a>\n<div class='trip-detail'><div><div class=\"nav-title\"><a href=https:\/\/expeditionmotorhomes.com\/es\/the-perfect-road-trip\/><span class=\"image_nav\">El viaje por carretera perfecto<\/span><\/a><\/div>\n<div class=\"nav-price\"><span class=\"price_nav\">( Starting At $Llame para precios por favor )<\/span><\/div><\/div>\n<div class=\"learn-more\"><a href=https:\/\/expeditionmotorhomes.com\/es\/the-perfect-road-trip\/>Learn More<\/a>\n<br\/><br\/><b>Call today for help planning your trip! <br\/>(818) 225-8239<\/b><\/div><\/div>\n<\/div>\n<div class=\"nav-box\">\n<a href=\"https:\/\/expeditionmotorhomes.com\/es\/ultimate-rockies-to-redwoods-loop\/\">\n<img src=https:\/\/expeditionmotorhomes.com\/wp-content\/uploads\/2020\/02\/img2.jpg alt=\"\" \/>\n<\/a>\n<div class='trip-detail'><div><div class=\"nav-title\"><a href=https:\/\/expeditionmotorhomes.com\/es\/ultimate-rockies-to-redwoods-loop\/><span class=\"image_nav\">Bucle Ultimate Rockies to Redwoods<\/span><\/a><\/div>\n<div class=\"nav-price\"><span class=\"price_nav\">( Starting At $6310.00 )<\/span><\/div><\/div>\n<div class=\"learn-more\"><a href=https:\/\/expeditionmotorhomes.com\/es\/ultimate-rockies-to-redwoods-loop\/>Learn More<\/a>\n<br\/><br\/><b>Call today for help planning your trip! <br\/>(818) 225-8239<\/b><\/div><\/div>\n<\/div>\n<\/div>\n\n","protected":false},"excerpt":{"rendered":"Sus vacaciones de alquiler de RV de Utah comienzan aqu\u00ed!&#8230;","protected":false},"author":15,"featured_media":0,"parent":0,"menu_order":0,"comment_status":"closed","ping_status":"closed","template":"pagetemplate\/tripplanner.php","meta":{"_acf_changed":false,"content-type":"","footnotes":""},"class_list":["post-9153","page","type-page","status-publish","hentry"],"acf":[],"yoast_head":"<!-- This site is optimized with the Yoast SEO plugin v22.1 - https:\/\/yoast.com\/wordpress\/plugins\/seo\/ -->\n<title>Asistencia de planificaci\u00f3n de viaje - Expedition Motor Homes<\/title>\n<meta name=\"robots\" content=\"index, follow, max-snippet:-1, max-image-preview:large, max-video-preview:-1\" \/>\n<link rel=\"canonical\" href=\"https:\/\/expeditionmotorhomes.com\/trip-planning-assistance\/\" \/>\n<meta property=\"og:locale\" content=\"es_ES\" \/>\n<meta property=\"og:type\" content=\"article\" \/>\n<meta property=\"og:title\" content=\"Asistencia de planificaci\u00f3n de viaje - Expedition Motor Homes\" \/>\n<meta property=\"og:description\" content=\"Sus vacaciones de alquiler de RV de Utah comienzan aqu\u00ed!...\" \/>\n<meta property=\"og:url\" content=\"https:\/\/expeditionmotorhomes.com\/trip-planning-assistance\/\" \/>\n<meta property=\"og:site_name\" content=\"Expedition Motor Homes\" \/>\n<meta property=\"article:modified_time\" content=\"2020-02-05T04:52:10+00:00\" \/>\n<script type=\"application\/ld+json\" class=\"yoast-schema-graph\">{\"@context\":\"https:\/\/schema.org\",\"@graph\":[{\"@type\":\"WebPage\",\"@id\":\"https:\/\/expeditionmotorhomes.com\/trip-planning-assistance\/\",\"url\":\"https:\/\/expeditionmotorhomes.com\/trip-planning-assistance\/\",\"name\":\"Asistencia de planificaci\u00f3n de viaje - Expedition Motor Homes\",\"isPartOf\":{\"@id\":\"https:\/\/demo.ezzysales.com\/expedition\/#website\"},\"datePublished\":\"2019-06-12T06:10:50+00:00\",\"dateModified\":\"2020-02-05T04:52:10+00:00\",\"breadcrumb\":{\"@id\":\"https:\/\/expeditionmotorhomes.com\/trip-planning-assistance\/#breadcrumb\"},\"inLanguage\":\"es-ES\",\"potentialAction\":[{\"@type\":\"ReadAction\",\"target\":[\"https:\/\/expeditionmotorhomes.com\/trip-planning-assistance\/\"]}]},{\"@type\":\"BreadcrumbList\",\"@id\":\"https:\/\/expeditionmotorhomes.com\/trip-planning-assistance\/#breadcrumb\",\"itemListElement\":[{\"@type\":\"ListItem\",\"position\":1,\"name\":\"Home\",\"item\":\"https:\/\/expeditionmotorhomes.com\/es\/\"},{\"@type\":\"ListItem\",\"position\":2,\"name\":\"Asistencia de planificaci\u00f3n de viaje\"}]},{\"@type\":\"WebSite\",\"@id\":\"https:\/\/demo.ezzysales.com\/expedition\/#website\",\"url\":\"https:\/\/demo.ezzysales.com\/expedition\/\",\"name\":\"Expedition Motor Homes\",\"description\":\"\",\"publisher\":{\"@id\":\"https:\/\/demo.ezzysales.com\/expedition\/#organization\"},\"potentialAction\":[{\"@type\":\"SearchAction\",\"target\":{\"@type\":\"EntryPoint\",\"urlTemplate\":\"https:\/\/demo.ezzysales.com\/expedition\/?s={search_term_string}\"},\"query-input\":\"required name=search_term_string\"}],\"inLanguage\":\"es-ES\"},{\"@type\":\"Organization\",\"@id\":\"https:\/\/demo.ezzysales.com\/expedition\/#organization\",\"name\":\"Expedition Motor Homes\",\"url\":\"https:\/\/demo.ezzysales.com\/expedition\/\",\"logo\":{\"@type\":\"ImageObject\",\"inLanguage\":\"es-ES\",\"@id\":\"https:\/\/demo.ezzysales.com\/expedition\/#\/schema\/logo\/image\/\",\"url\":\"\",\"contentUrl\":\"\",\"caption\":\"Expedition Motor Homes\"},\"image\":{\"@id\":\"https:\/\/demo.ezzysales.com\/expedition\/#\/schema\/logo\/image\/\"}}]}<\/script>\n<!-- \/ Yoast SEO plugin. -->","yoast_head_json":{"title":"Asistencia de planificaci\u00f3n de viaje - Expedition Motor Homes","robots":{"index":"index","follow":"follow","max-snippet":"max-snippet:-1","max-image-preview":"max-image-preview:large","max-video-preview":"max-video-preview:-1"},"canonical":"https:\/\/expeditionmotorhomes.com\/trip-planning-assistance\/","og_locale":"es_ES","og_type":"article","og_title":"Asistencia de planificaci\u00f3n de viaje - Expedition Motor Homes","og_description":"Sus vacaciones de alquiler de RV de Utah comienzan aqu\u00ed!...","og_url":"https:\/\/expeditionmotorhomes.com\/trip-planning-assistance\/","og_site_name":"Expedition Motor Homes","article_modified_time":"2020-02-05T04:52:10+00:00","schema":{"@context":"https:\/\/schema.org","@graph":[{"@type":"WebPage","@id":"https:\/\/expeditionmotorhomes.com\/trip-planning-assistance\/","url":"https:\/\/expeditionmotorhomes.com\/trip-planning-assistance\/","name":"Asistencia de planificaci\u00f3n de viaje - Expedition Motor Homes","isPartOf":{"@id":"https:\/\/demo.ezzysales.com\/expedition\/#website"},"datePublished":"2019-06-12T06:10:50+00:00","dateModified":"2020-02-05T04:52:10+00:00","breadcrumb":{"@id":"https:\/\/expeditionmotorhomes.com\/trip-planning-assistance\/#breadcrumb"},"inLanguage":"es-ES","potentialAction":[{"@type":"ReadAction","target":["https:\/\/expeditionmotorhomes.com\/trip-planning-assistance\/"]}]},{"@type":"BreadcrumbList","@id":"https:\/\/expeditionmotorhomes.com\/trip-planning-assistance\/#breadcrumb","itemListElement":[{"@type":"ListItem","position":1,"name":"Home","item":"https:\/\/expeditionmotorhomes.com\/es\/"},{"@type":"ListItem","position":2,"name":"Asistencia de planificaci\u00f3n de viaje"}]},{"@type":"WebSite","@id":"https:\/\/demo.ezzysales.com\/expedition\/#website","url":"https:\/\/demo.ezzysales.com\/expedition\/","name":"Expedition Motor Homes","description":"","publisher":{"@id":"https:\/\/demo.ezzysales.com\/expedition\/#organization"},"potentialAction":[{"@type":"SearchAction","target":{"@type":"EntryPoint","urlTemplate":"https:\/\/demo.ezzysales.com\/expedition\/?s={search_term_string}"},"query-input":"required name=search_term_string"}],"inLanguage":"es-ES"},{"@type":"Organization","@id":"https:\/\/demo.ezzysales.com\/expedition\/#organization","name":"Expedition Motor Homes","url":"https:\/\/demo.ezzysales.com\/expedition\/","logo":{"@type":"ImageObject","inLanguage":"es-ES","@id":"https:\/\/demo.ezzysales.com\/expedition\/#\/schema\/logo\/image\/","url":"","contentUrl":"","caption":"Expedition Motor Homes"},"image":{"@id":"https:\/\/demo.ezzysales.com\/expedition\/#\/schema\/logo\/image\/"}}]}},"post_mailing_queue_ids":[],"_links":{"self":[{"href":"https:\/\/expeditionmotorhomes.com\/es\/wp-json\/wp\/v2\/pages\/9153","targetHints":{"allow":["GET"]}}],"collection":[{"href":"https:\/\/expeditionmotorhomes.com\/es\/wp-json\/wp\/v2\/pages"}],"about":[{"href":"https:\/\/expeditionmotorhomes.com\/es\/wp-json\/wp\/v2\/types\/page"}],"author":[{"embeddable":true,"href":"https:\/\/expeditionmotorhomes.com\/es\/wp-json\/wp\/v2\/users\/15"}],"replies":[{"embeddable":true,"href":"https:\/\/expeditionmotorhomes.com\/es\/wp-json\/wp\/v2\/comments?post=9153"}],"version-history":[{"count":3,"href":"https:\/\/expeditionmotorhomes.com\/es\/wp-json\/wp\/v2\/pages\/9153\/revisions"}],"predecessor-version":[{"id":10836,"href":"https:\/\/expeditionmotorhomes.com\/es\/wp-json\/wp\/v2\/pages\/9153\/revisions\/10836"}],"wp:attachment":[{"href":"https:\/\/expeditionmotorhomes.com\/es\/wp-json\/wp\/v2\/media?parent=9153"}],"curies":[{"name":"wp","href":"https:\/\/api.w.org\/{rel}","templated":true}]}}