{"id":9976,"date":"2019-06-25T02:15:26","date_gmt":"2019-06-25T09:15:26","guid":{"rendered":"https:\/\/demo.ezzysales.com\/expedition\/?page_id=9976"},"modified":"2019-06-25T02:19:44","modified_gmt":"2019-06-25T09:19:44","slug":"alquiler-de-consignacion","status":"publish","type":"page","link":"https:\/\/expeditionmotorhomes.com\/es\/alquiler-de-consignacion\/","title":{"rendered":"Alquiler de consignaci\u00f3n"},"content":{"rendered":"\n<div class=\"consignment_rentals\"><h2>Consignaci\u00f3n de alquiler de RV de Los \u00c1ngeles\n\n<\/h2>\n<p style=\"text-align: center;\" class=\"con_r-ifr\"><iframe loading=\"lazy\" src=\"http:\/\/www.youtube.com\/embed\/0Kr-KW2ljDI?rel=0\" width=\"466\" height=\"349\" frameborder=\"0\"><\/iframe><\/p>\n<p style=\"text-align: center;\">El perfecto negocio de alquiler de autocaravanas.\n<\/p>\n<div class=\"quote-box\">\n<p><em>&#8220;Perfecto para el propietario del RV que no puede usar su RV lo suficiente para justificar su posesi\u00f3n; para aquellos que quieren un RV pero no creen que puedan costearlo; o para aquellos que deben m\u00e1s en su RV de lo que pueden vender\n.&#8221;<\/em><\/p>\n<p style=\"text-align: right;\">&#8212; FMCA 1998<\/p>\n<\/div>\n<p class=\"con_r-li-head\">La forma en que funciona<\/p>\n<ol class=\"con_r-li\">\n<li>Usted nos permite alquilar su casa rodante para vacacionistas cuando no la est\u00e9 utilizando.<\/li>\n<li>Dividimos la tarifa de alquiler.<\/li>\n<li>Sus ingresos pueden ser suficientes para hacer sus pagos mensuales Y pagar el seguro Y pagar el registro Y pagar el mantenimiento Y pagar el almacenamiento Y pagar los diversos gastos e impuestos Y probablemente poner varios miles de d\u00f3lares cada a\u00f1o en su bolsillo!!!<\/li>\n<li>Como usted gana ingresos al alquilar su casa rodante, puede convertirse en un negocio y disfrutar de muchas de las ventajas de estar en su propio negocio pasivo; Deducciones fiscales!<\/li>\n<li>No tienes que hacer nada en el negocio.<\/li>\n<li>Hacemos la publicidad, organizamos el alquiler, cobramos el dinero, mantenemos su autocaravana en las mismas condiciones en que la obtuvimos, hacemos reparaciones, la almacenamos y proporcionamos informes de impuestos de fin de a\u00f1o. <\/li>\n<li> Si los necesita &#8230; puede obtener m\u00e1s de $ 30,000 en deducciones de impuestos porque nos permite alquilar su casa rodante.<\/li>\n<\/ol>\n<p><a href=\"_wp_link_placeholder\">Haga clic aqu\u00ed para ver una muestra del Acuerdo de Expedici\u00f3n de Alquiler de Veh\u00edculos de Motor RV.<\/a><\/p><\/div>\n","protected":false},"excerpt":{"rendered":"Consignaci\u00f3n de alquiler de RV de Los \u00c1ngeles El perfecto&#8230;","protected":false},"author":15,"featured_media":0,"parent":0,"menu_order":0,"comment_status":"closed","ping_status":"closed","template":"pagetemplate\/innerpage.php","meta":{"_acf_changed":false,"content-type":"","footnotes":""},"class_list":["post-9976","page","type-page","status-publish","hentry"],"acf":[],"yoast_head":"<!-- This site is optimized with the Yoast SEO plugin v22.1 - https:\/\/yoast.com\/wordpress\/plugins\/seo\/ -->\n<title>Alquiler de consignaci\u00f3n - Expedition Motor Homes<\/title>\n<meta name=\"robots\" content=\"index, follow, max-snippet:-1, max-image-preview:large, max-video-preview:-1\" \/>\n<link rel=\"canonical\" href=\"https:\/\/expeditionmotorhomes.com\/es\/alquiler-de-consignacion\/\" \/>\n<meta property=\"og:locale\" content=\"es_ES\" \/>\n<meta property=\"og:type\" content=\"article\" \/>\n<meta property=\"og:title\" content=\"Alquiler de consignaci\u00f3n - Expedition Motor Homes\" \/>\n<meta property=\"og:description\" content=\"Consignaci\u00f3n de alquiler de RV de Los \u00c1ngeles El perfecto...\" \/>\n<meta property=\"og:url\" content=\"https:\/\/expeditionmotorhomes.com\/es\/alquiler-de-consignacion\/\" \/>\n<meta property=\"og:site_name\" content=\"Expedition Motor Homes\" \/>\n<meta property=\"article:modified_time\" content=\"2019-06-25T09:19:44+00:00\" \/>\n<meta name=\"twitter:label1\" content=\"Est. reading time\" \/>\n\t<meta name=\"twitter:data1\" content=\"1 minute\" \/>\n<script type=\"application\/ld+json\" class=\"yoast-schema-graph\">{\"@context\":\"https:\/\/schema.org\",\"@graph\":[{\"@type\":\"WebPage\",\"@id\":\"https:\/\/expeditionmotorhomes.com\/es\/alquiler-de-consignacion\/\",\"url\":\"https:\/\/expeditionmotorhomes.com\/es\/alquiler-de-consignacion\/\",\"name\":\"Alquiler de consignaci\u00f3n - Expedition Motor Homes\",\"isPartOf\":{\"@id\":\"https:\/\/demo.ezzysales.com\/expedition\/#website\"},\"datePublished\":\"2019-06-25T09:15:26+00:00\",\"dateModified\":\"2019-06-25T09:19:44+00:00\",\"breadcrumb\":{\"@id\":\"https:\/\/expeditionmotorhomes.com\/es\/alquiler-de-consignacion\/#breadcrumb\"},\"inLanguage\":\"es-ES\",\"potentialAction\":[{\"@type\":\"ReadAction\",\"target\":[\"https:\/\/expeditionmotorhomes.com\/es\/alquiler-de-consignacion\/\"]}]},{\"@type\":\"BreadcrumbList\",\"@id\":\"https:\/\/expeditionmotorhomes.com\/es\/alquiler-de-consignacion\/#breadcrumb\",\"itemListElement\":[{\"@type\":\"ListItem\",\"position\":1,\"name\":\"Home\",\"item\":\"https:\/\/expeditionmotorhomes.com\/es\/\"},{\"@type\":\"ListItem\",\"position\":2,\"name\":\"Alquiler de consignaci\u00f3n\"}]},{\"@type\":\"WebSite\",\"@id\":\"https:\/\/demo.ezzysales.com\/expedition\/#website\",\"url\":\"https:\/\/demo.ezzysales.com\/expedition\/\",\"name\":\"Expedition Motor Homes\",\"description\":\"\",\"publisher\":{\"@id\":\"https:\/\/demo.ezzysales.com\/expedition\/#organization\"},\"potentialAction\":[{\"@type\":\"SearchAction\",\"target\":{\"@type\":\"EntryPoint\",\"urlTemplate\":\"https:\/\/demo.ezzysales.com\/expedition\/?s={search_term_string}\"},\"query-input\":\"required name=search_term_string\"}],\"inLanguage\":\"es-ES\"},{\"@type\":\"Organization\",\"@id\":\"https:\/\/demo.ezzysales.com\/expedition\/#organization\",\"name\":\"Expedition Motor Homes\",\"url\":\"https:\/\/demo.ezzysales.com\/expedition\/\",\"logo\":{\"@type\":\"ImageObject\",\"inLanguage\":\"es-ES\",\"@id\":\"https:\/\/demo.ezzysales.com\/expedition\/#\/schema\/logo\/image\/\",\"url\":\"\",\"contentUrl\":\"\",\"caption\":\"Expedition Motor Homes\"},\"image\":{\"@id\":\"https:\/\/demo.ezzysales.com\/expedition\/#\/schema\/logo\/image\/\"}}]}<\/script>\n<!-- \/ Yoast SEO plugin. -->","yoast_head_json":{"title":"Alquiler de consignaci\u00f3n - Expedition Motor Homes","robots":{"index":"index","follow":"follow","max-snippet":"max-snippet:-1","max-image-preview":"max-image-preview:large","max-video-preview":"max-video-preview:-1"},"canonical":"https:\/\/expeditionmotorhomes.com\/es\/alquiler-de-consignacion\/","og_locale":"es_ES","og_type":"article","og_title":"Alquiler de consignaci\u00f3n - Expedition Motor Homes","og_description":"Consignaci\u00f3n de alquiler de RV de Los \u00c1ngeles El perfecto...","og_url":"https:\/\/expeditionmotorhomes.com\/es\/alquiler-de-consignacion\/","og_site_name":"Expedition Motor Homes","article_modified_time":"2019-06-25T09:19:44+00:00","twitter_misc":{"Est. reading time":"1 minute"},"schema":{"@context":"https:\/\/schema.org","@graph":[{"@type":"WebPage","@id":"https:\/\/expeditionmotorhomes.com\/es\/alquiler-de-consignacion\/","url":"https:\/\/expeditionmotorhomes.com\/es\/alquiler-de-consignacion\/","name":"Alquiler de consignaci\u00f3n - Expedition Motor Homes","isPartOf":{"@id":"https:\/\/demo.ezzysales.com\/expedition\/#website"},"datePublished":"2019-06-25T09:15:26+00:00","dateModified":"2019-06-25T09:19:44+00:00","breadcrumb":{"@id":"https:\/\/expeditionmotorhomes.com\/es\/alquiler-de-consignacion\/#breadcrumb"},"inLanguage":"es-ES","potentialAction":[{"@type":"ReadAction","target":["https:\/\/expeditionmotorhomes.com\/es\/alquiler-de-consignacion\/"]}]},{"@type":"BreadcrumbList","@id":"https:\/\/expeditionmotorhomes.com\/es\/alquiler-de-consignacion\/#breadcrumb","itemListElement":[{"@type":"ListItem","position":1,"name":"Home","item":"https:\/\/expeditionmotorhomes.com\/es\/"},{"@type":"ListItem","position":2,"name":"Alquiler de consignaci\u00f3n"}]},{"@type":"WebSite","@id":"https:\/\/demo.ezzysales.com\/expedition\/#website","url":"https:\/\/demo.ezzysales.com\/expedition\/","name":"Expedition Motor Homes","description":"","publisher":{"@id":"https:\/\/demo.ezzysales.com\/expedition\/#organization"},"potentialAction":[{"@type":"SearchAction","target":{"@type":"EntryPoint","urlTemplate":"https:\/\/demo.ezzysales.com\/expedition\/?s={search_term_string}"},"query-input":"required name=search_term_string"}],"inLanguage":"es-ES"},{"@type":"Organization","@id":"https:\/\/demo.ezzysales.com\/expedition\/#organization","name":"Expedition Motor Homes","url":"https:\/\/demo.ezzysales.com\/expedition\/","logo":{"@type":"ImageObject","inLanguage":"es-ES","@id":"https:\/\/demo.ezzysales.com\/expedition\/#\/schema\/logo\/image\/","url":"","contentUrl":"","caption":"Expedition Motor Homes"},"image":{"@id":"https:\/\/demo.ezzysales.com\/expedition\/#\/schema\/logo\/image\/"}}]}},"post_mailing_queue_ids":[],"_links":{"self":[{"href":"https:\/\/expeditionmotorhomes.com\/es\/wp-json\/wp\/v2\/pages\/9976","targetHints":{"allow":["GET"]}}],"collection":[{"href":"https:\/\/expeditionmotorhomes.com\/es\/wp-json\/wp\/v2\/pages"}],"about":[{"href":"https:\/\/expeditionmotorhomes.com\/es\/wp-json\/wp\/v2\/types\/page"}],"author":[{"embeddable":true,"href":"https:\/\/expeditionmotorhomes.com\/es\/wp-json\/wp\/v2\/users\/15"}],"replies":[{"embeddable":true,"href":"https:\/\/expeditionmotorhomes.com\/es\/wp-json\/wp\/v2\/comments?post=9976"}],"version-history":[{"count":2,"href":"https:\/\/expeditionmotorhomes.com\/es\/wp-json\/wp\/v2\/pages\/9976\/revisions"}],"predecessor-version":[{"id":9980,"href":"https:\/\/expeditionmotorhomes.com\/es\/wp-json\/wp\/v2\/pages\/9976\/revisions\/9980"}],"wp:attachment":[{"href":"https:\/\/expeditionmotorhomes.com\/es\/wp-json\/wp\/v2\/media?parent=9976"}],"curies":[{"name":"wp","href":"https:\/\/api.w.org\/{rel}","templated":true}]}}